{"id":862,"date":"2025-05-24T13:44:06","date_gmt":"2025-05-24T11:44:06","guid":{"rendered":"https:\/\/starter.stage.shop-it.at\/?page_id=862"},"modified":"2025-10-23T15:21:37","modified_gmt":"2025-10-23T13:21:37","slug":"startseite","status":"publish","type":"page","link":"https:\/\/www.regionalis.shop\/allerlei-schoenes-sissy-staudenmayer\/","title":{"rendered":"Startseite"},"content":{"rendered":"<section>\n        <div class=\"header-image\">\n            <img decoding=\"async\" src=\"https:\/\/www.regionalis.shop\/app\/uploads\/sites\/14\/3254_2023_03_15_06_49_35_554702647.png\" alt=\"\">\n        <\/div>\n    \n    <\/section>\n    <section>\n    <div class=\"header-title\">\n        <h1 class=\"h2\">Willkommen bei Allerlei Sch\u00f6nes &#8211; Sissy Staudenmayer<\/h1>\n    <\/div>\n            <h2 class=\"h3\">Handgemacht in Wien<\/h2>\n                <p>Seit \u00fcber 20 Jahren besch\u00e4ftige ich mich mit dem Werkstoff Glas und stelle Perlen und kleine Gegenst\u00e4nde her. Diese verarbeite ich zu Schmuck, Accessoires, Deko und kleinen Geschenken.<br \/>\nSeit kurzem arbeite ich auch mit Stoff und es entstehen fr\u00f6hlich bunte Deko-Objekte.<\/p>\n\n    \n    <h3>Produkte<\/h3>\n\n    <div class=\"woocommerce columns-3 \"><ul class=\"products columns-3\">\n<li class=\"product type-product post-1068 status-publish first instock product_cat-wohndekoration product_cat-wohnen-deko has-post-thumbnail purchasable product-type-simple\">\n\t<a href=\"https:\/\/www.regionalis.shop\/allerlei-schoenes-sissy-staudenmayer\/shop\/osterdeko-henderl-aus-stoff-weiss-bunt-gebluemt\/\" class=\"woocommerce-LoopProduct-link woocommerce-loop-product__link\"><div class=\"wc-block-grid__product-image\"><img loading=\"lazy\" decoding=\"async\" width=\"1024\" height=\"1024\" src=\"https:\/\/www.regionalis.shop\/app\/uploads\/sites\/14\/3254_2023_03_19_14_58_19_487613082.jpg\" class=\"attachment-large size-large\" alt=\"Osterdeko Henderl aus Stoff - wei\u00df\/bunt gebl\u00fcmt\" srcset=\"https:\/\/www.regionalis.shop\/app\/uploads\/sites\/14\/3254_2023_03_19_14_58_19_487613082.jpg 1024w, https:\/\/www.regionalis.shop\/app\/uploads\/sites\/14\/3254_2023_03_19_14_58_19_487613082-300x300.jpg 300w, https:\/\/www.regionalis.shop\/app\/uploads\/sites\/14\/3254_2023_03_19_14_58_19_487613082-150x150.jpg 150w, https:\/\/www.regionalis.shop\/app\/uploads\/sites\/14\/3254_2023_03_19_14_58_19_487613082-768x768.jpg 768w, https:\/\/www.regionalis.shop\/app\/uploads\/sites\/14\/3254_2023_03_19_14_58_19_487613082-600x600.jpg 600w, https:\/\/www.regionalis.shop\/app\/uploads\/sites\/14\/3254_2023_03_19_14_58_19_487613082-100x100.jpg 100w\" sizes=\"auto, (max-width: 1024px) 100vw, 1024px\" \/><\/div><h2 class=\"woocommerce-loop-product__title\">Osterdeko Henderl aus Stoff &#8211; wei\u00df\/bunt gebl\u00fcmt<\/h2>\n\t<span class=\"price\"><span class=\"woocommerce-Price-amount amount\"><bdi>6,00&nbsp;<span class=\"woocommerce-Price-currencySymbol\">&euro;<\/span><\/bdi><\/span><\/span>\n<\/a><\/li>\n<li class=\"product type-product post-1066 status-publish instock product_cat-wohndekoration product_cat-wohnen-deko has-post-thumbnail purchasable product-type-simple\">\n\t<a href=\"https:\/\/www.regionalis.shop\/allerlei-schoenes-sissy-staudenmayer\/shop\/osterdeko-henderl-aus-stoff-hellblau-weiss-getupft\/\" class=\"woocommerce-LoopProduct-link woocommerce-loop-product__link\"><div class=\"wc-block-grid__product-image\"><img loading=\"lazy\" decoding=\"async\" width=\"1024\" height=\"1024\" src=\"https:\/\/www.regionalis.shop\/app\/uploads\/sites\/14\/3254_2023_03_19_14_59_26_249678776.jpg\" class=\"attachment-large size-large\" alt=\"Osterdeko  Henderl aus Stoff - hellblau\/wei\u00df getupft\" srcset=\"https:\/\/www.regionalis.shop\/app\/uploads\/sites\/14\/3254_2023_03_19_14_59_26_249678776.jpg 1024w, https:\/\/www.regionalis.shop\/app\/uploads\/sites\/14\/3254_2023_03_19_14_59_26_249678776-300x300.jpg 300w, https:\/\/www.regionalis.shop\/app\/uploads\/sites\/14\/3254_2023_03_19_14_59_26_249678776-150x150.jpg 150w, https:\/\/www.regionalis.shop\/app\/uploads\/sites\/14\/3254_2023_03_19_14_59_26_249678776-768x768.jpg 768w, https:\/\/www.regionalis.shop\/app\/uploads\/sites\/14\/3254_2023_03_19_14_59_26_249678776-600x600.jpg 600w, https:\/\/www.regionalis.shop\/app\/uploads\/sites\/14\/3254_2023_03_19_14_59_26_249678776-100x100.jpg 100w\" sizes=\"auto, (max-width: 1024px) 100vw, 1024px\" \/><\/div><h2 class=\"woocommerce-loop-product__title\">Osterdeko  Henderl aus Stoff &#8211; hellblau\/wei\u00df getupft<\/h2>\n\t<span class=\"price\"><span class=\"woocommerce-Price-amount amount\"><bdi>6,00&nbsp;<span class=\"woocommerce-Price-currencySymbol\">&euro;<\/span><\/bdi><\/span><\/span>\n<\/a><\/li>\n<li class=\"product type-product post-1064 status-publish last instock product_cat-wohndekoration product_cat-wohnen-deko has-post-thumbnail purchasable product-type-simple\">\n\t<a href=\"https:\/\/www.regionalis.shop\/allerlei-schoenes-sissy-staudenmayer\/shop\/osterdeko-henderl-aus-stoff-lila-gemustert\/\" class=\"woocommerce-LoopProduct-link woocommerce-loop-product__link\"><div class=\"wc-block-grid__product-image\"><img loading=\"lazy\" decoding=\"async\" width=\"1024\" height=\"1024\" src=\"https:\/\/www.regionalis.shop\/app\/uploads\/sites\/14\/3254_2023_03_19_15_00_38_739404192.jpg\" class=\"attachment-large size-large\" alt=\"Osterdeko Henderl aus Stoff - lila gemustert\" srcset=\"https:\/\/www.regionalis.shop\/app\/uploads\/sites\/14\/3254_2023_03_19_15_00_38_739404192.jpg 1024w, https:\/\/www.regionalis.shop\/app\/uploads\/sites\/14\/3254_2023_03_19_15_00_38_739404192-300x300.jpg 300w, https:\/\/www.regionalis.shop\/app\/uploads\/sites\/14\/3254_2023_03_19_15_00_38_739404192-150x150.jpg 150w, https:\/\/www.regionalis.shop\/app\/uploads\/sites\/14\/3254_2023_03_19_15_00_38_739404192-768x768.jpg 768w, https:\/\/www.regionalis.shop\/app\/uploads\/sites\/14\/3254_2023_03_19_15_00_38_739404192-600x600.jpg 600w, https:\/\/www.regionalis.shop\/app\/uploads\/sites\/14\/3254_2023_03_19_15_00_38_739404192-100x100.jpg 100w\" sizes=\"auto, (max-width: 1024px) 100vw, 1024px\" \/><\/div><h2 class=\"woocommerce-loop-product__title\">Osterdeko Henderl aus Stoff &#8211; lila gemustert<\/h2>\n\t<span class=\"price\"><span class=\"woocommerce-Price-amount amount\"><bdi>6,00&nbsp;<span class=\"woocommerce-Price-currencySymbol\">&euro;<\/span><\/bdi><\/span><\/span>\n<\/a><\/li>\n<\/ul>\n<\/div>\n    <p>\n        <a href=\"https:\/\/www.regionalis.shop\/allerlei-schoenes-sissy-staudenmayer\/shop\/\" class=\"btn btn-primary btn-icon-right\">\n            Alle Produkte <i class=\"bi bi-arrow-right-short\"><\/i>\n        <\/a>\n    <\/p>\n<\/section>\n\n<div data-block-name=\"woocommerce\/store-notices\" class=\"wc-block-store-notices woocommerce alignwide alignwide wp-block-woocommerce-store-notices\"><div class=\"woocommerce-notices-wrapper\"><\/div><\/div>","protected":false},"excerpt":{"rendered":"","protected":false},"author":1,"featured_media":0,"parent":0,"menu_order":0,"comment_status":"closed","ping_status":"closed","template":"template-home.blade.php","meta":{"_acf_changed":false,"footnotes":""},"class_list":["post-862","page","type-page","status-publish","hentry"],"acf":[],"_links":{"self":[{"href":"https:\/\/www.regionalis.shop\/allerlei-schoenes-sissy-staudenmayer\/wp-json\/wp\/v2\/pages\/862","targetHints":{"allow":["GET"]}}],"collection":[{"href":"https:\/\/www.regionalis.shop\/allerlei-schoenes-sissy-staudenmayer\/wp-json\/wp\/v2\/pages"}],"about":[{"href":"https:\/\/www.regionalis.shop\/allerlei-schoenes-sissy-staudenmayer\/wp-json\/wp\/v2\/types\/page"}],"author":[{"embeddable":true,"href":"https:\/\/www.regionalis.shop\/allerlei-schoenes-sissy-staudenmayer\/wp-json\/wp\/v2\/users\/1"}],"replies":[{"embeddable":true,"href":"https:\/\/www.regionalis.shop\/allerlei-schoenes-sissy-staudenmayer\/wp-json\/wp\/v2\/comments?post=862"}],"version-history":[{"count":28,"href":"https:\/\/www.regionalis.shop\/allerlei-schoenes-sissy-staudenmayer\/wp-json\/wp\/v2\/pages\/862\/revisions"}],"predecessor-version":[{"id":1041,"href":"https:\/\/www.regionalis.shop\/allerlei-schoenes-sissy-staudenmayer\/wp-json\/wp\/v2\/pages\/862\/revisions\/1041"}],"wp:attachment":[{"href":"https:\/\/www.regionalis.shop\/allerlei-schoenes-sissy-staudenmayer\/wp-json\/wp\/v2\/media?parent=862"}],"curies":[{"name":"wp","href":"https:\/\/api.w.org\/{rel}","templated":true}]}}