{"id":1058,"date":"2025-04-18T10:20:16","date_gmt":"2025-04-18T08:20:16","guid":{"rendered":"https:\/\/www.regionalis.shop\/allerlei-schoenes-sissy-staudenmayer\/product\/osterdeko-hase-aus-stoff-weiss-mit-kleinen-bluemchen\/"},"modified":"2025-04-18T10:20:16","modified_gmt":"2025-04-18T08:20:16","slug":"osterdeko-hase-aus-stoff-weiss-mit-kleinen-bluemchen","status":"publish","type":"product","link":"https:\/\/www.regionalis.shop\/allerlei-schoenes-sissy-staudenmayer\/shop\/osterdeko-hase-aus-stoff-weiss-mit-kleinen-bluemchen\/","title":{"rendered":"Osterdeko Hase aus Stoff &#8211; wei\u00df mit kleinen Bl\u00fcmchen"},"content":{"rendered":"<p>Oster-Hase aus Stoff zum Aufh\u00e4ngen, ca 12 cm breit, 12 cm breit (ohne Aufh\u00e4nger gemessen), Mascherl mit Gl\u00f6ckchen und Bommelschw\u00e4nzchen. Aufh\u00e4ngeschlaufe aus gewachster Baumwolle.<\/p>\n","protected":false},"excerpt":{"rendered":"<p>Oster-Hase aus Stoff zum Aufh\u00e4ngen, ca 12 cm breit, 12 cm breit (ohne Aufh\u00e4nger gemessen), Mascherl mit Gl\u00f6ckchen und Bommelschw\u00e4nzchen. Aufh\u00e4ngeschlaufe aus gewachster Baumwolle.<\/p>\n","protected":false},"featured_media":1059,"template":"","meta":{"_acf_changed":false},"product_brand":[],"product_cat":[174,103],"product_tag":[],"class_list":{"0":"post-1058","1":"product","2":"type-product","3":"status-publish","4":"has-post-thumbnail","6":"product_cat-wohndekoration","7":"product_cat-wohnen-deko","9":"first","10":"instock","11":"purchasable","12":"product-type-simple"},"acf":[],"_links":{"self":[{"href":"https:\/\/www.regionalis.shop\/allerlei-schoenes-sissy-staudenmayer\/wp-json\/wp\/v2\/product\/1058","targetHints":{"allow":["GET"]}}],"collection":[{"href":"https:\/\/www.regionalis.shop\/allerlei-schoenes-sissy-staudenmayer\/wp-json\/wp\/v2\/product"}],"about":[{"href":"https:\/\/www.regionalis.shop\/allerlei-schoenes-sissy-staudenmayer\/wp-json\/wp\/v2\/types\/product"}],"wp:featuredmedia":[{"embeddable":true,"href":"https:\/\/www.regionalis.shop\/allerlei-schoenes-sissy-staudenmayer\/wp-json\/wp\/v2\/media\/1059"}],"wp:attachment":[{"href":"https:\/\/www.regionalis.shop\/allerlei-schoenes-sissy-staudenmayer\/wp-json\/wp\/v2\/media?parent=1058"}],"wp:term":[{"taxonomy":"product_brand","embeddable":true,"href":"https:\/\/www.regionalis.shop\/allerlei-schoenes-sissy-staudenmayer\/wp-json\/wp\/v2\/product_brand?post=1058"},{"taxonomy":"product_cat","embeddable":true,"href":"https:\/\/www.regionalis.shop\/allerlei-schoenes-sissy-staudenmayer\/wp-json\/wp\/v2\/product_cat?post=1058"},{"taxonomy":"product_tag","embeddable":true,"href":"https:\/\/www.regionalis.shop\/allerlei-schoenes-sissy-staudenmayer\/wp-json\/wp\/v2\/product_tag?post=1058"}],"curies":[{"name":"wp","href":"https:\/\/api.w.org\/{rel}","templated":true}]}}