{"id":1070,"date":"2025-04-18T10:19:33","date_gmt":"2025-04-18T08:19:33","guid":{"rendered":"https:\/\/www.regionalis.shop\/allerlei-schoenes-sissy-staudenmayer\/product\/osterdeko-henderl-aus-stoff-lila-weiss-getupft\/"},"modified":"2025-04-18T10:19:33","modified_gmt":"2025-04-18T08:19:33","slug":"osterdeko-henderl-aus-stoff-lila-weiss-getupft","status":"publish","type":"product","link":"https:\/\/www.regionalis.shop\/allerlei-schoenes-sissy-staudenmayer\/shop\/osterdeko-henderl-aus-stoff-lila-weiss-getupft\/","title":{"rendered":"Osterdeko Henderl aus Stoff &#8211; lila\/wei\u00df getupft"},"content":{"rendered":"<p>Oster-Henderl aus Stoff zum Aufh\u00e4ngen, Kamm und Schnabel aus Filz, 12 cm breit, 9 cm hoch (mit den Beinen ca 16 cm hoch). Aufh\u00e4ngeschlaufe aus gewachster Baumwolle.<\/p>\n","protected":false},"excerpt":{"rendered":"<p>Oster-Henderl aus Stoff zum Aufh\u00e4ngen, Kamm und Schnabel aus Filz, 12 cm breit, 9 cm hoch (mit den Beinen ca 16 cm hoch). Aufh\u00e4ngeschlaufe aus gewachster Baumwolle.<\/p>\n","protected":false},"featured_media":1071,"template":"","meta":{"_acf_changed":false},"product_brand":[],"product_cat":[174,103],"product_tag":[],"class_list":{"0":"post-1070","1":"product","2":"type-product","3":"status-publish","4":"has-post-thumbnail","6":"product_cat-wohndekoration","7":"product_cat-wohnen-deko","9":"first","10":"instock","11":"purchasable","12":"product-type-simple"},"acf":[],"_links":{"self":[{"href":"https:\/\/www.regionalis.shop\/allerlei-schoenes-sissy-staudenmayer\/wp-json\/wp\/v2\/product\/1070","targetHints":{"allow":["GET"]}}],"collection":[{"href":"https:\/\/www.regionalis.shop\/allerlei-schoenes-sissy-staudenmayer\/wp-json\/wp\/v2\/product"}],"about":[{"href":"https:\/\/www.regionalis.shop\/allerlei-schoenes-sissy-staudenmayer\/wp-json\/wp\/v2\/types\/product"}],"wp:featuredmedia":[{"embeddable":true,"href":"https:\/\/www.regionalis.shop\/allerlei-schoenes-sissy-staudenmayer\/wp-json\/wp\/v2\/media\/1071"}],"wp:attachment":[{"href":"https:\/\/www.regionalis.shop\/allerlei-schoenes-sissy-staudenmayer\/wp-json\/wp\/v2\/media?parent=1070"}],"wp:term":[{"taxonomy":"product_brand","embeddable":true,"href":"https:\/\/www.regionalis.shop\/allerlei-schoenes-sissy-staudenmayer\/wp-json\/wp\/v2\/product_brand?post=1070"},{"taxonomy":"product_cat","embeddable":true,"href":"https:\/\/www.regionalis.shop\/allerlei-schoenes-sissy-staudenmayer\/wp-json\/wp\/v2\/product_cat?post=1070"},{"taxonomy":"product_tag","embeddable":true,"href":"https:\/\/www.regionalis.shop\/allerlei-schoenes-sissy-staudenmayer\/wp-json\/wp\/v2\/product_tag?post=1070"}],"curies":[{"name":"wp","href":"https:\/\/api.w.org\/{rel}","templated":true}]}}