{"id":1042,"date":"2025-10-23T16:14:07","date_gmt":"2025-10-23T14:14:07","guid":{"rendered":"https:\/\/www.regionalis.shop\/alte-faeden\/?page_id=1042"},"modified":"2025-12-09T08:25:13","modified_gmt":"2025-12-09T07:25:13","slug":"impressum","status":"publish","type":"page","link":"https:\/\/www.regionalis.shop\/alte-faeden\/impressum\/","title":{"rendered":"Impressum"},"content":{"rendered":"\n<h3 class=\"wp-block-heading\">Informationspflicht lt. \u00a75 E-Commerce Gesetz, \u00a714 Unternehmensgesetzbuch bzw. \u00a763 Gewerbeordnung und Offenlegungspflicht lt. \u00a725 Mediengesetz<\/h3>\n\n\n\n<p>Diese Website stellt Informationen zu Produkten und Leistungen von \u201eAlte F\u00e4den \u2013 Historische Stickerei und Textile Accessoires\u201c (Inhaberin Eva-Maria Mair) bereit.<\/p>\n\n\n\n<h4 class=\"wp-block-heading\">Firmendaten<\/h4>\n\n\n\n<figure class=\"wp-block-image\"><a href=\"https:\/\/www.wkoecg.at\/Web\/Ecg.aspx?FirmaID=c577e862-f65f-4f2f-bd3e-0747f582d5cf\"><img decoding=\"async\" src=\"https:\/\/www.altefaeden.at\/wp-content\/uploads\/2019\/12\/ecg.png\" alt=\"\" class=\"wp-image-414\" \/><\/a><\/figure>\n\n\n\n<p><strong>Firmenname<\/strong>&nbsp;Eva-Maria Mair<br><strong>Standortbezeichnung<\/strong>&nbsp;Alte F\u00e4den \u2013 Historische Stickerei &amp; Textile Accessoires<br><strong>Adresse<\/strong>&nbsp;Trins 182\/2, 6152 Trins, \u00d6sterreich<br><strong>Rechtsform<\/strong>&nbsp;Einzelunternehmer<br><strong>GLN (der \u00f6ffentlichen Verwaltung)<\/strong>&nbsp;9110028087615<br><strong>Sonstige Informationen nach \u00a714 UGB<\/strong>&nbsp;nicht vorhanden<br><strong>Telefon<\/strong>&nbsp;0043 6645172150<br><strong>Mobiltelefon<\/strong>&nbsp;0043 664 5172150<br><strong>Web<\/strong>&nbsp;<a rel=\"noreferrer noopener\" href=\"https:\/\/www.altefaeden.at\/\" target=\"_blank\">https:\/\/www.altefaeden.at<\/a><br><strong>E-Mail<\/strong>&nbsp;<a rel=\"noreferrer noopener\" href=\"mailto:ko*****@********en.at\" target=\"_blank\">kontakt@altefaeden.at<\/a><br><strong>Anwendbare Rechtsvorschriften<\/strong>&nbsp;<a rel=\"noreferrer noopener\" href=\"https:\/\/www.ris.bka.gv.at\/\" target=\"_blank\">https:\/\/www.ris.bka.gv.at<\/a>\/<br><strong>Weitere Aufsichtsbeh\u00f6rde (gem. ECG)<\/strong>&nbsp;Bezirkshauptmannschaft Innsbruck Land<br><strong>GISA-Zahl:<\/strong>&nbsp;3209519<br><a href=\"https:\/\/www.wko.at\/branchen\/t\/gewerbe-handwerk\/kunsthandwerke\/start.html?shorturl=wkoat_tirol_kunsthandwerk\"><strong>Mitglied der Wirtschaftskammer Tirol<\/strong>, Innung der Kunsthandwerke<\/a><br><strong>Umsatzsteuerbefreit<\/strong>&nbsp;\u2013 Kleinunternehmer gem. \u00a7 6 Abs. 1 Z 27 UStG<\/p>\n\n\n\n<h4 class=\"wp-block-heading\">Offenlegung nach Mediengesetz<\/h4>\n\n\n\n<p><strong>Medieninhaber<\/strong>&nbsp;Eva-Maria Mair<br><strong>Firmensitz&nbsp;<\/strong>6152 Trins, \u00d6sterreich<br><strong>Unternehmensgegenstand<\/strong>&nbsp;Erzeugung von kunstgewerblichen Zier- und Schmuckgegenst\u00e4nden aus unedlen Metallen, Draht, Gips, Beton, Holz, Horn, Kunststoff, Leder, textilen Materialien, Stroh, Papier und Glaselementen, Gem\u00fcse und Obst sowie durch F\u00e4deln von Edelsteinen, Silber-, Glas-, Kunststoff- und Filzelementen und das Bemalen und das Verzieren von Holz, Keramik, Porzellan, Seide, Textilien, Billets und Wachswaren<\/p>\n\n\n\n<h4 class=\"wp-block-heading\">Disclaimer<\/h4>\n\n\n\n<p>Diese Webseite enth\u00e4lt Links zu anderen Websites oder Social Media Sites. Wenn Sie auf einen solchen Link klicken, der zu Websites von Dritten f\u00fchrt, ist zu beachten, dass diese Websites eigene Datenschutzbestimmungen haben. Bitte \u00fcberpr\u00fcfen Sie die Datenschutzbestimmungen bei Verwendung dieser Websites, da wir keine wie immer geartete Verantwortung oder Haftung f\u00fcr Websites von Dritten \u00fcbernehmen.<\/p>\n\n\n\n<p>Wir betonen ausdr\u00fccklich, dass wir keinerlei Einfluss auf die Gestaltung und die Inhalte extern gelinkter Seiten haben. F\u00fcr die Inhalte, zu denen verlinkt wird, sind die Anbieter der jeweiligen Webseiten selbst verantwortlich. Deshalb distanzieren wir uns hiermit von allen Inhalten solcher gelinkten externen Seiten und machen uns deren Inhalt nicht zu eigen.<\/p>\n\n\n\n<p>Dar\u00fcber hinaus distanzieren wir uns hiermit von rechtsradikalen Gesinnungen und sonstigen \u00f6ffentlichkeitsst\u00f6renden Einstellungen.<\/p>\n\n\n\n<h4 class=\"wp-block-heading\">Copyright<\/h4>\n\n\n\n<p>S\u00e4mtliche Bilder und Texte unterliegen dem Copyright des Urhebers. Eine Weiterverwendung der Fotos ist daher nur mit dem&nbsp;<strong>schriftlichen Einverst\u00e4ndnis des Urhebers&nbsp;<\/strong>genehmigt.<\/p>\n\n\n\n<p><\/p>\n","protected":false},"excerpt":{"rendered":"<p>Informationspflicht lt. \u00a75 E-Commerce Gesetz, \u00a714 Unternehmensgesetzbuch bzw. \u00a763 Gewerbeordnung und Offenlegungspflicht lt. \u00a725 Mediengesetz Diese Website stellt Informationen zu Produkten und Leistungen von \u201eAlte F\u00e4den \u2013 Historische Stickerei und Textile Accessoires\u201c (Inhaberin Eva-Maria Mair) bereit. Firmendaten Firmenname&nbsp;Eva-Maria MairStandortbezeichnung&nbsp;Alte F\u00e4den \u2013 Historische Stickerei &amp; Textile AccessoiresAdresse&nbsp;Trins 182\/2, 6152 Trins, \u00d6sterreichRechtsform&nbsp;EinzelunternehmerGLN (der \u00f6ffentlichen Verwaltung)&nbsp;9110028087615Sonstige Informationen nach &hellip; <a href=\"https:\/\/www.regionalis.shop\/alte-faeden\/impressum\/\">Continued<\/a><\/p>\n","protected":false},"author":1,"featured_media":0,"parent":0,"menu_order":0,"comment_status":"closed","ping_status":"closed","template":"","meta":{"_acf_changed":false,"footnotes":""},"class_list":["post-1042","page","type-page","status-publish","hentry"],"acf":[],"_links":{"self":[{"href":"https:\/\/www.regionalis.shop\/alte-faeden\/wp-json\/wp\/v2\/pages\/1042","targetHints":{"allow":["GET"]}}],"collection":[{"href":"https:\/\/www.regionalis.shop\/alte-faeden\/wp-json\/wp\/v2\/pages"}],"about":[{"href":"https:\/\/www.regionalis.shop\/alte-faeden\/wp-json\/wp\/v2\/types\/page"}],"author":[{"embeddable":true,"href":"https:\/\/www.regionalis.shop\/alte-faeden\/wp-json\/wp\/v2\/users\/1"}],"replies":[{"embeddable":true,"href":"https:\/\/www.regionalis.shop\/alte-faeden\/wp-json\/wp\/v2\/comments?post=1042"}],"version-history":[{"count":5,"href":"https:\/\/www.regionalis.shop\/alte-faeden\/wp-json\/wp\/v2\/pages\/1042\/revisions"}],"predecessor-version":[{"id":1205,"href":"https:\/\/www.regionalis.shop\/alte-faeden\/wp-json\/wp\/v2\/pages\/1042\/revisions\/1205"}],"wp:attachment":[{"href":"https:\/\/www.regionalis.shop\/alte-faeden\/wp-json\/wp\/v2\/media?parent=1042"}],"curies":[{"name":"wp","href":"https:\/\/api.w.org\/{rel}","templated":true}]}}