{"id":1052,"date":"2025-04-18T10:35:04","date_gmt":"2025-04-18T08:35:04","guid":{"rendered":"https:\/\/www.regionalis.shop\/alte-faeden\/product\/trachtenschmuck-mit-kleinen-bluemchen-handgestickt-mit-echter-seide\/"},"modified":"2025-10-30T10:48:18","modified_gmt":"2025-10-30T09:48:18","slug":"trachtenschmuck-mit-kleinen-bluemchen-handgestickt-mit-echter-seide","status":"publish","type":"product","link":"https:\/\/www.regionalis.shop\/alte-faeden\/shop\/trachtenschmuck-mit-kleinen-bluemchen-handgestickt-mit-echter-seide\/","title":{"rendered":"Trachtenschmuck mit kleinen Bl\u00fcmchen, handgestickt mit echter Seide"},"content":{"rendered":"<ul>\n<li>handgestickt mit echten pflanzlich gef\u00e4rbten Seidenf\u00e4den auf schwarzem Satinstoff mit Paisleymuster;<\/li>\n<li>Farbe der Bl\u00fcmchen w\u00e4hlbar (Rott\u00f6ne bzw. Lilat\u00f6ne)<\/li>\n<li>Durchmesser: 2,5 cm<\/li>\n<li>inklusive Lederband mit Verschluss (L\u00e4nge verstellbar von 45 &#8211; 49 cm)<\/li>\n<li>Bilder sind Beispielbilder &#8211; jedes St\u00fcck ist ein Unikat!<\/li>\n<li>Passt perfekt zum Dirndl oder der Trachtenbluse!<\/li>\n<\/ul>\n","protected":false},"excerpt":{"rendered":"<p>Silberfarbener Kettenanh\u00e4nger mit Streubl\u00fcmchen.<\/p>\n","protected":false},"featured_media":1053,"template":"","meta":{"_acf_changed":false},"product_brand":[],"product_cat":[108,70],"product_tag":[],"class_list":{"0":"post-1052","1":"product","2":"type-product","3":"status-publish","4":"has-post-thumbnail","6":"product_cat-anhaenger","7":"product_cat-schmuck","9":"first","10":"instock","11":"purchasable","12":"product-type-simple"},"acf":[],"_links":{"self":[{"href":"https:\/\/www.regionalis.shop\/alte-faeden\/wp-json\/wp\/v2\/product\/1052","targetHints":{"allow":["GET"]}}],"collection":[{"href":"https:\/\/www.regionalis.shop\/alte-faeden\/wp-json\/wp\/v2\/product"}],"about":[{"href":"https:\/\/www.regionalis.shop\/alte-faeden\/wp-json\/wp\/v2\/types\/product"}],"wp:featuredmedia":[{"embeddable":true,"href":"https:\/\/www.regionalis.shop\/alte-faeden\/wp-json\/wp\/v2\/media\/1053"}],"wp:attachment":[{"href":"https:\/\/www.regionalis.shop\/alte-faeden\/wp-json\/wp\/v2\/media?parent=1052"}],"wp:term":[{"taxonomy":"product_brand","embeddable":true,"href":"https:\/\/www.regionalis.shop\/alte-faeden\/wp-json\/wp\/v2\/product_brand?post=1052"},{"taxonomy":"product_cat","embeddable":true,"href":"https:\/\/www.regionalis.shop\/alte-faeden\/wp-json\/wp\/v2\/product_cat?post=1052"},{"taxonomy":"product_tag","embeddable":true,"href":"https:\/\/www.regionalis.shop\/alte-faeden\/wp-json\/wp\/v2\/product_tag?post=1052"}],"curies":[{"name":"wp","href":"https:\/\/api.w.org\/{rel}","templated":true}]}}