{"id":1056,"date":"2025-04-18T09:51:00","date_gmt":"2025-04-18T07:51:00","guid":{"rendered":"https:\/\/www.regionalis.shop\/alte-faeden\/product\/diy-kit-gestickter-drachenanhaenger-diy-kit-opus-anglicanum-pendant\/"},"modified":"2025-12-10T08:19:55","modified_gmt":"2025-12-10T07:19:55","slug":"diy-kit-gestickter-drachenanhaenger-diy-kit-opus-anglicanum-pendant","status":"publish","type":"product","link":"https:\/\/www.regionalis.shop\/alte-faeden\/shop\/diy-kit-gestickter-drachenanhaenger-diy-kit-opus-anglicanum-pendant\/","title":{"rendered":"DIY-Kit &#8222;gestickter Drachenanh\u00e4nger&#8220; \/ DIY kit &#8222;Opus Anglicanum Pendant&#8220;"},"content":{"rendered":"<ul>\n<li>kl. Stickrahmen aus Bambus<\/li>\n<li>15 x 15 cm wei\u00dfer Leinenstoff<\/li>\n<li>100% pflanzlich gef\u00e4rbte Stickseide auf Plastikk\u00e4rtchen (7 Farben)<\/li>\n<li>1 spitze Sticknadel<\/li>\n<li>Mini-Stickrahmen\/Anh\u00e4nger aus Holz inkl. R\u00fcckenabdeckung und 45 cm Lederband mit Verschluss sowie Leinenfaden zum Raffen d. Stickerei<\/li>\n<li>englischsprachige Brosch\u00fcre mit Motiv und Schritt-f\u00fcr-Schritt Anleitung zur Fertigung der Drachenstickerei in Opus Anglicanum-Technik (n\u00f6tige Stickkenntnisse &#8211; leicht fortgeschritten)<\/li>\n<\/ul>\n<p><em>Zus\u00e4tzlich ben\u00f6tigt wird Klebstoff zum Zusammenbauen des Anh\u00e4ngers. <\/em><em>Bilder sind Beispielbilder &#8211; die Farbt\u00f6ne der pflanzlich gef\u00e4rbten Seidenf\u00e4den k\u00f6nnen abweichen!<\/em><\/p>\n<p>&nbsp;<\/p>\n<h3><strong>DIY Box for Medieval-style wooden pendant with a dragon.<\/strong><\/h3>\n<p>The embroidery kit features all the materials you need for the project as well as a printed step-by-step guide.<\/p>\n<ul>\n<li>small bamboo wood embroidery hoop<\/li>\n<li>15 x 15 cm white linen fabric<\/li>\n<li>100% plant-dyed embroidery floss on plastic cards (7 colours)<\/li>\n<li>1 fine embroidery needle<\/li>\n<li>mini wooden embroidery hoop\/pendant incl. back cover and 45 cm leather strap with fastener and linen thread for gathering the embroidery<\/li>\n<li>English brochure with motif and step-by-step instructions for making the dragon embroidery using the Opus Anglicanum technique (embroidery skills required &#8211; slightly advanced)<\/li>\n<\/ul>\n<p><em>Additionally, glue is required to assemble the pendant. <\/em><em>The pictures are for reference &#8211; the colors of the plant-dyed silk threads might vary!<\/em><\/p>\n","protected":false},"excerpt":{"rendered":"<p>Dieses <strong>DIY-Set f\u00fcr einen handgestickten Anh\u00e4nger mit Drachenmotiv<\/strong> in mittelalterlicher Nadelmalerei (Opus Anglicanum) enth\u00e4lt alles, was er zur Herstellung des Holzanh\u00e4ngers ben\u00f6tigt.<\/p>\n","protected":false},"featured_media":1057,"template":"","meta":{"_acf_changed":false},"product_brand":[],"product_cat":[39,40],"product_tag":[],"class_list":{"0":"post-1056","1":"product","2":"type-product","3":"status-publish","4":"has-post-thumbnail","6":"product_cat-diy-bastelsets","7":"product_cat-diy-sets","9":"first","10":"instock","11":"purchasable","12":"product-type-simple"},"acf":[],"_links":{"self":[{"href":"https:\/\/www.regionalis.shop\/alte-faeden\/wp-json\/wp\/v2\/product\/1056","targetHints":{"allow":["GET"]}}],"collection":[{"href":"https:\/\/www.regionalis.shop\/alte-faeden\/wp-json\/wp\/v2\/product"}],"about":[{"href":"https:\/\/www.regionalis.shop\/alte-faeden\/wp-json\/wp\/v2\/types\/product"}],"wp:featuredmedia":[{"embeddable":true,"href":"https:\/\/www.regionalis.shop\/alte-faeden\/wp-json\/wp\/v2\/media\/1057"}],"wp:attachment":[{"href":"https:\/\/www.regionalis.shop\/alte-faeden\/wp-json\/wp\/v2\/media?parent=1056"}],"wp:term":[{"taxonomy":"product_brand","embeddable":true,"href":"https:\/\/www.regionalis.shop\/alte-faeden\/wp-json\/wp\/v2\/product_brand?post=1056"},{"taxonomy":"product_cat","embeddable":true,"href":"https:\/\/www.regionalis.shop\/alte-faeden\/wp-json\/wp\/v2\/product_cat?post=1056"},{"taxonomy":"product_tag","embeddable":true,"href":"https:\/\/www.regionalis.shop\/alte-faeden\/wp-json\/wp\/v2\/product_tag?post=1056"}],"curies":[{"name":"wp","href":"https:\/\/api.w.org\/{rel}","templated":true}]}}