{"id":1066,"date":"2025-04-18T07:56:53","date_gmt":"2025-04-18T05:56:53","guid":{"rendered":"https:\/\/www.regionalis.shop\/alte-faeden\/product\/pdf-stickmuster-fuer-historische-zaehlstickerei-brick-stitch-embroidery\/"},"modified":"2025-10-30T14:34:10","modified_gmt":"2025-10-30T13:34:10","slug":"pdf-stickmuster-fuer-historische-zaehlstickerei-brick-stitch-embroidery","status":"publish","type":"product","link":"https:\/\/www.regionalis.shop\/alte-faeden\/shop\/pdf-stickmuster-fuer-historische-zaehlstickerei-brick-stitch-embroidery\/","title":{"rendered":"PDF-Stickmuster f\u00fcr historische Z\u00e4hlstickerei (Brick Stitch Embroidery)"},"content":{"rendered":"<p>Dieser monochrome Vogel ist ein Beispiel f\u00fcr mittelalterliche\u00a0<strong>Z\u00e4hlstickerei\u00a0<\/strong>(auch\u00a0<strong>Ziegelstich-Stickerei<\/strong> bzw. German Brick Stitch Embroidery genannt). In meinem digitalen Stickmuster findest du die Vorlage nach einer Originalstickerei des Domschatzes Halberstadt und eine Schritt-f\u00fcr-Schritt Anleitung samt historischen Mustern.<\/p>\n<ul>\n<li>Dieses Handstick-Muster f\u00fcr mittelalterliche Stickerei\u00a0 ist ein digitales Produkt &#8211; Sie erhalten ein englischsprachiges PDF-Dokument zum selbst Ausdrucken.<\/li>\n<li>Nach Zahlungseingang erhalten Sie einen Download-Link per E-Mail. Bitte senden Sie mir daf\u00fcr \u00fcber die Nachrichtenfunktion eine g\u00fcltige E-Mail-Adresse zu.<\/li>\n<li>Bitte beachten Sie: Digitale Artikel sind vom Widerrufsrecht ausgeschlossen. Durch Zusendung einer g\u00fcltigen E-Mail-Adresse stimmen Sie explizit zu, auf Ihr Widerrufsrecht zu verzichten, sodass ich Ihnen die Anleitung vor Ablauf der 14-t\u00e4gigen Widerrufsfrist zusenden kann (siehe AGB Punkt 3.2).<\/li>\n<li>Diese Vorlage darf ausschlie\u00dflich f\u00fcr private Zwecke verwendet werden. Weitergabe, Tausch, Kopie, Abdruck, Verkauf oder Ver\u00f6ffentlichung (auch teilweise) sind ausdr\u00fccklich untersagt.<\/li>\n<\/ul>\n","protected":false},"excerpt":{"rendered":"<p>Dieser monochrome Vogel ist ein Beispiel f\u00fcr mittelalterliche\u00a0Z\u00e4hlstickerei\u00a0(auch\u00a0Ziegelstich-Stickerei bzw. German Brick Stitch Embroidery genannt). In meinem digitalen Stickmuster findest du die Vorlage nach einer Originalstickerei des Domschatzes Halberstadt und eine Schritt-f\u00fcr-Schritt Anleitung samt historischen Mustern. Dieses Handstick-Muster f\u00fcr mittelalterliche Stickerei\u00a0 ist ein digitales Produkt &#8211; Sie erhalten ein englischsprachiges PDF-Dokument zum selbst Ausdrucken. Nach Zahlungseingang &hellip; <a href=\"https:\/\/www.regionalis.shop\/alte-faeden\/shop\/pdf-stickmuster-fuer-historische-zaehlstickerei-brick-stitch-embroidery\/\">Continued<\/a><\/p>\n","protected":false},"featured_media":1067,"template":"","meta":{"_acf_changed":false},"product_brand":[],"product_cat":[109,39],"product_tag":[],"class_list":{"0":"post-1066","1":"product","2":"type-product","3":"status-publish","4":"has-post-thumbnail","6":"product_cat-anleitungen","7":"product_cat-diy-bastelsets","9":"first","10":"instock","11":"virtual","12":"purchasable","13":"product-type-simple"},"acf":[],"_links":{"self":[{"href":"https:\/\/www.regionalis.shop\/alte-faeden\/wp-json\/wp\/v2\/product\/1066","targetHints":{"allow":["GET"]}}],"collection":[{"href":"https:\/\/www.regionalis.shop\/alte-faeden\/wp-json\/wp\/v2\/product"}],"about":[{"href":"https:\/\/www.regionalis.shop\/alte-faeden\/wp-json\/wp\/v2\/types\/product"}],"wp:featuredmedia":[{"embeddable":true,"href":"https:\/\/www.regionalis.shop\/alte-faeden\/wp-json\/wp\/v2\/media\/1067"}],"wp:attachment":[{"href":"https:\/\/www.regionalis.shop\/alte-faeden\/wp-json\/wp\/v2\/media?parent=1066"}],"wp:term":[{"taxonomy":"product_brand","embeddable":true,"href":"https:\/\/www.regionalis.shop\/alte-faeden\/wp-json\/wp\/v2\/product_brand?post=1066"},{"taxonomy":"product_cat","embeddable":true,"href":"https:\/\/www.regionalis.shop\/alte-faeden\/wp-json\/wp\/v2\/product_cat?post=1066"},{"taxonomy":"product_tag","embeddable":true,"href":"https:\/\/www.regionalis.shop\/alte-faeden\/wp-json\/wp\/v2\/product_tag?post=1066"}],"curies":[{"name":"wp","href":"https:\/\/api.w.org\/{rel}","templated":true}]}}