{"id":1076,"date":"2025-04-18T07:50:51","date_gmt":"2025-04-18T05:50:51","guid":{"rendered":"https:\/\/www.regionalis.shop\/alte-faeden\/product\/handgestickter-anhaenger-mit-zarten-wiesenblumen\/"},"modified":"2025-11-04T09:44:00","modified_gmt":"2025-11-04T08:44:00","slug":"handgestickter-anhaenger-mit-zarten-wiesenblumen","status":"publish","type":"product","link":"https:\/\/www.regionalis.shop\/alte-faeden\/shop\/handgestickter-anhaenger-mit-zarten-wiesenblumen\/","title":{"rendered":"handgestickter Anh\u00e4nger mit zarten Wiesenblumen"},"content":{"rendered":"<ul>\n<li>handgestickt mit echten pflanzlich gef\u00e4rbten Seidenf\u00e4den auf mittelblauem Leinenstoff<\/li>\n<li>Gr\u00f6\u00dfe inkl. \u00d6se: 6 x 4 cm<\/li>\n<li>inklusive Lederband mit Verschluss (L\u00e4nge verstellbar von 45 &#8211; 49 cm)<\/li>\n<\/ul>\n","protected":false},"excerpt":{"rendered":"<p>Silberfarbener Kettenanh\u00e4nger mit detailreicher Blumenwiese.<\/p>\n","protected":false},"featured_media":1077,"template":"","meta":{"_acf_changed":false},"product_brand":[],"product_cat":[108,70],"product_tag":[],"class_list":{"0":"post-1076","1":"product","2":"type-product","3":"status-publish","4":"has-post-thumbnail","6":"product_cat-anhaenger","7":"product_cat-schmuck","9":"first","10":"instock","11":"purchasable","12":"product-type-simple"},"acf":[],"_links":{"self":[{"href":"https:\/\/www.regionalis.shop\/alte-faeden\/wp-json\/wp\/v2\/product\/1076","targetHints":{"allow":["GET"]}}],"collection":[{"href":"https:\/\/www.regionalis.shop\/alte-faeden\/wp-json\/wp\/v2\/product"}],"about":[{"href":"https:\/\/www.regionalis.shop\/alte-faeden\/wp-json\/wp\/v2\/types\/product"}],"wp:featuredmedia":[{"embeddable":true,"href":"https:\/\/www.regionalis.shop\/alte-faeden\/wp-json\/wp\/v2\/media\/1077"}],"wp:attachment":[{"href":"https:\/\/www.regionalis.shop\/alte-faeden\/wp-json\/wp\/v2\/media?parent=1076"}],"wp:term":[{"taxonomy":"product_brand","embeddable":true,"href":"https:\/\/www.regionalis.shop\/alte-faeden\/wp-json\/wp\/v2\/product_brand?post=1076"},{"taxonomy":"product_cat","embeddable":true,"href":"https:\/\/www.regionalis.shop\/alte-faeden\/wp-json\/wp\/v2\/product_cat?post=1076"},{"taxonomy":"product_tag","embeddable":true,"href":"https:\/\/www.regionalis.shop\/alte-faeden\/wp-json\/wp\/v2\/product_tag?post=1076"}],"curies":[{"name":"wp","href":"https:\/\/api.w.org\/{rel}","templated":true}]}}