{"id":1088,"date":"2025-04-18T07:50:51","date_gmt":"2025-04-18T05:50:51","guid":{"rendered":"https:\/\/www.regionalis.shop\/alte-faeden\/product\/trachtenschmuck-mit-strass-steinen-und-handgesticktem-edelweiss\/"},"modified":"2025-10-30T14:49:17","modified_gmt":"2025-10-30T13:49:17","slug":"trachtenschmuck-mit-strass-steinen-und-handgesticktem-edelweiss","status":"publish","type":"product","link":"https:\/\/www.regionalis.shop\/alte-faeden\/shop\/trachtenschmuck-mit-strass-steinen-und-handgesticktem-edelweiss\/","title":{"rendered":"Trachtenschmuck mit Strass-Steinen und handgesticktem Edelwei\u00df"},"content":{"rendered":"<ul>\n<li>silberfarbene Fassung mit funkelnden Strass-Steinen<\/li>\n<li>Edelwei\u00df handgestickt mit echter pflanzlich gef\u00e4rbter Seide;<\/li>\n<li>Hintergrundstoff w\u00e4hlbar (dunkelrot bzw. dunkelblau)<\/li>\n<li>Durchmesser: 3,5 cm<\/li>\n<li>inklusive Lederband mit Verschluss (L\u00e4nge verstellbar von 45 &#8211; 49 cm)<\/li>\n<li>Perfekt zum festlichen Dirndl oder einer Trachtenbluse!<\/li>\n<\/ul>\n","protected":false},"excerpt":{"rendered":"<p>Trachtiger Kettenanh\u00e4nger mit Edelwei\u00df-Bl\u00fcte.<\/p>\n","protected":false},"featured_media":1089,"template":"","meta":{"_acf_changed":false},"product_brand":[],"product_cat":[108,70],"product_tag":[],"class_list":{"0":"post-1088","1":"product","2":"type-product","3":"status-publish","4":"has-post-thumbnail","6":"product_cat-anhaenger","7":"product_cat-schmuck","9":"first","10":"instock","11":"purchasable","12":"product-type-simple"},"acf":[],"_links":{"self":[{"href":"https:\/\/www.regionalis.shop\/alte-faeden\/wp-json\/wp\/v2\/product\/1088","targetHints":{"allow":["GET"]}}],"collection":[{"href":"https:\/\/www.regionalis.shop\/alte-faeden\/wp-json\/wp\/v2\/product"}],"about":[{"href":"https:\/\/www.regionalis.shop\/alte-faeden\/wp-json\/wp\/v2\/types\/product"}],"wp:featuredmedia":[{"embeddable":true,"href":"https:\/\/www.regionalis.shop\/alte-faeden\/wp-json\/wp\/v2\/media\/1089"}],"wp:attachment":[{"href":"https:\/\/www.regionalis.shop\/alte-faeden\/wp-json\/wp\/v2\/media?parent=1088"}],"wp:term":[{"taxonomy":"product_brand","embeddable":true,"href":"https:\/\/www.regionalis.shop\/alte-faeden\/wp-json\/wp\/v2\/product_brand?post=1088"},{"taxonomy":"product_cat","embeddable":true,"href":"https:\/\/www.regionalis.shop\/alte-faeden\/wp-json\/wp\/v2\/product_cat?post=1088"},{"taxonomy":"product_tag","embeddable":true,"href":"https:\/\/www.regionalis.shop\/alte-faeden\/wp-json\/wp\/v2\/product_tag?post=1088"}],"curies":[{"name":"wp","href":"https:\/\/api.w.org\/{rel}","templated":true}]}}