{"id":1092,"date":"2025-04-18T07:36:05","date_gmt":"2025-04-18T05:36:05","guid":{"rendered":"https:\/\/www.regionalis.shop\/alte-faeden\/product\/silberne-krawattennadel-mit-edelweiss-handgestickt-mit-echter-seide\/"},"modified":"2025-11-04T09:44:43","modified_gmt":"2025-11-04T08:44:43","slug":"silberne-krawattennadel-mit-edelweiss-handgestickt-mit-echter-seide","status":"publish","type":"product","link":"https:\/\/www.regionalis.shop\/alte-faeden\/shop\/silberne-krawattennadel-mit-edelweiss-handgestickt-mit-echter-seide\/","title":{"rendered":"silberne Krawattennadel mit Edelweiss, handgestickt mit echter Seide"},"content":{"rendered":"<ul>\n<li>handgestickt mit echten pflanzlich gef\u00e4rbten Seidenf\u00e4den auf schwarz-gl\u00e4nzendem Trachtenstoff<\/li>\n<li>Durchmesser des Medaillons ist 2,5 cm<\/li>\n<li>Perfekt zum festlichen Trachtenanzug oder f\u00fcr den Br\u00e4utigam<\/li>\n<\/ul>\n","protected":false},"excerpt":{"rendered":"<p>Silberfarbene Krawattennadel mit handgesticktem Edelwei\u00df<\/p>\n","protected":false},"featured_media":1093,"template":"","meta":{"_acf_changed":false},"product_brand":[],"product_cat":[37,59],"product_tag":[],"class_list":{"0":"post-1092","1":"product","2":"type-product","3":"status-publish","4":"has-post-thumbnail","6":"product_cat-accessoires","7":"product_cat-mascherl-krawatten","9":"first","10":"instock","11":"purchasable","12":"product-type-simple"},"acf":[],"_links":{"self":[{"href":"https:\/\/www.regionalis.shop\/alte-faeden\/wp-json\/wp\/v2\/product\/1092","targetHints":{"allow":["GET"]}}],"collection":[{"href":"https:\/\/www.regionalis.shop\/alte-faeden\/wp-json\/wp\/v2\/product"}],"about":[{"href":"https:\/\/www.regionalis.shop\/alte-faeden\/wp-json\/wp\/v2\/types\/product"}],"wp:featuredmedia":[{"embeddable":true,"href":"https:\/\/www.regionalis.shop\/alte-faeden\/wp-json\/wp\/v2\/media\/1093"}],"wp:attachment":[{"href":"https:\/\/www.regionalis.shop\/alte-faeden\/wp-json\/wp\/v2\/media?parent=1092"}],"wp:term":[{"taxonomy":"product_brand","embeddable":true,"href":"https:\/\/www.regionalis.shop\/alte-faeden\/wp-json\/wp\/v2\/product_brand?post=1092"},{"taxonomy":"product_cat","embeddable":true,"href":"https:\/\/www.regionalis.shop\/alte-faeden\/wp-json\/wp\/v2\/product_cat?post=1092"},{"taxonomy":"product_tag","embeddable":true,"href":"https:\/\/www.regionalis.shop\/alte-faeden\/wp-json\/wp\/v2\/product_tag?post=1092"}],"curies":[{"name":"wp","href":"https:\/\/api.w.org\/{rel}","templated":true}]}}