{"id":1104,"date":"2025-04-18T04:01:30","date_gmt":"2025-04-18T02:01:30","guid":{"rendered":"https:\/\/www.regionalis.shop\/alte-faeden\/product\/taschenanhaenger-mit-blueten-und-karabiner\/"},"modified":"2025-10-30T14:57:39","modified_gmt":"2025-10-30T13:57:39","slug":"taschenanhaenger-mit-blueten-und-karabiner","status":"publish","type":"product","link":"https:\/\/www.regionalis.shop\/alte-faeden\/shop\/taschenanhaenger-mit-blueten-und-karabiner\/","title":{"rendered":"Taschenanh\u00e4nger mit Bl\u00fcten und Karabiner"},"content":{"rendered":"<ul>\n<li>handgestickt mit echter pflanzlich gef\u00e4rbter Seide auf naturfarbenem Leinen<\/li>\n<li>Gr\u00f6\u00dfe des Anh\u00e4ngers inkl. \u00d6se 6 x 4 cm<\/li>\n<\/ul>\n","protected":false},"excerpt":{"rendered":"<p>Taschenanh\u00e4nger mit farbenfrohem Blumenmotiv und gr\u00fcnem Karabiner.<\/p>\n","protected":false},"featured_media":1105,"template":"","meta":{"_acf_changed":false},"product_brand":[],"product_cat":[108,70],"product_tag":[],"class_list":{"0":"post-1104","1":"product","2":"type-product","3":"status-publish","4":"has-post-thumbnail","6":"product_cat-anhaenger","7":"product_cat-schmuck","9":"first","10":"instock","11":"purchasable","12":"product-type-simple"},"acf":[],"_links":{"self":[{"href":"https:\/\/www.regionalis.shop\/alte-faeden\/wp-json\/wp\/v2\/product\/1104","targetHints":{"allow":["GET"]}}],"collection":[{"href":"https:\/\/www.regionalis.shop\/alte-faeden\/wp-json\/wp\/v2\/product"}],"about":[{"href":"https:\/\/www.regionalis.shop\/alte-faeden\/wp-json\/wp\/v2\/types\/product"}],"wp:featuredmedia":[{"embeddable":true,"href":"https:\/\/www.regionalis.shop\/alte-faeden\/wp-json\/wp\/v2\/media\/1105"}],"wp:attachment":[{"href":"https:\/\/www.regionalis.shop\/alte-faeden\/wp-json\/wp\/v2\/media?parent=1104"}],"wp:term":[{"taxonomy":"product_brand","embeddable":true,"href":"https:\/\/www.regionalis.shop\/alte-faeden\/wp-json\/wp\/v2\/product_brand?post=1104"},{"taxonomy":"product_cat","embeddable":true,"href":"https:\/\/www.regionalis.shop\/alte-faeden\/wp-json\/wp\/v2\/product_cat?post=1104"},{"taxonomy":"product_tag","embeddable":true,"href":"https:\/\/www.regionalis.shop\/alte-faeden\/wp-json\/wp\/v2\/product_tag?post=1104"}],"curies":[{"name":"wp","href":"https:\/\/api.w.org\/{rel}","templated":true}]}}