{"id":1108,"date":"2025-04-18T04:01:30","date_gmt":"2025-04-18T02:01:30","guid":{"rendered":"https:\/\/www.regionalis.shop\/alte-faeden\/product\/handgestickter-anhaenger-mit-ganzem-edelweiss-retro-optik\/"},"modified":"2025-10-30T14:56:53","modified_gmt":"2025-10-30T13:56:53","slug":"handgestickter-anhaenger-mit-ganzem-edelweiss-retro-optik","status":"publish","type":"product","link":"https:\/\/www.regionalis.shop\/alte-faeden\/shop\/handgestickter-anhaenger-mit-ganzem-edelweiss-retro-optik\/","title":{"rendered":"handgestickter Anh\u00e4nger mit ganzem Edelwei\u00df, Retro-Optik"},"content":{"rendered":"<ul>\n<li>handgestickt mit echter pflanzlich gef\u00e4rbter Seide auf dunkelblauem Baumwollstoff<\/li>\n<li>Schmuckfassung in Retro-Optik<\/li>\n<li>Gr\u00f6\u00dfe inkl. \u00d6se: 6 x 4 cm<\/li>\n<li>inklusive Lederband mit Verschluss (L\u00e4nge verstellbar von 45 &#8211; 49 cm)<\/li>\n<\/ul>\n","protected":false},"excerpt":{"rendered":"<p>Silberfarbener Kettenanh\u00e4nger mit ganzer Edelwei\u00df-Blume.<\/p>\n","protected":false},"featured_media":1109,"template":"","meta":{"_acf_changed":false},"product_brand":[],"product_cat":[108,70],"product_tag":[],"class_list":{"0":"post-1108","1":"product","2":"type-product","3":"status-publish","4":"has-post-thumbnail","6":"product_cat-anhaenger","7":"product_cat-schmuck","9":"first","10":"instock","11":"purchasable","12":"product-type-simple"},"acf":[],"_links":{"self":[{"href":"https:\/\/www.regionalis.shop\/alte-faeden\/wp-json\/wp\/v2\/product\/1108","targetHints":{"allow":["GET"]}}],"collection":[{"href":"https:\/\/www.regionalis.shop\/alte-faeden\/wp-json\/wp\/v2\/product"}],"about":[{"href":"https:\/\/www.regionalis.shop\/alte-faeden\/wp-json\/wp\/v2\/types\/product"}],"wp:featuredmedia":[{"embeddable":true,"href":"https:\/\/www.regionalis.shop\/alte-faeden\/wp-json\/wp\/v2\/media\/1109"}],"wp:attachment":[{"href":"https:\/\/www.regionalis.shop\/alte-faeden\/wp-json\/wp\/v2\/media?parent=1108"}],"wp:term":[{"taxonomy":"product_brand","embeddable":true,"href":"https:\/\/www.regionalis.shop\/alte-faeden\/wp-json\/wp\/v2\/product_brand?post=1108"},{"taxonomy":"product_cat","embeddable":true,"href":"https:\/\/www.regionalis.shop\/alte-faeden\/wp-json\/wp\/v2\/product_cat?post=1108"},{"taxonomy":"product_tag","embeddable":true,"href":"https:\/\/www.regionalis.shop\/alte-faeden\/wp-json\/wp\/v2\/product_tag?post=1108"}],"curies":[{"name":"wp","href":"https:\/\/api.w.org\/{rel}","templated":true}]}}