{"id":1136,"date":"2025-04-18T03:05:25","date_gmt":"2025-04-18T01:05:25","guid":{"rendered":"https:\/\/www.regionalis.shop\/alte-faeden\/product\/kleiner-handgestickter-anhaenger-mit-edelweiss-bluete-silberfarben\/"},"modified":"2025-10-30T14:59:15","modified_gmt":"2025-10-30T13:59:15","slug":"kleiner-handgestickter-anhaenger-mit-edelweiss-bluete-silberfarben","status":"publish","type":"product","link":"https:\/\/www.regionalis.shop\/alte-faeden\/shop\/kleiner-handgestickter-anhaenger-mit-edelweiss-bluete-silberfarben\/","title":{"rendered":"kleiner handgestickter Anh\u00e4nger mit Edelwei\u00df-Bl\u00fcte, silberfarben"},"content":{"rendered":"<ul>\n<li>handgestickt mit echter pflanzlich gef\u00e4rbter Seide auf Baumwollstoff<\/li>\n<li>Hintergrundfarbe w\u00e4hlbar (schwarz, dunkelblau, dunkelrot, lila, t\u00fcrkis)<\/li>\n<li>Durchmesser: 2,5 cm<\/li>\n<li>inklusive Lederband mit Verschluss (L\u00e4nge verstellbar von 45 &#8211; 49 cm)<\/li>\n<li>Perfekt zum Dirndl oder als Hingucker zu Bluse oder T-Shirt!<\/li>\n<\/ul>\n","protected":false},"excerpt":{"rendered":"<p>Kleiner silberfarbener Kettenanh\u00e4nger mit handgestickter Edelwei\u00df-Bl\u00fcte.<\/p>\n","protected":false},"featured_media":1137,"template":"","meta":{"_acf_changed":false},"product_brand":[],"product_cat":[108,70],"product_tag":[],"class_list":{"0":"post-1136","1":"product","2":"type-product","3":"status-publish","4":"has-post-thumbnail","6":"product_cat-anhaenger","7":"product_cat-schmuck","9":"first","10":"instock","11":"purchasable","12":"product-type-simple"},"acf":[],"_links":{"self":[{"href":"https:\/\/www.regionalis.shop\/alte-faeden\/wp-json\/wp\/v2\/product\/1136","targetHints":{"allow":["GET"]}}],"collection":[{"href":"https:\/\/www.regionalis.shop\/alte-faeden\/wp-json\/wp\/v2\/product"}],"about":[{"href":"https:\/\/www.regionalis.shop\/alte-faeden\/wp-json\/wp\/v2\/types\/product"}],"wp:featuredmedia":[{"embeddable":true,"href":"https:\/\/www.regionalis.shop\/alte-faeden\/wp-json\/wp\/v2\/media\/1137"}],"wp:attachment":[{"href":"https:\/\/www.regionalis.shop\/alte-faeden\/wp-json\/wp\/v2\/media?parent=1136"}],"wp:term":[{"taxonomy":"product_brand","embeddable":true,"href":"https:\/\/www.regionalis.shop\/alte-faeden\/wp-json\/wp\/v2\/product_brand?post=1136"},{"taxonomy":"product_cat","embeddable":true,"href":"https:\/\/www.regionalis.shop\/alte-faeden\/wp-json\/wp\/v2\/product_cat?post=1136"},{"taxonomy":"product_tag","embeddable":true,"href":"https:\/\/www.regionalis.shop\/alte-faeden\/wp-json\/wp\/v2\/product_tag?post=1136"}],"curies":[{"name":"wp","href":"https:\/\/api.w.org\/{rel}","templated":true}]}}