{"id":1152,"date":"2025-10-30T10:57:58","date_gmt":"2025-10-30T09:57:58","guid":{"rendered":"https:\/\/www.regionalis.shop\/alte-faeden\/?post_type=product&#038;p=1152"},"modified":"2025-12-09T09:56:41","modified_gmt":"2025-12-09T08:56:41","slug":"diy-kit-lerne-mittelalterliche-stickerei-diy-set-learn-medieval-embroidery","status":"publish","type":"product","link":"https:\/\/www.regionalis.shop\/alte-faeden\/shop\/diy-kit-lerne-mittelalterliche-stickerei-diy-set-learn-medieval-embroidery\/","title":{"rendered":"DIY-Kit &#8222;Lerne mittelalterliche Stickerei \/ DIY set &#8222;learn medieval embroidery&#8220;"},"content":{"rendered":"<ul>\n<li>feines weisses Z\u00e4hlleinen mit Mustervorzeichnung<\/li>\n<li>pflanzlich gef\u00e4rbte Stickwolle in 8 Farben<\/li>\n<li>runder Holz-Stickrahmen<\/li>\n<li>spitze und stumpfe Sticknadel<\/li>\n<li>englischsprachige Brosch\u00fcre mit Schritt-f\u00fcr-Schritt Anleitungen zu Bayeux-Stich, Klosterstich, Kettenstich, Spaltstich sowie ein Ziegelstich-Muster (n\u00f6tige Stickkenntnisse: leicht fortgeschritten)<\/li>\n<\/ul>\n<p><em>Bilder sind Beispielbilder &#8211; die Farbt\u00f6ne der pflanzlich gef\u00e4rbten Wollf\u00e4den k\u00f6nnen abweichen!<\/em><\/p>\n<h3><\/h3>\n<h3>DIY set &#8222;learn medieval embroidery&#8220;<\/h3>\n<p>This <strong>DIY embroidery kit <\/strong>contains everything you need to embroider a cute owl while learning five historical embroidery techniques:<\/p>\n<ul>\n<li>Fine white counted canvas with pattern outline<\/li>\n<li>Plant-dyed embroidery wool in eight colors<\/li>\n<li>Round wooden embroidery hoop<\/li>\n<li>Pointed and blunt embroidery needles<\/li>\n<li>English-language brochure with step-by-step instructions for Bayeux stitch, Cloister stitch, chain stitch, split stitch, and a brick stitch pattern (required embroidery skills: slightly advanced)<\/li>\n<\/ul>\n<p><em>Images are examples\u2014the colors of the plant-dyed wool threads may vary!<\/em><\/p>\n","protected":false},"excerpt":{"rendered":"<p>Dieses <strong>DIY-Set \u201eLerne mittelalterliche Stickerei\u201c<\/strong> enth\u00e4lt alles, um eine s\u00fc\u00dfe Eule zu sticken und gleichzeitig 5 mittelalterliche Sticktechniken zu erlernen.<\/p>\n","protected":false},"featured_media":1146,"template":"","meta":{"_acf_changed":false},"product_brand":[],"product_cat":[39,40],"product_tag":[],"class_list":{"0":"post-1152","1":"product","2":"type-product","3":"status-publish","4":"has-post-thumbnail","6":"product_cat-diy-bastelsets","7":"product_cat-diy-sets","9":"first","10":"instock","11":"purchasable","12":"product-type-simple"},"acf":[],"_links":{"self":[{"href":"https:\/\/www.regionalis.shop\/alte-faeden\/wp-json\/wp\/v2\/product\/1152","targetHints":{"allow":["GET"]}}],"collection":[{"href":"https:\/\/www.regionalis.shop\/alte-faeden\/wp-json\/wp\/v2\/product"}],"about":[{"href":"https:\/\/www.regionalis.shop\/alte-faeden\/wp-json\/wp\/v2\/types\/product"}],"wp:featuredmedia":[{"embeddable":true,"href":"https:\/\/www.regionalis.shop\/alte-faeden\/wp-json\/wp\/v2\/media\/1146"}],"wp:attachment":[{"href":"https:\/\/www.regionalis.shop\/alte-faeden\/wp-json\/wp\/v2\/media?parent=1152"}],"wp:term":[{"taxonomy":"product_brand","embeddable":true,"href":"https:\/\/www.regionalis.shop\/alte-faeden\/wp-json\/wp\/v2\/product_brand?post=1152"},{"taxonomy":"product_cat","embeddable":true,"href":"https:\/\/www.regionalis.shop\/alte-faeden\/wp-json\/wp\/v2\/product_cat?post=1152"},{"taxonomy":"product_tag","embeddable":true,"href":"https:\/\/www.regionalis.shop\/alte-faeden\/wp-json\/wp\/v2\/product_tag?post=1152"}],"curies":[{"name":"wp","href":"https:\/\/api.w.org\/{rel}","templated":true}]}}