{"id":1157,"date":"2025-10-30T11:44:26","date_gmt":"2025-10-30T10:44:26","guid":{"rendered":"https:\/\/www.regionalis.shop\/alte-faeden\/?post_type=product&#038;p=1157"},"modified":"2025-11-18T08:21:50","modified_gmt":"2025-11-18T07:21:50","slug":"diy-set-lerne-mittelalterliche-gold-seidenstickerei-diy-set-learn-medieval-gold-silk-embroidery","status":"publish","type":"product","link":"https:\/\/www.regionalis.shop\/alte-faeden\/shop\/diy-set-lerne-mittelalterliche-gold-seidenstickerei-diy-set-learn-medieval-gold-silk-embroidery\/","title":{"rendered":"DIY-Set \u201eLerne mittelalterliche Gold- &amp; Seidenstickerei\u201c \/ DIY set &#8222;learn medieval gold &amp; silk embroidery&#8220;"},"content":{"rendered":"<ul>\n<li>rechteckiger Stickrahmen aus Plastik<\/li>\n<li>20 x 20 cm Halbleinen-K\u00f6per in smaragdgr\u00fcn<\/li>\n<li>100% feine Stickseide auf Kartonk\u00e4rtchen (8 Farbt\u00f6ne)<\/li>\n<li>Goldschild Leinengarn<\/li>\n<li>Metallf\u00e4den in Gold und Silber von Au Ver a Soie<\/li>\n<li>Echtgold-Gimpe<\/li>\n<li>spitze und stumpfe Sticknadeln<\/li>\n<li>24-seitige englischsprachige Brosch\u00fcre mit Motiv und Schritt-f\u00fcr-Schritt Anleitung (n\u00f6tige Stickkenntnisse: mittel bis fortgeschritten)<\/li>\n<\/ul>\n<h3><\/h3>\n<h3>DIY Set &#8222;Opus Anglicanum&#8220; &#8211; learn medieval gold &amp; silk embroidery<\/h3>\n<p>This DIY kit for a hand-embroidered hybrid creature in medieval gold and silk embroidery (Opus Anglicanum) contains everything you need to make it.<\/p>\n<ul>\n<li>Rectangular plastic embroidery hoop<\/li>\n<li>20 x 20 cm emerald green half-linen twill<\/li>\n<li>100% fine embroidery silk on cardboard cards (8 colors)<\/li>\n<li>Goldschild linen thread<\/li>\n<li>Gold and silver metallic threads from Au Ver a Soie<\/li>\n<li>Real gold gimp<\/li>\n<li>Pointed and blunt embroidery needles<\/li>\n<li>24-page English-language brochure with motif and step-by-step instructions (required embroidery skills: intermediate to advanced)<\/li>\n<\/ul>\n<p>&nbsp;<\/p>\n","protected":false},"excerpt":{"rendered":"<p>Dieses\u00a0<strong>DIY-Set f\u00fcr ein handgesticktes Mischwesen<\/strong> in mittelalterlicher Gold- &amp; Seidenstickerei (Opus Anglicanum) enth\u00e4lt alles, was es zur Herstellung ben\u00f6tigt.<\/p>\n","protected":false},"featured_media":1180,"template":"","meta":{"_acf_changed":false},"product_brand":[],"product_cat":[39,40,18],"product_tag":[],"class_list":{"0":"post-1157","1":"product","2":"type-product","3":"status-publish","4":"has-post-thumbnail","6":"product_cat-diy-bastelsets","7":"product_cat-diy-sets","8":"product_cat-uncategorised","10":"first","11":"instock","12":"purchasable","13":"product-type-simple"},"acf":[],"_links":{"self":[{"href":"https:\/\/www.regionalis.shop\/alte-faeden\/wp-json\/wp\/v2\/product\/1157","targetHints":{"allow":["GET"]}}],"collection":[{"href":"https:\/\/www.regionalis.shop\/alte-faeden\/wp-json\/wp\/v2\/product"}],"about":[{"href":"https:\/\/www.regionalis.shop\/alte-faeden\/wp-json\/wp\/v2\/types\/product"}],"wp:featuredmedia":[{"embeddable":true,"href":"https:\/\/www.regionalis.shop\/alte-faeden\/wp-json\/wp\/v2\/media\/1180"}],"wp:attachment":[{"href":"https:\/\/www.regionalis.shop\/alte-faeden\/wp-json\/wp\/v2\/media?parent=1157"}],"wp:term":[{"taxonomy":"product_brand","embeddable":true,"href":"https:\/\/www.regionalis.shop\/alte-faeden\/wp-json\/wp\/v2\/product_brand?post=1157"},{"taxonomy":"product_cat","embeddable":true,"href":"https:\/\/www.regionalis.shop\/alte-faeden\/wp-json\/wp\/v2\/product_cat?post=1157"},{"taxonomy":"product_tag","embeddable":true,"href":"https:\/\/www.regionalis.shop\/alte-faeden\/wp-json\/wp\/v2\/product_tag?post=1157"}],"curies":[{"name":"wp","href":"https:\/\/api.w.org\/{rel}","templated":true}]}}