{"id":1161,"date":"2025-10-30T11:54:55","date_gmt":"2025-10-30T10:54:55","guid":{"rendered":"https:\/\/www.regionalis.shop\/alte-faeden\/?post_type=product&#038;p=1161"},"modified":"2025-11-04T09:40:20","modified_gmt":"2025-11-04T08:40:20","slug":"diy-kit-opus-teutonicum-mittelalterliche-weissstickerei-diy-set-medieval-whitework","status":"publish","type":"product","link":"https:\/\/www.regionalis.shop\/alte-faeden\/shop\/diy-kit-opus-teutonicum-mittelalterliche-weissstickerei-diy-set-medieval-whitework\/","title":{"rendered":"DIY-Kit \u201eOpus Teutonicum \u2013 mittelalterliche Wei\u00dfstickerei\u201c \/ DIY set &#8222;medieval whitework&#8220;"},"content":{"rendered":"<ul>\n<li>30 x 30 cm z\u00e4hlbarer Leinenstoff wei\u00df<\/li>\n<li>kleine spitze Stickschere im Retro-Design<\/li>\n<li>magnetischer Nadelhalter aus Holz<\/li>\n<li>pflanzlich gef\u00e4rbte Seidenf\u00e4den (2 Farben)<\/li>\n<li>1 m Seidengimpe mit Leinenkern, Farbe Rot<\/li>\n<li>1 Spule Goldschild-Leinenfaden (zum Sticken &amp; N\u00e4hen geeignet)<\/li>\n<li>Nadeldose aus Rosenholz inkl. 2 feinen Sticknadeln<\/li>\n<li>Wachs zum St\u00e4rken und Gl\u00e4tten des Leinenfadens<\/li>\n<li>wasserl\u00f6slicher Stift zum Vorzeichnen des Stickmusters<\/li>\n<li>englischsprachige Brosch\u00fcre mit Motiv und Schritt-f\u00fcr-Schritt Anleitung (n\u00f6tige Stickkenntnisse: leicht fortgeschritten)<\/li>\n<\/ul>\n<h3><\/h3>\n<h3>DIY set &#8222;Opus Teutonicum &#8211; Medieval whitework&#8220;<\/h3>\n<p>This embroidery box contains all the materials you need to learn the medieval art of white embroidery, known as \u201cOpus Teutonicum\u201d:<\/p>\n<ul>\n<li>30 x 30 cm countable white linen fabric<\/li>\n<li>Small pointed embroidery scissors in retro design<\/li>\n<li>Magnetic wooden needle holder<\/li>\n<li>Vegetable-dyed silk threads (2 colors)<\/li>\n<li>1 m silk gimp with linen core, color red<\/li>\n<li>1 spool of Goldschild linen thread (suitable for embroidery and sewing)<\/li>\n<li>Rosewood needle box including 2 fine embroidery needles<\/li>\n<li>Wax for strengthening and smoothing the linen thread<\/li>\n<li>Water-soluble pen for sketching the embroidery pattern<\/li>\n<li>English-language brochure with motif and step-by-step instructions (required embroidery skills: slightly advanced)<\/li>\n<\/ul>\n","protected":false},"excerpt":{"rendered":"<p>Diese Stickbox enth\u00e4lt alle Materialien, um die\u00a0<strong>mittelalterliche Art der Wei\u00dfsstickerei,\u00a0<\/strong>genannt\u00a0<strong>\u201eOpus Teutonicum\u201c\u00a0<\/strong>zu erlernen.<\/p>\n","protected":false},"featured_media":1144,"template":"","meta":{"_acf_changed":false},"product_brand":[],"product_cat":[39,40],"product_tag":[],"class_list":{"0":"post-1161","1":"product","2":"type-product","3":"status-publish","4":"has-post-thumbnail","6":"product_cat-diy-bastelsets","7":"product_cat-diy-sets","9":"first","10":"instock","11":"purchasable","12":"product-type-simple"},"acf":[],"_links":{"self":[{"href":"https:\/\/www.regionalis.shop\/alte-faeden\/wp-json\/wp\/v2\/product\/1161","targetHints":{"allow":["GET"]}}],"collection":[{"href":"https:\/\/www.regionalis.shop\/alte-faeden\/wp-json\/wp\/v2\/product"}],"about":[{"href":"https:\/\/www.regionalis.shop\/alte-faeden\/wp-json\/wp\/v2\/types\/product"}],"wp:featuredmedia":[{"embeddable":true,"href":"https:\/\/www.regionalis.shop\/alte-faeden\/wp-json\/wp\/v2\/media\/1144"}],"wp:attachment":[{"href":"https:\/\/www.regionalis.shop\/alte-faeden\/wp-json\/wp\/v2\/media?parent=1161"}],"wp:term":[{"taxonomy":"product_brand","embeddable":true,"href":"https:\/\/www.regionalis.shop\/alte-faeden\/wp-json\/wp\/v2\/product_brand?post=1161"},{"taxonomy":"product_cat","embeddable":true,"href":"https:\/\/www.regionalis.shop\/alte-faeden\/wp-json\/wp\/v2\/product_cat?post=1161"},{"taxonomy":"product_tag","embeddable":true,"href":"https:\/\/www.regionalis.shop\/alte-faeden\/wp-json\/wp\/v2\/product_tag?post=1161"}],"curies":[{"name":"wp","href":"https:\/\/api.w.org\/{rel}","templated":true}]}}