{"id":1172,"date":"2025-10-30T14:04:13","date_gmt":"2025-10-30T13:04:13","guid":{"rendered":"https:\/\/www.regionalis.shop\/alte-faeden\/?post_type=product&#038;p=1172"},"modified":"2025-12-10T08:27:37","modified_gmt":"2025-12-10T07:27:37","slug":"pdf-stickmuster-lerne-mittelalterliche-stickerei","status":"publish","type":"product","link":"https:\/\/www.regionalis.shop\/alte-faeden\/shop\/pdf-stickmuster-lerne-mittelalterliche-stickerei\/","title":{"rendered":"PDF-Stickmuster &#8222;Lerne mittelalterliche Stickerei&#8220;"},"content":{"rendered":"<p>Du wolltest schon immer\u00a0<strong>mittelalterliche Stickerei\u00a0<\/strong>lernen? Mit meinem\u00a0<strong>anf\u00e4ngertauglichen Muster<\/strong> kannst du eine charmante Eule sticken und gleichzeitig f\u00fcnf mittelalterliche Sticktechniken kennenlernen. Die digitale Brosch\u00fcre enth\u00e4lt die Vorlage und detaillierte Schritt-f\u00fcr-Schritt Anleitungen zu <strong>Bayeux-Stich, Klosterstich, Ziegelstich-Muster, Kettenstich<\/strong>\u00a0und\u00a0<strong>Spaltstich<\/strong>.<\/p>\n<ul>\n<li>Dieses Handstick-Muster f\u00fcr mittelalterliche Stickerei\u00a0 ist ein digitales Produkt &#8211; Sie erhalten ein englischsprachiges PDF-Dokument zum selbst Ausdrucken.<\/li>\n<li>Nach Zahlungseingang erhalten Sie einen Download-Link per E-Mail. Bitte senden Sie mir daf\u00fcr \u00fcber die Nachrichtenfunktion eine g\u00fcltige E-Mail-Adresse zu.<\/li>\n<li>Bitte beachten Sie: Digitale Artikel sind vom Widerrufsrecht ausgeschlossen. Durch Zusendung einer g\u00fcltigen E-Mail-Adresse stimmen Sie explizit zu, auf Ihr Widerrufsrecht zu verzichten, sodass ich Ihnen die Anleitung vor Ablauf der 14-t\u00e4gigen Widerrufsfrist zusenden kann (siehe AGB Punkt 3.2).<\/li>\n<li>Diese Vorlage darf ausschlie\u00dflich f\u00fcr private Zwecke verwendet werden. Weitergabe, Tausch, Kopie, Abdruck, Verkauf oder Ver\u00f6ffentlichung (auch teilweise) sind ausdr\u00fccklich untersagt.<\/li>\n<\/ul>\n<div class=\"wp-block-media-text alignwide is-stacked-on-mobile\"><\/div>\n","protected":false},"excerpt":{"rendered":"<p>Du wolltest schon immer\u00a0mittelalterliche Stickerei\u00a0lernen? Mit meinem\u00a0anf\u00e4ngertauglichen Muster kannst du eine charmante Eule sticken und gleichzeitig f\u00fcnf mittelalterliche Sticktechniken kennenlernen. Die digitale Brosch\u00fcre enth\u00e4lt die Vorlage und detaillierte Schritt-f\u00fcr-Schritt Anleitungen zu Bayeux-Stich, Klosterstich, Ziegelstich-Muster, Kettenstich\u00a0und\u00a0Spaltstich. Dieses Handstick-Muster f\u00fcr mittelalterliche Stickerei\u00a0 ist ein digitales Produkt &#8211; Sie erhalten ein englischsprachiges PDF-Dokument zum selbst Ausdrucken. Nach Zahlungseingang &hellip; <a href=\"https:\/\/www.regionalis.shop\/alte-faeden\/shop\/pdf-stickmuster-lerne-mittelalterliche-stickerei\/\">Continued<\/a><\/p>\n","protected":false},"featured_media":1165,"template":"","meta":{"_acf_changed":false},"product_brand":[],"product_cat":[109,39],"product_tag":[],"class_list":{"0":"post-1172","1":"product","2":"type-product","3":"status-publish","4":"has-post-thumbnail","6":"product_cat-anleitungen","7":"product_cat-diy-bastelsets","9":"first","10":"instock","11":"downloadable","12":"virtual","13":"purchasable","14":"product-type-simple"},"acf":[],"_links":{"self":[{"href":"https:\/\/www.regionalis.shop\/alte-faeden\/wp-json\/wp\/v2\/product\/1172","targetHints":{"allow":["GET"]}}],"collection":[{"href":"https:\/\/www.regionalis.shop\/alte-faeden\/wp-json\/wp\/v2\/product"}],"about":[{"href":"https:\/\/www.regionalis.shop\/alte-faeden\/wp-json\/wp\/v2\/types\/product"}],"wp:featuredmedia":[{"embeddable":true,"href":"https:\/\/www.regionalis.shop\/alte-faeden\/wp-json\/wp\/v2\/media\/1165"}],"wp:attachment":[{"href":"https:\/\/www.regionalis.shop\/alte-faeden\/wp-json\/wp\/v2\/media?parent=1172"}],"wp:term":[{"taxonomy":"product_brand","embeddable":true,"href":"https:\/\/www.regionalis.shop\/alte-faeden\/wp-json\/wp\/v2\/product_brand?post=1172"},{"taxonomy":"product_cat","embeddable":true,"href":"https:\/\/www.regionalis.shop\/alte-faeden\/wp-json\/wp\/v2\/product_cat?post=1172"},{"taxonomy":"product_tag","embeddable":true,"href":"https:\/\/www.regionalis.shop\/alte-faeden\/wp-json\/wp\/v2\/product_tag?post=1172"}],"curies":[{"name":"wp","href":"https:\/\/api.w.org\/{rel}","templated":true}]}}