{"id":1174,"date":"2025-10-30T14:39:12","date_gmt":"2025-10-30T13:39:12","guid":{"rendered":"https:\/\/www.regionalis.shop\/alte-faeden\/?post_type=product&#038;p=1174"},"modified":"2025-12-09T16:31:51","modified_gmt":"2025-12-09T15:31:51","slug":"pdf-stickmuster-lerne-mittelalterliche-gold-seidenstickerei","status":"publish","type":"product","link":"https:\/\/www.regionalis.shop\/alte-faeden\/shop\/pdf-stickmuster-lerne-mittelalterliche-gold-seidenstickerei\/","title":{"rendered":"PDF-Stickmuster &#8222;Lerne mittelalterliche Gold- &amp; Seidenstickerei&#8220;"},"content":{"rendered":"<p>Diese Mensch-Schnecken-Figur ist ein Beispiel f\u00fcr die phantasievollen Kreaturen, die oft die Randspalten mittelalterlicher Manuskripte bev\u00f6lkern. Und bietet die M\u00f6glichkeit, die Techniken der\u00a0<strong>Opus Anglicanum-Stickerei\u00a0<\/strong>zu lernen, die im Mittelalter zur h\u00f6chsten Kunstfertigkeit gebracht wurde. In meinem digitalen Stickmuster findest du die Vorlage nach originalen Manuskript-Zeichnungen und eine Schritt-f\u00fcr-Schritt Anleitung, um mittelalterliche Seidenstickerei sowie Metallstickerei in oberfl\u00e4chlicher und versenkter Anlegetechnik zu lernen.<\/p>\n<ul>\n<li>Dieses Handstick-Muster f\u00fcr mittelalterliche Stickerei\u00a0 ist ein digitales Produkt &#8211; Sie erhalten ein englischsprachiges PDF-Dokument zum selbst Ausdrucken.<\/li>\n<li>Nach Zahlungseingang erhalten Sie einen Download-Link per E-Mail. Bitte senden Sie mir daf\u00fcr \u00fcber die Nachrichtenfunktion eine g\u00fcltige E-Mail-Adresse zu.<\/li>\n<li>Bitte beachten Sie: Digitale Artikel sind vom Widerrufsrecht ausgeschlossen. Durch Zusendung einer g\u00fcltigen E-Mail-Adresse stimmen Sie explizit zu, auf Ihr Widerrufsrecht zu verzichten, sodass ich Ihnen die Anleitung vor Ablauf der 14-t\u00e4gigen Widerrufsfrist zusenden kann (siehe AGB Punkt 3.2).<\/li>\n<li>Diese Vorlage darf ausschlie\u00dflich f\u00fcr private Zwecke verwendet werden. Weitergabe, Tausch, Kopie, Abdruck, Verkauf oder Ver\u00f6ffentlichung (auch teilweise) sind ausdr\u00fccklich untersagt.<\/li>\n<\/ul>\n","protected":false},"excerpt":{"rendered":"<p>Diese Mensch-Schnecken-Figur ist ein Beispiel f\u00fcr die phantasievollen Kreaturen, die oft die Randspalten mittelalterlicher Manuskripte bev\u00f6lkern. Und bietet die M\u00f6glichkeit, die Techniken der\u00a0Opus Anglicanum-Stickerei\u00a0zu lernen, die im Mittelalter zur h\u00f6chsten Kunstfertigkeit gebracht wurde. In meinem digitalen Stickmuster findest du die Vorlage nach originalen Manuskript-Zeichnungen und eine Schritt-f\u00fcr-Schritt Anleitung, um mittelalterliche Seidenstickerei sowie Metallstickerei in oberfl\u00e4chlicher &hellip; <a href=\"https:\/\/www.regionalis.shop\/alte-faeden\/shop\/pdf-stickmuster-lerne-mittelalterliche-gold-seidenstickerei\/\">Continued<\/a><\/p>\n","protected":false},"featured_media":1175,"template":"","meta":{"_acf_changed":false},"product_brand":[],"product_cat":[109,39],"product_tag":[],"class_list":{"0":"post-1174","1":"product","2":"type-product","3":"status-publish","4":"has-post-thumbnail","6":"product_cat-anleitungen","7":"product_cat-diy-bastelsets","9":"first","10":"instock","11":"virtual","12":"purchasable","13":"product-type-simple"},"acf":[],"_links":{"self":[{"href":"https:\/\/www.regionalis.shop\/alte-faeden\/wp-json\/wp\/v2\/product\/1174","targetHints":{"allow":["GET"]}}],"collection":[{"href":"https:\/\/www.regionalis.shop\/alte-faeden\/wp-json\/wp\/v2\/product"}],"about":[{"href":"https:\/\/www.regionalis.shop\/alte-faeden\/wp-json\/wp\/v2\/types\/product"}],"wp:featuredmedia":[{"embeddable":true,"href":"https:\/\/www.regionalis.shop\/alte-faeden\/wp-json\/wp\/v2\/media\/1175"}],"wp:attachment":[{"href":"https:\/\/www.regionalis.shop\/alte-faeden\/wp-json\/wp\/v2\/media?parent=1174"}],"wp:term":[{"taxonomy":"product_brand","embeddable":true,"href":"https:\/\/www.regionalis.shop\/alte-faeden\/wp-json\/wp\/v2\/product_brand?post=1174"},{"taxonomy":"product_cat","embeddable":true,"href":"https:\/\/www.regionalis.shop\/alte-faeden\/wp-json\/wp\/v2\/product_cat?post=1174"},{"taxonomy":"product_tag","embeddable":true,"href":"https:\/\/www.regionalis.shop\/alte-faeden\/wp-json\/wp\/v2\/product_tag?post=1174"}],"curies":[{"name":"wp","href":"https:\/\/api.w.org\/{rel}","templated":true}]}}