{"id":1183,"date":"2025-11-04T09:38:30","date_gmt":"2025-11-04T08:38:30","guid":{"rendered":"https:\/\/www.regionalis.shop\/alte-faeden\/?post_type=product&#038;p=1183"},"modified":"2025-11-04T09:38:30","modified_gmt":"2025-11-04T08:38:30","slug":"handbestickter-brautbeutel-aus-elfenbeinfarbener-wolle-mit-suesswasser-perlen","status":"publish","type":"product","link":"https:\/\/www.regionalis.shop\/alte-faeden\/shop\/handbestickter-brautbeutel-aus-elfenbeinfarbener-wolle-mit-suesswasser-perlen\/","title":{"rendered":"handbestickter Brautbeutel aus elfenbeinfarbener Wolle mit S\u00fc\u00dfwasser-Perlen"},"content":{"rendered":"<ul>\n<li>elfenbeinfarbener Wollstoff (mit leicht gelblichem Einschlag)<\/li>\n<li>handbestickt mit einem Herz aus Seidenf\u00e4den und echten S\u00fc\u00dfwasserperlen<\/li>\n<li>komplett gef\u00fcttert mit elfenbeinfarbenem Satinstoff<\/li>\n<li>mit verst\u00e4rktem Boden und gro\u00df genug f\u00fcr Handy und Co.<\/li>\n<li>14 cm Durchmesser, H\u00f6he ca. 32 cm<\/li>\n<li>Das perfekte Accessoire zum Hochzeitsdirndl!<\/li>\n<li>Gerne wird vor Kauf eine Stoffprobe versendet &#8211; damit die Tasche perfekt zum Brautkleid\/Brautdirndl passt!<\/li>\n<\/ul>\n","protected":false},"excerpt":{"rendered":"<p>Hochwertiger handbestickter Hochzeits-\/Brautbeutel.<\/p>\n","protected":false},"featured_media":1184,"template":"","meta":{"_acf_changed":false},"product_brand":[],"product_cat":[142,168],"product_tag":[],"class_list":{"0":"post-1183","1":"product","2":"type-product","3":"status-publish","4":"has-post-thumbnail","6":"product_cat-handtaschen","7":"product_cat-sonstiges-taschen","9":"first","10":"instock","11":"purchasable","12":"product-type-simple"},"acf":[],"_links":{"self":[{"href":"https:\/\/www.regionalis.shop\/alte-faeden\/wp-json\/wp\/v2\/product\/1183","targetHints":{"allow":["GET"]}}],"collection":[{"href":"https:\/\/www.regionalis.shop\/alte-faeden\/wp-json\/wp\/v2\/product"}],"about":[{"href":"https:\/\/www.regionalis.shop\/alte-faeden\/wp-json\/wp\/v2\/types\/product"}],"wp:featuredmedia":[{"embeddable":true,"href":"https:\/\/www.regionalis.shop\/alte-faeden\/wp-json\/wp\/v2\/media\/1184"}],"wp:attachment":[{"href":"https:\/\/www.regionalis.shop\/alte-faeden\/wp-json\/wp\/v2\/media?parent=1183"}],"wp:term":[{"taxonomy":"product_brand","embeddable":true,"href":"https:\/\/www.regionalis.shop\/alte-faeden\/wp-json\/wp\/v2\/product_brand?post=1183"},{"taxonomy":"product_cat","embeddable":true,"href":"https:\/\/www.regionalis.shop\/alte-faeden\/wp-json\/wp\/v2\/product_cat?post=1183"},{"taxonomy":"product_tag","embeddable":true,"href":"https:\/\/www.regionalis.shop\/alte-faeden\/wp-json\/wp\/v2\/product_tag?post=1183"}],"curies":[{"name":"wp","href":"https:\/\/api.w.org\/{rel}","templated":true}]}}