{"id":1080,"date":"2025-04-18T04:57:40","date_gmt":"2025-04-18T02:57:40","guid":{"rendered":"https:\/\/www.regionalis.shop\/altholz-xyz\/product\/altholz-holz-lampe-leuchte-tischlampe-mit-alten-anker-industrial\/"},"modified":"2025-04-18T04:57:40","modified_gmt":"2025-04-18T02:57:40","slug":"altholz-holz-lampe-leuchte-tischlampe-mit-alten-anker-industrial","status":"publish","type":"product","link":"https:\/\/www.regionalis.shop\/altholz-xyz\/shop\/altholz-holz-lampe-leuchte-tischlampe-mit-alten-anker-industrial\/","title":{"rendered":"Altholz Holz Lampe Leuchte Tischlampe mit alten Anker Industrial"},"content":{"rendered":"<p>aussergew\u00f6hnliches St\u00fcck, aus einen alte handgehackten Altholzbalken, mit alten Metallanker als Deko, inkl. Leuchtmittel, Kabell\u00e4nge ca. 3 Meter, <\/p>\n<p>Gr.: 55cm x 41cm<\/p>\n","protected":false},"excerpt":{"rendered":"<p>aussergew\u00f6hnliches St\u00fcck, aus einen alte handgehackten Altholzbalken, mit alten Metallanker als Deko, inkl. Leuchtmittel, Kabell\u00e4nge ca. 3 Meter, Gr.: 55cm x 41cm<\/p>\n","protected":false},"featured_media":1081,"template":"","meta":{"_acf_changed":false},"product_brand":[],"product_cat":[156,103],"product_tag":[],"class_list":{"0":"post-1080","1":"product","2":"type-product","3":"status-publish","4":"has-post-thumbnail","6":"product_cat-lampen-beleuchtung","7":"product_cat-wohnen-deko","9":"first","10":"instock","11":"purchasable","12":"product-type-simple"},"acf":[],"_links":{"self":[{"href":"https:\/\/www.regionalis.shop\/altholz-xyz\/wp-json\/wp\/v2\/product\/1080","targetHints":{"allow":["GET"]}}],"collection":[{"href":"https:\/\/www.regionalis.shop\/altholz-xyz\/wp-json\/wp\/v2\/product"}],"about":[{"href":"https:\/\/www.regionalis.shop\/altholz-xyz\/wp-json\/wp\/v2\/types\/product"}],"wp:featuredmedia":[{"embeddable":true,"href":"https:\/\/www.regionalis.shop\/altholz-xyz\/wp-json\/wp\/v2\/media\/1081"}],"wp:attachment":[{"href":"https:\/\/www.regionalis.shop\/altholz-xyz\/wp-json\/wp\/v2\/media?parent=1080"}],"wp:term":[{"taxonomy":"product_brand","embeddable":true,"href":"https:\/\/www.regionalis.shop\/altholz-xyz\/wp-json\/wp\/v2\/product_brand?post=1080"},{"taxonomy":"product_cat","embeddable":true,"href":"https:\/\/www.regionalis.shop\/altholz-xyz\/wp-json\/wp\/v2\/product_cat?post=1080"},{"taxonomy":"product_tag","embeddable":true,"href":"https:\/\/www.regionalis.shop\/altholz-xyz\/wp-json\/wp\/v2\/product_tag?post=1080"}],"curies":[{"name":"wp","href":"https:\/\/api.w.org\/{rel}","templated":true}]}}