{"id":1098,"date":"2025-04-18T04:56:51","date_gmt":"2025-04-18T02:56:51","guid":{"rendered":"https:\/\/www.regionalis.shop\/altholz-xyz\/product\/altholz-holz-haengeleuchte-pendelleuchte\/"},"modified":"2025-04-18T04:56:51","modified_gmt":"2025-04-18T02:56:51","slug":"altholz-holz-haengeleuchte-pendelleuchte","status":"publish","type":"product","link":"https:\/\/www.regionalis.shop\/altholz-xyz\/shop\/altholz-holz-haengeleuchte-pendelleuchte\/","title":{"rendered":"Altholz Holz H\u00e4ngeleuchte Pendelleuchte"},"content":{"rendered":"<p>aussergew\u00f6hnliches St\u00fcck, aus einen alte handgehackten Altholzbalken, inkl. Leuchtmittel, an Stahlseilen bis 1 Meter abh\u00e4ngbar<\/p>\n<p>Gr.: 62cm x 24cm x 5,5cm <\/p>\n<p>Auf Wunsch auch mehr Spots machbar.<\/p>\n","protected":false},"excerpt":{"rendered":"<p>aussergew\u00f6hnliches St\u00fcck, aus einen alte handgehackten Altholzbalken, inkl. Leuchtmittel, an Stahlseilen bis 1 Meter abh\u00e4ngbar Gr.: 62cm x 24cm x 5,5cm Auf Wunsch auch mehr Spots machbar.<\/p>\n","protected":false},"featured_media":1099,"template":"","meta":{"_acf_changed":false},"product_brand":[],"product_cat":[156,103],"product_tag":[],"class_list":{"0":"post-1098","1":"product","2":"type-product","3":"status-publish","4":"has-post-thumbnail","6":"product_cat-lampen-beleuchtung","7":"product_cat-wohnen-deko","9":"first","10":"instock","11":"purchasable","12":"product-type-simple"},"acf":[],"_links":{"self":[{"href":"https:\/\/www.regionalis.shop\/altholz-xyz\/wp-json\/wp\/v2\/product\/1098","targetHints":{"allow":["GET"]}}],"collection":[{"href":"https:\/\/www.regionalis.shop\/altholz-xyz\/wp-json\/wp\/v2\/product"}],"about":[{"href":"https:\/\/www.regionalis.shop\/altholz-xyz\/wp-json\/wp\/v2\/types\/product"}],"wp:featuredmedia":[{"embeddable":true,"href":"https:\/\/www.regionalis.shop\/altholz-xyz\/wp-json\/wp\/v2\/media\/1099"}],"wp:attachment":[{"href":"https:\/\/www.regionalis.shop\/altholz-xyz\/wp-json\/wp\/v2\/media?parent=1098"}],"wp:term":[{"taxonomy":"product_brand","embeddable":true,"href":"https:\/\/www.regionalis.shop\/altholz-xyz\/wp-json\/wp\/v2\/product_brand?post=1098"},{"taxonomy":"product_cat","embeddable":true,"href":"https:\/\/www.regionalis.shop\/altholz-xyz\/wp-json\/wp\/v2\/product_cat?post=1098"},{"taxonomy":"product_tag","embeddable":true,"href":"https:\/\/www.regionalis.shop\/altholz-xyz\/wp-json\/wp\/v2\/product_tag?post=1098"}],"curies":[{"name":"wp","href":"https:\/\/api.w.org\/{rel}","templated":true}]}}