{"id":3,"date":"2023-10-31T09:02:46","date_gmt":"2023-10-31T09:02:46","guid":{"rendered":"https:\/\/stage.shop-it.at\/?page_id=3"},"modified":"2025-10-23T16:29:26","modified_gmt":"2025-10-23T14:29:26","slug":"datenschutzerklarung","status":"publish","type":"page","link":"https:\/\/www.regionalis.shop\/artstube\/datenschutzerklarung\/","title":{"rendered":"Datenschutzerkl\u00e4rung"},"content":{"rendered":"<section>\n            <p>In der ArtStube trifft schlichte Eleganz auf Liebe zu kleinen Details.<\/p>\n<p>Die Entstehung des Labels ist eine Liebesgeschichte, die bereits in den Kinderjahren begonnen hat: Malen, Sch\u00f6nschreiben, Zeichnen, Gestalten, Schriften und sch\u00f6ne Papeterie haben mich immer schon fasziniert.<\/p>\n<p>Daraus ist eine ganz besondere Liebe geworden und aus dieser Liebe hat sich ein kleiner, gro\u00dfer Traum f\u00fcr mich erf\u00fcllt: mein eigenes kleines Label \u201cArtStube\u201d.<\/p>\n<p>Liebevoll kreiere ich pers\u00f6nliche, individuelle Papeterie, Beschriftungen, Dekos und Geschenke \u2013 haupts\u00e4chlich mit moderner Kalligrafie und Aquarellmotiven.<\/p>\n<p>Auch Veredelungen wie Letterpress, Hei\u00dffolienpr\u00e4gungen und Wachssiegel setze ich h\u00e4ndisch in meiner Werkstatt im Bregenzerwald um.<\/p>\n<p>www.artstube.at<\/p>\n\n    <\/section>","protected":false},"excerpt":{"rendered":"","protected":false},"author":1,"featured_media":0,"parent":0,"menu_order":0,"comment_status":"closed","ping_status":"closed","template":"","meta":{"_acf_changed":false,"footnotes":""},"class_list":["post-3","page","type-page","status-publish","hentry"],"acf":[],"_links":{"self":[{"href":"https:\/\/www.regionalis.shop\/artstube\/wp-json\/wp\/v2\/pages\/3","targetHints":{"allow":["GET"]}}],"collection":[{"href":"https:\/\/www.regionalis.shop\/artstube\/wp-json\/wp\/v2\/pages"}],"about":[{"href":"https:\/\/www.regionalis.shop\/artstube\/wp-json\/wp\/v2\/types\/page"}],"author":[{"embeddable":true,"href":"https:\/\/www.regionalis.shop\/artstube\/wp-json\/wp\/v2\/users\/1"}],"replies":[{"embeddable":true,"href":"https:\/\/www.regionalis.shop\/artstube\/wp-json\/wp\/v2\/comments?post=3"}],"version-history":[{"count":4,"href":"https:\/\/www.regionalis.shop\/artstube\/wp-json\/wp\/v2\/pages\/3\/revisions"}],"predecessor-version":[{"id":1047,"href":"https:\/\/www.regionalis.shop\/artstube\/wp-json\/wp\/v2\/pages\/3\/revisions\/1047"}],"wp:attachment":[{"href":"https:\/\/www.regionalis.shop\/artstube\/wp-json\/wp\/v2\/media?parent=3"}],"curies":[{"name":"wp","href":"https:\/\/api.w.org\/{rel}","templated":true}]}}