{"id":862,"date":"2025-05-24T13:44:06","date_gmt":"2025-05-24T11:44:06","guid":{"rendered":"https:\/\/starter.stage.shop-it.at\/?page_id=862"},"modified":"2025-10-23T15:21:37","modified_gmt":"2025-10-23T13:21:37","slug":"startseite","status":"publish","type":"page","link":"https:\/\/www.regionalis.shop\/artstube\/","title":{"rendered":"Startseite"},"content":{"rendered":"<section>\n    <div class=\"header-title\">\n        <h1 class=\"h2\">Willkommen bei ArtStube<\/h1>\n    <\/div>\n            <h2 class=\"h3\">Handgemacht in Au im Bregenzerwald<\/h2>\n                <p>In der ArtStube trifft schlichte Eleganz auf Liebe zu kleinen Details.<\/p>\n<p>Die Entstehung des Labels ist eine Liebesgeschichte, die bereits in den Kinderjahren begonnen hat: Malen, Sch\u00f6nschreiben, Zeichnen, Gestalten, Schriften und sch\u00f6ne Papeterie haben mich immer schon fasziniert.<\/p>\n<p>Daraus ist eine ganz besondere Liebe geworden und aus dieser Liebe hat sich ein kleiner, gro\u00dfer Traum f\u00fcr mich erf\u00fcllt: mein eigenes kleines Label \u201cArtStube\u201d.<\/p>\n<p>Liebevoll kreiere ich pers\u00f6nliche, individuelle Papeterie, Beschriftungen, Dekos und Geschenke \u2013 haupts\u00e4chlich mit moderner Kalligrafie und Aquarellmotiven.<\/p>\n<p>Auch Veredelungen wie Letterpress, Hei\u00dffolienpr\u00e4gungen und Wachssiegel setze ich h\u00e4ndisch in meiner Werkstatt im Bregenzerwald um.<\/p>\n<p>www.artstube.at<\/p>\n\n    \n    <h3>Produkte<\/h3>\n\n    <div class=\"woocommerce columns-3 \"><ul class=\"products columns-3\">\n<li class=\"product type-product post-1060 status-publish first instock product_cat-geschenk-gruskarten product_cat-papeterie-schreibwaren has-post-thumbnail purchasable product-type-simple\">\n\t<a href=\"https:\/\/www.regionalis.shop\/artstube\/shop\/karte-tanzen\/\" class=\"woocommerce-LoopProduct-link woocommerce-loop-product__link\"><div class=\"wc-block-grid__product-image\"><img loading=\"lazy\" decoding=\"async\" width=\"420\" height=\"420\" src=\"https:\/\/www.regionalis.shop\/app\/uploads\/sites\/38\/223_2020_03_20_23_45_37_154233425.jpg\" class=\"attachment-large size-large\" alt=\"Karte &#039;tanzen&#039;\" srcset=\"https:\/\/www.regionalis.shop\/app\/uploads\/sites\/38\/223_2020_03_20_23_45_37_154233425.jpg 420w, https:\/\/www.regionalis.shop\/app\/uploads\/sites\/38\/223_2020_03_20_23_45_37_154233425-300x300.jpg 300w, https:\/\/www.regionalis.shop\/app\/uploads\/sites\/38\/223_2020_03_20_23_45_37_154233425-150x150.jpg 150w, https:\/\/www.regionalis.shop\/app\/uploads\/sites\/38\/223_2020_03_20_23_45_37_154233425-100x100.jpg 100w\" sizes=\"auto, (max-width: 420px) 100vw, 420px\" \/><\/div><h2 class=\"woocommerce-loop-product__title\">Karte &#8218;tanzen&#8216;<\/h2>\n\t<span class=\"price\"><span class=\"woocommerce-Price-amount amount\"><bdi>3,00&nbsp;<span class=\"woocommerce-Price-currencySymbol\">&euro;<\/span><\/bdi><\/span><\/span>\n<\/a><\/li>\n<li class=\"product type-product post-1057 status-publish instock product_cat-geschenk-gruskarten product_cat-papeterie-schreibwaren has-post-thumbnail purchasable product-type-simple\">\n\t<a href=\"https:\/\/www.regionalis.shop\/artstube\/shop\/karte-herz\/\" class=\"woocommerce-LoopProduct-link woocommerce-loop-product__link\"><div class=\"wc-block-grid__product-image\"><img loading=\"lazy\" decoding=\"async\" width=\"420\" height=\"420\" src=\"https:\/\/www.regionalis.shop\/app\/uploads\/sites\/38\/223_2020_03_20_23_44_37_372698317.jpg\" class=\"attachment-large size-large\" alt=\"Karte &#039;Herz&#039;\" srcset=\"https:\/\/www.regionalis.shop\/app\/uploads\/sites\/38\/223_2020_03_20_23_44_37_372698317.jpg 420w, https:\/\/www.regionalis.shop\/app\/uploads\/sites\/38\/223_2020_03_20_23_44_37_372698317-300x300.jpg 300w, https:\/\/www.regionalis.shop\/app\/uploads\/sites\/38\/223_2020_03_20_23_44_37_372698317-150x150.jpg 150w, https:\/\/www.regionalis.shop\/app\/uploads\/sites\/38\/223_2020_03_20_23_44_37_372698317-100x100.jpg 100w\" sizes=\"auto, (max-width: 420px) 100vw, 420px\" \/><\/div><h2 class=\"woocommerce-loop-product__title\">Karte &#8218;Herz&#8216;<\/h2>\n\t<span class=\"price\"><span class=\"woocommerce-Price-amount amount\"><bdi>3,00&nbsp;<span class=\"woocommerce-Price-currencySymbol\">&euro;<\/span><\/bdi><\/span><\/span>\n<\/a><\/li>\n<li class=\"product type-product post-1055 status-publish last instock product_cat-geschenk-gruskarten product_cat-papeterie-schreibwaren has-post-thumbnail purchasable product-type-simple\">\n\t<a href=\"https:\/\/www.regionalis.shop\/artstube\/shop\/karte-feiern\/\" class=\"woocommerce-LoopProduct-link woocommerce-loop-product__link\"><div class=\"wc-block-grid__product-image\"><img loading=\"lazy\" decoding=\"async\" width=\"420\" height=\"420\" src=\"https:\/\/www.regionalis.shop\/app\/uploads\/sites\/38\/223_2020_03_20_23_42_01_700980599.jpg\" class=\"attachment-large size-large\" alt=\"Karte &#039;feiern&#039;\" srcset=\"https:\/\/www.regionalis.shop\/app\/uploads\/sites\/38\/223_2020_03_20_23_42_01_700980599.jpg 420w, https:\/\/www.regionalis.shop\/app\/uploads\/sites\/38\/223_2020_03_20_23_42_01_700980599-300x300.jpg 300w, https:\/\/www.regionalis.shop\/app\/uploads\/sites\/38\/223_2020_03_20_23_42_01_700980599-150x150.jpg 150w, https:\/\/www.regionalis.shop\/app\/uploads\/sites\/38\/223_2020_03_20_23_42_01_700980599-100x100.jpg 100w\" sizes=\"auto, (max-width: 420px) 100vw, 420px\" \/><\/div><h2 class=\"woocommerce-loop-product__title\">Karte &#8218;feiern&#8216;<\/h2>\n\t<span class=\"price\"><span class=\"woocommerce-Price-amount amount\"><bdi>3,00&nbsp;<span class=\"woocommerce-Price-currencySymbol\">&euro;<\/span><\/bdi><\/span><\/span>\n<\/a><\/li>\n<\/ul>\n<\/div>\n    <p>\n        <a href=\"https:\/\/www.regionalis.shop\/artstube\/shop\/\" class=\"btn btn-primary btn-icon-right\">\n            Alle Produkte <i class=\"bi bi-arrow-right-short\"><\/i>\n        <\/a>\n    <\/p>\n<\/section>\n\n<div data-block-name=\"woocommerce\/store-notices\" class=\"wc-block-store-notices woocommerce alignwide alignwide wp-block-woocommerce-store-notices\"><div class=\"woocommerce-notices-wrapper\"><\/div><\/div>","protected":false},"excerpt":{"rendered":"","protected":false},"author":1,"featured_media":0,"parent":0,"menu_order":0,"comment_status":"closed","ping_status":"closed","template":"template-home.blade.php","meta":{"_acf_changed":false,"footnotes":""},"class_list":["post-862","page","type-page","status-publish","hentry"],"acf":[],"_links":{"self":[{"href":"https:\/\/www.regionalis.shop\/artstube\/wp-json\/wp\/v2\/pages\/862","targetHints":{"allow":["GET"]}}],"collection":[{"href":"https:\/\/www.regionalis.shop\/artstube\/wp-json\/wp\/v2\/pages"}],"about":[{"href":"https:\/\/www.regionalis.shop\/artstube\/wp-json\/wp\/v2\/types\/page"}],"author":[{"embeddable":true,"href":"https:\/\/www.regionalis.shop\/artstube\/wp-json\/wp\/v2\/users\/1"}],"replies":[{"embeddable":true,"href":"https:\/\/www.regionalis.shop\/artstube\/wp-json\/wp\/v2\/comments?post=862"}],"version-history":[{"count":28,"href":"https:\/\/www.regionalis.shop\/artstube\/wp-json\/wp\/v2\/pages\/862\/revisions"}],"predecessor-version":[{"id":1041,"href":"https:\/\/www.regionalis.shop\/artstube\/wp-json\/wp\/v2\/pages\/862\/revisions\/1041"}],"wp:attachment":[{"href":"https:\/\/www.regionalis.shop\/artstube\/wp-json\/wp\/v2\/media?parent=862"}],"curies":[{"name":"wp","href":"https:\/\/api.w.org\/{rel}","templated":true}]}}