{"id":1057,"date":"2025-04-28T04:18:16","date_gmt":"2025-04-28T02:18:16","guid":{"rendered":"https:\/\/www.regionalis.shop\/artstube\/product\/karte-herz\/"},"modified":"2025-04-28T04:18:16","modified_gmt":"2025-04-28T02:18:16","slug":"karte-herz","status":"publish","type":"product","link":"https:\/\/www.regionalis.shop\/artstube\/shop\/karte-herz\/","title":{"rendered":"Karte &#8218;Herz&#8216;"},"content":{"rendered":"<p>Letterpress-Postkarte inkl. Kuvert<br \/>\nh\u00e4ndisch gedruckt &#038; veredelt auf 400-600 g Papier<br \/>\nLetterpress verleiht eine besondere Haptik!<br \/>\nHei\u00dffoliengepr\u00e4gtes Herz<\/p>\n","protected":false},"excerpt":{"rendered":"<p>Letterpress-Postkarte inkl. Kuvert h\u00e4ndisch gedruckt &#038; veredelt auf 400-600 g Papier Letterpress verleiht eine besondere Haptik! Hei\u00dffoliengepr\u00e4gtes Herz<\/p>\n","protected":false},"featured_media":1058,"template":"","meta":{"_acf_changed":false},"product_brand":[],"product_cat":[134,62],"product_tag":[],"class_list":{"0":"post-1057","1":"product","2":"type-product","3":"status-publish","4":"has-post-thumbnail","6":"product_cat-geschenk-gruskarten","7":"product_cat-papeterie-schreibwaren","9":"first","10":"instock","11":"purchasable","12":"product-type-simple"},"acf":[],"_links":{"self":[{"href":"https:\/\/www.regionalis.shop\/artstube\/wp-json\/wp\/v2\/product\/1057","targetHints":{"allow":["GET"]}}],"collection":[{"href":"https:\/\/www.regionalis.shop\/artstube\/wp-json\/wp\/v2\/product"}],"about":[{"href":"https:\/\/www.regionalis.shop\/artstube\/wp-json\/wp\/v2\/types\/product"}],"wp:featuredmedia":[{"embeddable":true,"href":"https:\/\/www.regionalis.shop\/artstube\/wp-json\/wp\/v2\/media\/1058"}],"wp:attachment":[{"href":"https:\/\/www.regionalis.shop\/artstube\/wp-json\/wp\/v2\/media?parent=1057"}],"wp:term":[{"taxonomy":"product_brand","embeddable":true,"href":"https:\/\/www.regionalis.shop\/artstube\/wp-json\/wp\/v2\/product_brand?post=1057"},{"taxonomy":"product_cat","embeddable":true,"href":"https:\/\/www.regionalis.shop\/artstube\/wp-json\/wp\/v2\/product_cat?post=1057"},{"taxonomy":"product_tag","embeddable":true,"href":"https:\/\/www.regionalis.shop\/artstube\/wp-json\/wp\/v2\/product_tag?post=1057"}],"curies":[{"name":"wp","href":"https:\/\/api.w.org\/{rel}","templated":true}]}}