{"id":1062,"date":"2025-04-28T04:09:40","date_gmt":"2025-04-28T02:09:40","guid":{"rendered":"https:\/\/www.regionalis.shop\/artstube\/product\/schindele-das-leben-tanzen\/"},"modified":"2025-04-28T04:09:40","modified_gmt":"2025-04-28T02:09:40","slug":"schindele-das-leben-tanzen","status":"publish","type":"product","link":"https:\/\/www.regionalis.shop\/artstube\/shop\/schindele-das-leben-tanzen\/","title":{"rendered":"Schindele &#8218;das Leben tanzen&#8216;"},"content":{"rendered":"<p>Schindele (traditionelle Bregenzerw\u00e4lder Fassadenverkleidung) mit Spruch<br \/>\nGr\u00f6\u00dfe: ca 22&#215;11 cm &#8211; die Gr\u00f6\u00dfe kann um ca 2-3 cm variieren<br \/>\nB\u00fcttenpapier mit gerissenen Kanten<br \/>\ninkl. Aufh\u00e4nger<\/p>\n","protected":false},"excerpt":{"rendered":"<p>Schindele (traditionelle Bregenzerw\u00e4lder Fassadenverkleidung) mit Spruch Gr\u00f6\u00dfe: ca 22&#215;11 cm &#8211; die Gr\u00f6\u00dfe kann um ca 2-3 cm variieren B\u00fcttenpapier mit gerissenen Kanten inkl. Aufh\u00e4nger<\/p>\n","protected":false},"featured_media":1063,"template":"","meta":{"_acf_changed":false},"product_brand":[],"product_cat":[174,103],"product_tag":[],"class_list":{"0":"post-1062","1":"product","2":"type-product","3":"status-publish","4":"has-post-thumbnail","6":"product_cat-wohndekoration","7":"product_cat-wohnen-deko","9":"first","10":"instock","11":"purchasable","12":"product-type-simple"},"acf":[],"_links":{"self":[{"href":"https:\/\/www.regionalis.shop\/artstube\/wp-json\/wp\/v2\/product\/1062","targetHints":{"allow":["GET"]}}],"collection":[{"href":"https:\/\/www.regionalis.shop\/artstube\/wp-json\/wp\/v2\/product"}],"about":[{"href":"https:\/\/www.regionalis.shop\/artstube\/wp-json\/wp\/v2\/types\/product"}],"wp:featuredmedia":[{"embeddable":true,"href":"https:\/\/www.regionalis.shop\/artstube\/wp-json\/wp\/v2\/media\/1063"}],"wp:attachment":[{"href":"https:\/\/www.regionalis.shop\/artstube\/wp-json\/wp\/v2\/media?parent=1062"}],"wp:term":[{"taxonomy":"product_brand","embeddable":true,"href":"https:\/\/www.regionalis.shop\/artstube\/wp-json\/wp\/v2\/product_brand?post=1062"},{"taxonomy":"product_cat","embeddable":true,"href":"https:\/\/www.regionalis.shop\/artstube\/wp-json\/wp\/v2\/product_cat?post=1062"},{"taxonomy":"product_tag","embeddable":true,"href":"https:\/\/www.regionalis.shop\/artstube\/wp-json\/wp\/v2\/product_tag?post=1062"}],"curies":[{"name":"wp","href":"https:\/\/api.w.org\/{rel}","templated":true}]}}