{"id":1076,"date":"2025-04-18T06:40:50","date_gmt":"2025-04-18T04:40:50","guid":{"rendered":"https:\/\/www.regionalis.shop\/artstube\/product\/geschenkanhaenger-ostern\/"},"modified":"2025-04-18T06:40:50","modified_gmt":"2025-04-18T04:40:50","slug":"geschenkanhaenger-ostern","status":"publish","type":"product","link":"https:\/\/www.regionalis.shop\/artstube\/shop\/geschenkanhaenger-ostern\/","title":{"rendered":"Geschenkanh\u00e4nger Ostern"},"content":{"rendered":"<p>Geschenkanh\u00e4ngerset Ostern \u00e0 4 Stk (+ 1 \u00dcberraschungsanh\u00e4nger)<br \/>\nca 70 x 50 mm, 350 g Papier<\/p>\n","protected":false},"excerpt":{"rendered":"<p>Geschenkanh\u00e4ngerset Ostern \u00e0 4 Stk (+ 1 \u00dcberraschungsanh\u00e4nger) ca 70 x 50 mm, 350 g Papier<\/p>\n","protected":false},"featured_media":1077,"template":"","meta":{"_acf_changed":false},"product_brand":[],"product_cat":[116,62],"product_tag":[],"class_list":{"0":"post-1076","1":"product","2":"type-product","3":"status-publish","4":"has-post-thumbnail","6":"product_cat-billets-geschenkanhanger","7":"product_cat-papeterie-schreibwaren","9":"first","10":"instock","11":"purchasable","12":"product-type-simple"},"acf":[],"_links":{"self":[{"href":"https:\/\/www.regionalis.shop\/artstube\/wp-json\/wp\/v2\/product\/1076","targetHints":{"allow":["GET"]}}],"collection":[{"href":"https:\/\/www.regionalis.shop\/artstube\/wp-json\/wp\/v2\/product"}],"about":[{"href":"https:\/\/www.regionalis.shop\/artstube\/wp-json\/wp\/v2\/types\/product"}],"wp:featuredmedia":[{"embeddable":true,"href":"https:\/\/www.regionalis.shop\/artstube\/wp-json\/wp\/v2\/media\/1077"}],"wp:attachment":[{"href":"https:\/\/www.regionalis.shop\/artstube\/wp-json\/wp\/v2\/media?parent=1076"}],"wp:term":[{"taxonomy":"product_brand","embeddable":true,"href":"https:\/\/www.regionalis.shop\/artstube\/wp-json\/wp\/v2\/product_brand?post=1076"},{"taxonomy":"product_cat","embeddable":true,"href":"https:\/\/www.regionalis.shop\/artstube\/wp-json\/wp\/v2\/product_cat?post=1076"},{"taxonomy":"product_tag","embeddable":true,"href":"https:\/\/www.regionalis.shop\/artstube\/wp-json\/wp\/v2\/product_tag?post=1076"}],"curies":[{"name":"wp","href":"https:\/\/api.w.org\/{rel}","templated":true}]}}