{"id":1055,"date":"2025-04-28T03:50:17","date_gmt":"2025-04-28T01:50:17","guid":{"rendered":"https:\/\/www.regionalis.shop\/bastina-wien\/product\/laetzchen-wassermeloni\/"},"modified":"2025-04-28T03:50:17","modified_gmt":"2025-04-28T01:50:17","slug":"laetzchen-wassermeloni","status":"publish","type":"product","link":"https:\/\/www.regionalis.shop\/bastina-wien\/shop\/laetzchen-wassermeloni\/","title":{"rendered":"L\u00e4tzchen Wassermeloni"},"content":{"rendered":"<p>Handgen\u00e4htes L\u00e4tzchen aus sommerlichem Wassermelonenstoff. Auf der R\u00fcckseite ist ein wei\u00dfer Jersey-Frotee. Das L\u00e4tzchen hat zwei Druckkn\u00f6pfe und passt somit um jeden Babyhals \ud83d\ude42<\/p>\n<p>Das L\u00e4tzchen darf bei 40\u00b0C in der Waschmaschine gewaschen werden.<br \/>\nAlle Stoffe sind nach \u00d6kotex100 hergestellt und mit viel Liebe gen\u00e4ht.<\/p>\n","protected":false},"excerpt":{"rendered":"<p>Handgen\u00e4htes L\u00e4tzchen aus sommerlichem Wassermelonenstoff. Auf der R\u00fcckseite ist ein wei\u00dfer Jersey-Frotee. Das L\u00e4tzchen hat zwei Druckkn\u00f6pfe und passt somit um jeden Babyhals \ud83d\ude42 Das L\u00e4tzchen darf bei 40\u00b0C in der Waschmaschine gewaschen werden. Alle Stoffe sind nach \u00d6kotex100 hergestellt und mit viel Liebe gen\u00e4ht.<\/p>\n","protected":false},"featured_media":1056,"template":"","meta":{"_acf_changed":false},"product_brand":[],"product_cat":[107,38],"product_tag":[],"class_list":{"0":"post-1055","1":"product","2":"type-product","3":"status-publish","4":"has-post-thumbnail","6":"product_cat-accessoires-baby-kinder","7":"product_cat-baby-kinder","9":"first","10":"instock","11":"purchasable","12":"product-type-simple"},"acf":[],"_links":{"self":[{"href":"https:\/\/www.regionalis.shop\/bastina-wien\/wp-json\/wp\/v2\/product\/1055","targetHints":{"allow":["GET"]}}],"collection":[{"href":"https:\/\/www.regionalis.shop\/bastina-wien\/wp-json\/wp\/v2\/product"}],"about":[{"href":"https:\/\/www.regionalis.shop\/bastina-wien\/wp-json\/wp\/v2\/types\/product"}],"wp:featuredmedia":[{"embeddable":true,"href":"https:\/\/www.regionalis.shop\/bastina-wien\/wp-json\/wp\/v2\/media\/1056"}],"wp:attachment":[{"href":"https:\/\/www.regionalis.shop\/bastina-wien\/wp-json\/wp\/v2\/media?parent=1055"}],"wp:term":[{"taxonomy":"product_brand","embeddable":true,"href":"https:\/\/www.regionalis.shop\/bastina-wien\/wp-json\/wp\/v2\/product_brand?post=1055"},{"taxonomy":"product_cat","embeddable":true,"href":"https:\/\/www.regionalis.shop\/bastina-wien\/wp-json\/wp\/v2\/product_cat?post=1055"},{"taxonomy":"product_tag","embeddable":true,"href":"https:\/\/www.regionalis.shop\/bastina-wien\/wp-json\/wp\/v2\/product_tag?post=1055"}],"curies":[{"name":"wp","href":"https:\/\/api.w.org\/{rel}","templated":true}]}}