{"id":1058,"date":"2025-04-28T03:41:26","date_gmt":"2025-04-28T01:41:26","guid":{"rendered":"https:\/\/www.regionalis.shop\/bastina-wien\/product\/windeltasche-kunterbunte-party\/"},"modified":"2025-04-28T03:41:26","modified_gmt":"2025-04-28T01:41:26","slug":"windeltasche-kunterbunte-party","status":"publish","type":"product","link":"https:\/\/www.regionalis.shop\/bastina-wien\/shop\/windeltasche-kunterbunte-party\/","title":{"rendered":"Windeltasche kunterbunte Party"},"content":{"rendered":"<p>Handgen\u00e4hte Windeltasche aus sch\u00f6nem Fuchs Stoff mit zwei Druckkn\u00f6pfen.<br \/>\nIn der Tasche hast du Platz f\u00fcr mehrere Windeln (in allen Gr\u00f6\u00dfen), eine Packung Feuchtt\u00fccher, Cremen, Mutterkind-Pass und und und.<br \/>\nPerfekt f\u00fcr unterwegs- denn diese Windeltasche passt auch in eine normale Handtasche. <\/p>\n<p>M\u00f6chtest du deine Windeltasche mit einem pers\u00f6nlichen Namen bestickt haben? Dann bist du hier genau richtig \ud83d\ude42<br \/>\nSchreib mir daf\u00fcr deinen Wunschnamen. Die Farbe des Namens wird passend zum Aussenstoff gew\u00e4hlt.<\/p>\n","protected":false},"excerpt":{"rendered":"<p>Handgen\u00e4hte Windeltasche aus sch\u00f6nem Fuchs Stoff mit zwei Druckkn\u00f6pfen. In der Tasche hast du Platz f\u00fcr mehrere Windeln (in allen Gr\u00f6\u00dfen), eine Packung Feuchtt\u00fccher, Cremen, Mutterkind-Pass und und und. Perfekt f\u00fcr unterwegs- denn diese Windeltasche passt auch in eine normale Handtasche. M\u00f6chtest du deine Windeltasche mit einem pers\u00f6nlichen Namen bestickt haben? Dann bist du hier &hellip; <a href=\"https:\/\/www.regionalis.shop\/bastina-wien\/shop\/windeltasche-kunterbunte-party\/\">Continued<\/a><\/p>\n","protected":false},"featured_media":1059,"template":"","meta":{"_acf_changed":false},"product_brand":[],"product_cat":[107,38],"product_tag":[],"class_list":{"0":"post-1058","1":"product","2":"type-product","3":"status-publish","4":"has-post-thumbnail","6":"product_cat-accessoires-baby-kinder","7":"product_cat-baby-kinder","9":"first","10":"instock","11":"purchasable","12":"product-type-simple"},"acf":[],"_links":{"self":[{"href":"https:\/\/www.regionalis.shop\/bastina-wien\/wp-json\/wp\/v2\/product\/1058","targetHints":{"allow":["GET"]}}],"collection":[{"href":"https:\/\/www.regionalis.shop\/bastina-wien\/wp-json\/wp\/v2\/product"}],"about":[{"href":"https:\/\/www.regionalis.shop\/bastina-wien\/wp-json\/wp\/v2\/types\/product"}],"wp:featuredmedia":[{"embeddable":true,"href":"https:\/\/www.regionalis.shop\/bastina-wien\/wp-json\/wp\/v2\/media\/1059"}],"wp:attachment":[{"href":"https:\/\/www.regionalis.shop\/bastina-wien\/wp-json\/wp\/v2\/media?parent=1058"}],"wp:term":[{"taxonomy":"product_brand","embeddable":true,"href":"https:\/\/www.regionalis.shop\/bastina-wien\/wp-json\/wp\/v2\/product_brand?post=1058"},{"taxonomy":"product_cat","embeddable":true,"href":"https:\/\/www.regionalis.shop\/bastina-wien\/wp-json\/wp\/v2\/product_cat?post=1058"},{"taxonomy":"product_tag","embeddable":true,"href":"https:\/\/www.regionalis.shop\/bastina-wien\/wp-json\/wp\/v2\/product_tag?post=1058"}],"curies":[{"name":"wp","href":"https:\/\/api.w.org\/{rel}","templated":true}]}}