{"id":1061,"date":"2025-04-28T03:35:21","date_gmt":"2025-04-28T01:35:21","guid":{"rendered":"https:\/\/www.regionalis.shop\/bastina-wien\/product\/bastina-windeltasche-avocado\/"},"modified":"2025-04-28T03:35:21","modified_gmt":"2025-04-28T01:35:21","slug":"bastina-windeltasche-avocado","status":"publish","type":"product","link":"https:\/\/www.regionalis.shop\/bastina-wien\/shop\/bastina-windeltasche-avocado\/","title":{"rendered":"Bastina Windeltasche Avocado"},"content":{"rendered":"<p>Handgen\u00e4hte Windeltasche aus sch\u00f6nem Avocado Stoff mit zwei Druckkn\u00f6pfen.<br \/>\nIn der Tasche hast du Platz f\u00fcr mehrere Windeln (in allen Gr\u00f6\u00dfen), eine Packung Feuchtt\u00fccher, Cremen, Mutterkind-Pass und und und. <\/p>\n<p>M\u00f6chtest du deine Windeltasche mit einem pers\u00f6nlichen Namen bestickt haben? Dann bist du hier genau richtig \ud83d\ude42<br \/>\n\/\/Da die Buchstaben von Hand gestickt werden, verlange ich pro Buchstabe 40 Cent\/\/<br \/>\nGib einfach in deiner Bestellung den gew\u00fcnschten Namen an.<\/p>\n","protected":false},"excerpt":{"rendered":"<p>Handgen\u00e4hte Windeltasche aus sch\u00f6nem Avocado Stoff mit zwei Druckkn\u00f6pfen. In der Tasche hast du Platz f\u00fcr mehrere Windeln (in allen Gr\u00f6\u00dfen), eine Packung Feuchtt\u00fccher, Cremen, Mutterkind-Pass und und und. M\u00f6chtest du deine Windeltasche mit einem pers\u00f6nlichen Namen bestickt haben? Dann bist du hier genau richtig \ud83d\ude42 \/\/Da die Buchstaben von Hand gestickt werden, verlange ich &hellip; <a href=\"https:\/\/www.regionalis.shop\/bastina-wien\/shop\/bastina-windeltasche-avocado\/\">Continued<\/a><\/p>\n","protected":false},"featured_media":1062,"template":"","meta":{"_acf_changed":false},"product_brand":[],"product_cat":[107,38],"product_tag":[],"class_list":{"0":"post-1061","1":"product","2":"type-product","3":"status-publish","4":"has-post-thumbnail","6":"product_cat-accessoires-baby-kinder","7":"product_cat-baby-kinder","9":"first","10":"instock","11":"purchasable","12":"product-type-simple"},"acf":[],"_links":{"self":[{"href":"https:\/\/www.regionalis.shop\/bastina-wien\/wp-json\/wp\/v2\/product\/1061","targetHints":{"allow":["GET"]}}],"collection":[{"href":"https:\/\/www.regionalis.shop\/bastina-wien\/wp-json\/wp\/v2\/product"}],"about":[{"href":"https:\/\/www.regionalis.shop\/bastina-wien\/wp-json\/wp\/v2\/types\/product"}],"wp:featuredmedia":[{"embeddable":true,"href":"https:\/\/www.regionalis.shop\/bastina-wien\/wp-json\/wp\/v2\/media\/1062"}],"wp:attachment":[{"href":"https:\/\/www.regionalis.shop\/bastina-wien\/wp-json\/wp\/v2\/media?parent=1061"}],"wp:term":[{"taxonomy":"product_brand","embeddable":true,"href":"https:\/\/www.regionalis.shop\/bastina-wien\/wp-json\/wp\/v2\/product_brand?post=1061"},{"taxonomy":"product_cat","embeddable":true,"href":"https:\/\/www.regionalis.shop\/bastina-wien\/wp-json\/wp\/v2\/product_cat?post=1061"},{"taxonomy":"product_tag","embeddable":true,"href":"https:\/\/www.regionalis.shop\/bastina-wien\/wp-json\/wp\/v2\/product_tag?post=1061"}],"curies":[{"name":"wp","href":"https:\/\/api.w.org\/{rel}","templated":true}]}}