{"id":1069,"date":"2025-04-28T03:32:00","date_gmt":"2025-04-28T01:32:00","guid":{"rendered":"https:\/\/www.regionalis.shop\/bastina-wien\/product\/bastina-kirschkernkissen-gold\/"},"modified":"2025-04-28T03:32:00","modified_gmt":"2025-04-28T01:32:00","slug":"bastina-kirschkernkissen-gold","status":"publish","type":"product","link":"https:\/\/www.regionalis.shop\/bastina-wien\/shop\/bastina-kirschkernkissen-gold\/","title":{"rendered":"Bastina Kirschkernkissen \u201eGold\u201c"},"content":{"rendered":"<p>Du frierst schnell und du suchst etwas ganz besonderes f\u00fcr unter die kuschelige Decke? Dieses Kirschkernkissen wird dich bestimmt w\u00e4rmen \ud83d\ude42<br \/>\nDu kannst das Kissen entweder in die Mikrowelle, in den Ofen oder an hei\u00dfen Tagen auch ins Tiefk\u00fchlfach geben. <\/p>\n<p>Der \u00dcberzug ist bei 30\u00b0C waschbar.<br \/>\n100% Baumwolle <\/p>\n<p>Die Kirschkerne wurden ohne Chemie gereinigt und schonend getrocknet.<\/p>\n","protected":false},"excerpt":{"rendered":"<p>Du frierst schnell und du suchst etwas ganz besonderes f\u00fcr unter die kuschelige Decke? Dieses Kirschkernkissen wird dich bestimmt w\u00e4rmen \ud83d\ude42 Du kannst das Kissen entweder in die Mikrowelle, in den Ofen oder an hei\u00dfen Tagen auch ins Tiefk\u00fchlfach geben. Der \u00dcberzug ist bei 30\u00b0C waschbar. 100% Baumwolle Die Kirschkerne wurden ohne Chemie gereinigt und &hellip; <a href=\"https:\/\/www.regionalis.shop\/bastina-wien\/shop\/bastina-kirschkernkissen-gold\/\">Continued<\/a><\/p>\n","protected":false},"featured_media":1070,"template":"","meta":{"_acf_changed":false},"product_brand":[],"product_cat":[103,104],"product_tag":[],"class_list":{"0":"post-1069","1":"product","2":"type-product","3":"status-publish","4":"has-post-thumbnail","6":"product_cat-wohnen-deko","7":"product_cat-wohntextilien","9":"first","10":"instock","11":"purchasable","12":"product-type-simple"},"acf":[],"_links":{"self":[{"href":"https:\/\/www.regionalis.shop\/bastina-wien\/wp-json\/wp\/v2\/product\/1069","targetHints":{"allow":["GET"]}}],"collection":[{"href":"https:\/\/www.regionalis.shop\/bastina-wien\/wp-json\/wp\/v2\/product"}],"about":[{"href":"https:\/\/www.regionalis.shop\/bastina-wien\/wp-json\/wp\/v2\/types\/product"}],"wp:featuredmedia":[{"embeddable":true,"href":"https:\/\/www.regionalis.shop\/bastina-wien\/wp-json\/wp\/v2\/media\/1070"}],"wp:attachment":[{"href":"https:\/\/www.regionalis.shop\/bastina-wien\/wp-json\/wp\/v2\/media?parent=1069"}],"wp:term":[{"taxonomy":"product_brand","embeddable":true,"href":"https:\/\/www.regionalis.shop\/bastina-wien\/wp-json\/wp\/v2\/product_brand?post=1069"},{"taxonomy":"product_cat","embeddable":true,"href":"https:\/\/www.regionalis.shop\/bastina-wien\/wp-json\/wp\/v2\/product_cat?post=1069"},{"taxonomy":"product_tag","embeddable":true,"href":"https:\/\/www.regionalis.shop\/bastina-wien\/wp-json\/wp\/v2\/product_tag?post=1069"}],"curies":[{"name":"wp","href":"https:\/\/api.w.org\/{rel}","templated":true}]}}