{"id":1073,"date":"2025-04-18T06:36:46","date_gmt":"2025-04-18T04:36:46","guid":{"rendered":"https:\/\/www.regionalis.shop\/bastina-wien\/product\/osterhendl\/"},"modified":"2025-04-18T06:36:46","modified_gmt":"2025-04-18T04:36:46","slug":"osterhendl","status":"publish","type":"product","link":"https:\/\/www.regionalis.shop\/bastina-wien\/shop\/osterhendl\/","title":{"rendered":"Osterhendl"},"content":{"rendered":"<p>Versch\u00f6nere dir die Osterzeit mit diesem s\u00fcssen, handgefertigten Osterhendl aus Pl\u00fcsch. Du kannst das Hendl mit dem praktischen, eingen\u00e4hten Band aufh\u00e4ngen oder auch einfach sitzen lassen. Super ist das Hendl auch als kleines Mitbringsel zum Osterbrunch \ud83d\ude09 <\/p>\n<p>Das Hendl gibt es in zwei verschiedenen Varianten, entweder aus oder  Fleecestoff. Gib dazu in deiner Bestellung einfach an, welches Hendl f\u00fcr dich gen\u00e4ht werden soll.<\/p>\n","protected":false},"excerpt":{"rendered":"<p>Versch\u00f6nere dir die Osterzeit mit diesem s\u00fcssen, handgefertigten Osterhendl aus Pl\u00fcsch. Du kannst das Hendl mit dem praktischen, eingen\u00e4hten Band aufh\u00e4ngen oder auch einfach sitzen lassen. Super ist das Hendl auch als kleines Mitbringsel zum Osterbrunch \ud83d\ude09 Das Hendl gibt es in zwei verschiedenen Varianten, entweder aus oder Fleecestoff. Gib dazu in deiner Bestellung einfach &hellip; <a href=\"https:\/\/www.regionalis.shop\/bastina-wien\/shop\/osterhendl\/\">Continued<\/a><\/p>\n","protected":false},"featured_media":1074,"template":"","meta":{"_acf_changed":false},"product_brand":[],"product_cat":[174,103],"product_tag":[],"class_list":{"0":"post-1073","1":"product","2":"type-product","3":"status-publish","4":"has-post-thumbnail","6":"product_cat-wohndekoration","7":"product_cat-wohnen-deko","9":"first","10":"instock","11":"purchasable","12":"product-type-simple"},"acf":[],"_links":{"self":[{"href":"https:\/\/www.regionalis.shop\/bastina-wien\/wp-json\/wp\/v2\/product\/1073","targetHints":{"allow":["GET"]}}],"collection":[{"href":"https:\/\/www.regionalis.shop\/bastina-wien\/wp-json\/wp\/v2\/product"}],"about":[{"href":"https:\/\/www.regionalis.shop\/bastina-wien\/wp-json\/wp\/v2\/types\/product"}],"wp:featuredmedia":[{"embeddable":true,"href":"https:\/\/www.regionalis.shop\/bastina-wien\/wp-json\/wp\/v2\/media\/1074"}],"wp:attachment":[{"href":"https:\/\/www.regionalis.shop\/bastina-wien\/wp-json\/wp\/v2\/media?parent=1073"}],"wp:term":[{"taxonomy":"product_brand","embeddable":true,"href":"https:\/\/www.regionalis.shop\/bastina-wien\/wp-json\/wp\/v2\/product_brand?post=1073"},{"taxonomy":"product_cat","embeddable":true,"href":"https:\/\/www.regionalis.shop\/bastina-wien\/wp-json\/wp\/v2\/product_cat?post=1073"},{"taxonomy":"product_tag","embeddable":true,"href":"https:\/\/www.regionalis.shop\/bastina-wien\/wp-json\/wp\/v2\/product_tag?post=1073"}],"curies":[{"name":"wp","href":"https:\/\/api.w.org\/{rel}","templated":true}]}}