{"id":1077,"date":"2025-04-18T06:17:42","date_gmt":"2025-04-18T04:17:42","guid":{"rendered":"https:\/\/www.regionalis.shop\/bastina-wien\/product\/geburtstagskrone-handbestickt\/"},"modified":"2025-04-18T06:17:42","modified_gmt":"2025-04-18T04:17:42","slug":"geburtstagskrone-handbestickt","status":"publish","type":"product","link":"https:\/\/www.regionalis.shop\/bastina-wien\/shop\/geburtstagskrone-handbestickt\/","title":{"rendered":"Geburtstagskrone Handbestickt"},"content":{"rendered":"<p>Manchmal muss man einfach eine Krone aufsetzen, damit alle kapieren, mit wem sie es zu tun haben \ud83d\ude42<\/p>\n<p>Handbestickte Geburtstagskrone aus 100% Baumwolle, mit Satinband zum individuellen zubinden, somit f\u00fcr kleine aber auch gro\u00dfe K\u00f6pfchen \ud83d\ude09<\/p>\n<p>Der Name wird mit der Maschine gestickt, die Blumen sind von Hand aufgestickt.<\/p>\n<p>Gef\u00fcttert ist die Krone mit einem d\u00fcnnen Volumenvlies<\/p>\n<p>100 % handgemacht mit Liebe<\/p>\n","protected":false},"excerpt":{"rendered":"<p>Manchmal muss man einfach eine Krone aufsetzen, damit alle kapieren, mit wem sie es zu tun haben \ud83d\ude42 Handbestickte Geburtstagskrone aus 100% Baumwolle, mit Satinband zum individuellen zubinden, somit f\u00fcr kleine aber auch gro\u00dfe K\u00f6pfchen \ud83d\ude09 Der Name wird mit der Maschine gestickt, die Blumen sind von Hand aufgestickt. Gef\u00fcttert ist die Krone mit einem &hellip; <a href=\"https:\/\/www.regionalis.shop\/bastina-wien\/shop\/geburtstagskrone-handbestickt\/\">Continued<\/a><\/p>\n","protected":false},"featured_media":1078,"template":"","meta":{"_acf_changed":false},"product_brand":[],"product_cat":[107,38],"product_tag":[],"class_list":{"0":"post-1077","1":"product","2":"type-product","3":"status-publish","4":"has-post-thumbnail","6":"product_cat-accessoires-baby-kinder","7":"product_cat-baby-kinder","9":"first","10":"instock","11":"purchasable","12":"product-type-simple"},"acf":[],"_links":{"self":[{"href":"https:\/\/www.regionalis.shop\/bastina-wien\/wp-json\/wp\/v2\/product\/1077","targetHints":{"allow":["GET"]}}],"collection":[{"href":"https:\/\/www.regionalis.shop\/bastina-wien\/wp-json\/wp\/v2\/product"}],"about":[{"href":"https:\/\/www.regionalis.shop\/bastina-wien\/wp-json\/wp\/v2\/types\/product"}],"wp:featuredmedia":[{"embeddable":true,"href":"https:\/\/www.regionalis.shop\/bastina-wien\/wp-json\/wp\/v2\/media\/1078"}],"wp:attachment":[{"href":"https:\/\/www.regionalis.shop\/bastina-wien\/wp-json\/wp\/v2\/media?parent=1077"}],"wp:term":[{"taxonomy":"product_brand","embeddable":true,"href":"https:\/\/www.regionalis.shop\/bastina-wien\/wp-json\/wp\/v2\/product_brand?post=1077"},{"taxonomy":"product_cat","embeddable":true,"href":"https:\/\/www.regionalis.shop\/bastina-wien\/wp-json\/wp\/v2\/product_cat?post=1077"},{"taxonomy":"product_tag","embeddable":true,"href":"https:\/\/www.regionalis.shop\/bastina-wien\/wp-json\/wp\/v2\/product_tag?post=1077"}],"curies":[{"name":"wp","href":"https:\/\/api.w.org\/{rel}","templated":true}]}}