{"id":1082,"date":"2025-04-18T02:35:16","date_gmt":"2025-04-18T00:35:16","guid":{"rendered":"https:\/\/www.regionalis.shop\/bastina-wien\/product\/topfhandschuhe-granatisch\/"},"modified":"2025-04-18T02:35:16","modified_gmt":"2025-04-18T00:35:16","slug":"topfhandschuhe-granatisch","status":"publish","type":"product","link":"https:\/\/www.regionalis.shop\/bastina-wien\/shop\/topfhandschuhe-granatisch\/","title":{"rendered":"Topfhandschuhe Granatisch"},"content":{"rendered":"<p>Wundersch\u00f6ne, handgen\u00e4hte Topfhandschuhe aus fester Baumwolle. Die Handschuhe sind gut gef\u00fcttert und halten die Hitze sch\u00f6n zur\u00fcck, f\u00fcr ein problemloses Kochen. Damit man die Topfhandschuhe nach dem Verwenden an seinen Platz h\u00e4ngen kann, ist eine Schlaufe angebracht.<br \/>\nEin wirklich praktisches, aber auch sch\u00f6nes Accessoire f\u00fcr deine K\u00fcche.<\/p>\n<p>Waschbar bei 40 Grad<br \/>\nDu erwirbst zwei Topfhandschuhe.<\/p>\n","protected":false},"excerpt":{"rendered":"<p>Wundersch\u00f6ne, handgen\u00e4hte Topfhandschuhe aus fester Baumwolle. Die Handschuhe sind gut gef\u00fcttert und halten die Hitze sch\u00f6n zur\u00fcck, f\u00fcr ein problemloses Kochen. Damit man die Topfhandschuhe nach dem Verwenden an seinen Platz h\u00e4ngen kann, ist eine Schlaufe angebracht. Ein wirklich praktisches, aber auch sch\u00f6nes Accessoire f\u00fcr deine K\u00fcche. Waschbar bei 40 Grad Du erwirbst zwei Topfhandschuhe.<\/p>\n","protected":false},"featured_media":1083,"template":"","meta":{"_acf_changed":false},"product_brand":[],"product_cat":[37,44],"product_tag":[],"class_list":{"0":"post-1082","1":"product","2":"type-product","3":"status-publish","4":"has-post-thumbnail","6":"product_cat-accessoires","7":"product_cat-handschuhe","9":"first","10":"instock","11":"purchasable","12":"product-type-simple"},"acf":[],"_links":{"self":[{"href":"https:\/\/www.regionalis.shop\/bastina-wien\/wp-json\/wp\/v2\/product\/1082","targetHints":{"allow":["GET"]}}],"collection":[{"href":"https:\/\/www.regionalis.shop\/bastina-wien\/wp-json\/wp\/v2\/product"}],"about":[{"href":"https:\/\/www.regionalis.shop\/bastina-wien\/wp-json\/wp\/v2\/types\/product"}],"wp:featuredmedia":[{"embeddable":true,"href":"https:\/\/www.regionalis.shop\/bastina-wien\/wp-json\/wp\/v2\/media\/1083"}],"wp:attachment":[{"href":"https:\/\/www.regionalis.shop\/bastina-wien\/wp-json\/wp\/v2\/media?parent=1082"}],"wp:term":[{"taxonomy":"product_brand","embeddable":true,"href":"https:\/\/www.regionalis.shop\/bastina-wien\/wp-json\/wp\/v2\/product_brand?post=1082"},{"taxonomy":"product_cat","embeddable":true,"href":"https:\/\/www.regionalis.shop\/bastina-wien\/wp-json\/wp\/v2\/product_cat?post=1082"},{"taxonomy":"product_tag","embeddable":true,"href":"https:\/\/www.regionalis.shop\/bastina-wien\/wp-json\/wp\/v2\/product_tag?post=1082"}],"curies":[{"name":"wp","href":"https:\/\/api.w.org\/{rel}","templated":true}]}}