{"id":1106,"date":"2025-04-18T01:38:39","date_gmt":"2025-04-17T23:38:39","guid":{"rendered":"https:\/\/www.regionalis.shop\/bastina-wien\/product\/bastina-mutterkindpass-huelle\/"},"modified":"2025-04-18T01:38:39","modified_gmt":"2025-04-17T23:38:39","slug":"bastina-mutterkindpass-huelle","status":"publish","type":"product","link":"https:\/\/www.regionalis.shop\/bastina-wien\/shop\/bastina-mutterkindpass-huelle\/","title":{"rendered":"Bastina Mutterkindpass-H\u00fclle"},"content":{"rendered":"<p>Einzigartige und wundersch\u00f6ne, handgemachte Mutterkindpass-H\u00fclle. Ein toller Begleiter f\u00fcr die gesamte Schwangerschaft und die ersten Jahre nach der Geburt.<br \/>\nDie H\u00fclle wurde mit viel Liebe aus feinem Leinenstoff (100% Baumwolle) gen\u00e4ht und bestickt.<br \/>\nGerne kann ein Wunschname zu dem Motiv (Schwangere Frau\/Mutter mit Kind) dazu gestickt werden. Die Farben des Kleides sowie die Farbe der Schrift k\u00f6nnen ebenso individuell angepasst werden. <\/p>\n<p>Die H\u00fclle ist f\u00fcr den \u00f6sterreichischen Mutterkindpass geeignet. <\/p>\n<p>Handgefertigt in Wien<br \/>\nWaschbar bei 30 Grad<\/p>\n","protected":false},"excerpt":{"rendered":"<p>Einzigartige und wundersch\u00f6ne, handgemachte Mutterkindpass-H\u00fclle. Ein toller Begleiter f\u00fcr die gesamte Schwangerschaft und die ersten Jahre nach der Geburt. Die H\u00fclle wurde mit viel Liebe aus feinem Leinenstoff (100% Baumwolle) gen\u00e4ht und bestickt. Gerne kann ein Wunschname zu dem Motiv (Schwangere Frau\/Mutter mit Kind) dazu gestickt werden. Die Farben des Kleides sowie die Farbe der &hellip; <a href=\"https:\/\/www.regionalis.shop\/bastina-wien\/shop\/bastina-mutterkindpass-huelle\/\">Continued<\/a><\/p>\n","protected":false},"featured_media":1107,"template":"","meta":{"_acf_changed":false},"product_brand":[],"product_cat":[38,80],"product_tag":[],"class_list":{"0":"post-1106","1":"product","2":"type-product","3":"status-publish","4":"has-post-thumbnail","6":"product_cat-baby-kinder","7":"product_cat-sonstiges-baby-kinder","9":"first","10":"instock","11":"purchasable","12":"product-type-simple"},"acf":[],"_links":{"self":[{"href":"https:\/\/www.regionalis.shop\/bastina-wien\/wp-json\/wp\/v2\/product\/1106","targetHints":{"allow":["GET"]}}],"collection":[{"href":"https:\/\/www.regionalis.shop\/bastina-wien\/wp-json\/wp\/v2\/product"}],"about":[{"href":"https:\/\/www.regionalis.shop\/bastina-wien\/wp-json\/wp\/v2\/types\/product"}],"wp:featuredmedia":[{"embeddable":true,"href":"https:\/\/www.regionalis.shop\/bastina-wien\/wp-json\/wp\/v2\/media\/1107"}],"wp:attachment":[{"href":"https:\/\/www.regionalis.shop\/bastina-wien\/wp-json\/wp\/v2\/media?parent=1106"}],"wp:term":[{"taxonomy":"product_brand","embeddable":true,"href":"https:\/\/www.regionalis.shop\/bastina-wien\/wp-json\/wp\/v2\/product_brand?post=1106"},{"taxonomy":"product_cat","embeddable":true,"href":"https:\/\/www.regionalis.shop\/bastina-wien\/wp-json\/wp\/v2\/product_cat?post=1106"},{"taxonomy":"product_tag","embeddable":true,"href":"https:\/\/www.regionalis.shop\/bastina-wien\/wp-json\/wp\/v2\/product_tag?post=1106"}],"curies":[{"name":"wp","href":"https:\/\/api.w.org\/{rel}","templated":true}]}}