{"id":1111,"date":"2025-04-17T23:55:33","date_gmt":"2025-04-17T21:55:33","guid":{"rendered":"https:\/\/www.regionalis.shop\/bastina-wien\/product\/nikolostiefel-mit-gesticktem-wunschnamen\/"},"modified":"2025-04-17T23:55:33","modified_gmt":"2025-04-17T21:55:33","slug":"nikolostiefel-mit-gesticktem-wunschnamen","status":"publish","type":"product","link":"https:\/\/www.regionalis.shop\/bastina-wien\/shop\/nikolostiefel-mit-gesticktem-wunschnamen\/","title":{"rendered":"Nikolostiefel mit gesticktem Wunschnamen"},"content":{"rendered":"<p>Wundersch\u00f6ner, personalisierter und handgen\u00e4hter Nikoloschuh aus 100% Baumwolle (mit Fellimitat). Dein Wunschname wird per Maschine auf den Nikoloschuh gestickt.<br \/>\n(Die Farben k\u00f6nnen vom Bild abweichen)<br \/>\nIn den Schuh passen viele K\u00f6stlichkeiten, kleine Geschenke und sonstige Kleinigkeiten. <\/p>\n<p>Eine eine kleine Schlaufe zum praktischen Aufh\u00e4ngen ist auch mit eingen\u00e4ht.<\/p>\n","protected":false},"excerpt":{"rendered":"<p>Wundersch\u00f6ner, personalisierter und handgen\u00e4hter Nikoloschuh aus 100% Baumwolle (mit Fellimitat). Dein Wunschname wird per Maschine auf den Nikoloschuh gestickt. (Die Farben k\u00f6nnen vom Bild abweichen) In den Schuh passen viele K\u00f6stlichkeiten, kleine Geschenke und sonstige Kleinigkeiten. Eine eine kleine Schlaufe zum praktischen Aufh\u00e4ngen ist auch mit eingen\u00e4ht.<\/p>\n","protected":false},"featured_media":1112,"template":"","meta":{"_acf_changed":false},"product_brand":[],"product_cat":[162,83],"product_tag":[],"class_list":{"0":"post-1111","1":"product","2":"type-product","3":"status-publish","4":"has-post-thumbnail","6":"product_cat-null","7":"product_cat-sonstiges","9":"first","10":"instock","11":"purchasable","12":"product-type-simple"},"acf":[],"_links":{"self":[{"href":"https:\/\/www.regionalis.shop\/bastina-wien\/wp-json\/wp\/v2\/product\/1111","targetHints":{"allow":["GET"]}}],"collection":[{"href":"https:\/\/www.regionalis.shop\/bastina-wien\/wp-json\/wp\/v2\/product"}],"about":[{"href":"https:\/\/www.regionalis.shop\/bastina-wien\/wp-json\/wp\/v2\/types\/product"}],"wp:featuredmedia":[{"embeddable":true,"href":"https:\/\/www.regionalis.shop\/bastina-wien\/wp-json\/wp\/v2\/media\/1112"}],"wp:attachment":[{"href":"https:\/\/www.regionalis.shop\/bastina-wien\/wp-json\/wp\/v2\/media?parent=1111"}],"wp:term":[{"taxonomy":"product_brand","embeddable":true,"href":"https:\/\/www.regionalis.shop\/bastina-wien\/wp-json\/wp\/v2\/product_brand?post=1111"},{"taxonomy":"product_cat","embeddable":true,"href":"https:\/\/www.regionalis.shop\/bastina-wien\/wp-json\/wp\/v2\/product_cat?post=1111"},{"taxonomy":"product_tag","embeddable":true,"href":"https:\/\/www.regionalis.shop\/bastina-wien\/wp-json\/wp\/v2\/product_tag?post=1111"}],"curies":[{"name":"wp","href":"https:\/\/api.w.org\/{rel}","templated":true}]}}