{"id":1115,"date":"2025-04-17T23:23:41","date_gmt":"2025-04-17T21:23:41","guid":{"rendered":"https:\/\/www.regionalis.shop\/bastina-wien\/product\/bastina-windeltasche-kaeferparty\/"},"modified":"2025-04-17T23:23:41","modified_gmt":"2025-04-17T21:23:41","slug":"bastina-windeltasche-kaeferparty","status":"publish","type":"product","link":"https:\/\/www.regionalis.shop\/bastina-wien\/shop\/bastina-windeltasche-kaeferparty\/","title":{"rendered":"Bastina Windeltasche K\u00e4ferparty"},"content":{"rendered":"<p>Handgen\u00e4hte Windeltasche aus sch\u00f6nem Baumwollstoff mit zwei Druckkn\u00f6pfen.<br \/>\nIn der Tasche hast du Platz f\u00fcr mehrere Windeln (in allen Gr\u00f6\u00dfen), eine Packung Feuchtt\u00fccher, Cremen, Mutterkind-Pass und und und&#8230;<\/p>\n<p>Du m\u00f6chtest den Namen deines Kindes in der Innenseite der Windeltasche stehen haben?<br \/>\nGerne plotte ich dir mit einer B\u00fcgelfolie deinen Wunschnamen in die Windeltasche. Die Farbe der Schrift wird passend zum Innenfutter gew\u00e4hlt.<br \/>\nPreis pro Name 6\u20ac<\/p>\n","protected":false},"excerpt":{"rendered":"<p>Handgen\u00e4hte Windeltasche aus sch\u00f6nem Baumwollstoff mit zwei Druckkn\u00f6pfen. In der Tasche hast du Platz f\u00fcr mehrere Windeln (in allen Gr\u00f6\u00dfen), eine Packung Feuchtt\u00fccher, Cremen, Mutterkind-Pass und und und&#8230; Du m\u00f6chtest den Namen deines Kindes in der Innenseite der Windeltasche stehen haben? Gerne plotte ich dir mit einer B\u00fcgelfolie deinen Wunschnamen in die Windeltasche. Die Farbe &hellip; <a href=\"https:\/\/www.regionalis.shop\/bastina-wien\/shop\/bastina-windeltasche-kaeferparty\/\">Continued<\/a><\/p>\n","protected":false},"featured_media":1116,"template":"","meta":{"_acf_changed":false},"product_brand":[],"product_cat":[107,38],"product_tag":[],"class_list":{"0":"post-1115","1":"product","2":"type-product","3":"status-publish","4":"has-post-thumbnail","6":"product_cat-accessoires-baby-kinder","7":"product_cat-baby-kinder","9":"first","10":"instock","11":"purchasable","12":"product-type-simple"},"acf":[],"_links":{"self":[{"href":"https:\/\/www.regionalis.shop\/bastina-wien\/wp-json\/wp\/v2\/product\/1115","targetHints":{"allow":["GET"]}}],"collection":[{"href":"https:\/\/www.regionalis.shop\/bastina-wien\/wp-json\/wp\/v2\/product"}],"about":[{"href":"https:\/\/www.regionalis.shop\/bastina-wien\/wp-json\/wp\/v2\/types\/product"}],"wp:featuredmedia":[{"embeddable":true,"href":"https:\/\/www.regionalis.shop\/bastina-wien\/wp-json\/wp\/v2\/media\/1116"}],"wp:attachment":[{"href":"https:\/\/www.regionalis.shop\/bastina-wien\/wp-json\/wp\/v2\/media?parent=1115"}],"wp:term":[{"taxonomy":"product_brand","embeddable":true,"href":"https:\/\/www.regionalis.shop\/bastina-wien\/wp-json\/wp\/v2\/product_brand?post=1115"},{"taxonomy":"product_cat","embeddable":true,"href":"https:\/\/www.regionalis.shop\/bastina-wien\/wp-json\/wp\/v2\/product_cat?post=1115"},{"taxonomy":"product_tag","embeddable":true,"href":"https:\/\/www.regionalis.shop\/bastina-wien\/wp-json\/wp\/v2\/product_tag?post=1115"}],"curies":[{"name":"wp","href":"https:\/\/api.w.org\/{rel}","templated":true}]}}