{"id":1119,"date":"2025-04-17T23:18:03","date_gmt":"2025-04-17T21:18:03","guid":{"rendered":"https:\/\/www.regionalis.shop\/bastina-wien\/product\/bastina-windeltasche-bambiliebe\/"},"modified":"2025-04-17T23:18:03","modified_gmt":"2025-04-17T21:18:03","slug":"bastina-windeltasche-bambiliebe","status":"publish","type":"product","link":"https:\/\/www.regionalis.shop\/bastina-wien\/shop\/bastina-windeltasche-bambiliebe\/","title":{"rendered":"Bastina Windeltasche Bambiliebe"},"content":{"rendered":"<p>Handgen\u00e4hte Windeltasche aus h\u00fcbschen Vogelstoff mit zwei Druckkn\u00f6pfen.<br \/>\nIn der Tasche hast du Platz f\u00fcr mehrere Windeln (in allen Gr\u00f6\u00dfen), eine Packung Feuchtt\u00fccher, Cremen, Mutterkind-Pass und und und.<\/p>\n","protected":false},"excerpt":{"rendered":"<p>Handgen\u00e4hte Windeltasche aus h\u00fcbschen Vogelstoff mit zwei Druckkn\u00f6pfen. In der Tasche hast du Platz f\u00fcr mehrere Windeln (in allen Gr\u00f6\u00dfen), eine Packung Feuchtt\u00fccher, Cremen, Mutterkind-Pass und und und.<\/p>\n","protected":false},"featured_media":1120,"template":"","meta":{"_acf_changed":false},"product_brand":[],"product_cat":[107,38],"product_tag":[],"class_list":{"0":"post-1119","1":"product","2":"type-product","3":"status-publish","4":"has-post-thumbnail","6":"product_cat-accessoires-baby-kinder","7":"product_cat-baby-kinder","9":"first","10":"instock","11":"purchasable","12":"product-type-simple"},"acf":[],"_links":{"self":[{"href":"https:\/\/www.regionalis.shop\/bastina-wien\/wp-json\/wp\/v2\/product\/1119","targetHints":{"allow":["GET"]}}],"collection":[{"href":"https:\/\/www.regionalis.shop\/bastina-wien\/wp-json\/wp\/v2\/product"}],"about":[{"href":"https:\/\/www.regionalis.shop\/bastina-wien\/wp-json\/wp\/v2\/types\/product"}],"wp:featuredmedia":[{"embeddable":true,"href":"https:\/\/www.regionalis.shop\/bastina-wien\/wp-json\/wp\/v2\/media\/1120"}],"wp:attachment":[{"href":"https:\/\/www.regionalis.shop\/bastina-wien\/wp-json\/wp\/v2\/media?parent=1119"}],"wp:term":[{"taxonomy":"product_brand","embeddable":true,"href":"https:\/\/www.regionalis.shop\/bastina-wien\/wp-json\/wp\/v2\/product_brand?post=1119"},{"taxonomy":"product_cat","embeddable":true,"href":"https:\/\/www.regionalis.shop\/bastina-wien\/wp-json\/wp\/v2\/product_cat?post=1119"},{"taxonomy":"product_tag","embeddable":true,"href":"https:\/\/www.regionalis.shop\/bastina-wien\/wp-json\/wp\/v2\/product_tag?post=1119"}],"curies":[{"name":"wp","href":"https:\/\/api.w.org\/{rel}","templated":true}]}}