{"id":862,"date":"2025-05-24T13:44:06","date_gmt":"2025-05-24T11:44:06","guid":{"rendered":"https:\/\/starter.stage.shop-it.at\/?page_id=862"},"modified":"2025-10-23T15:21:37","modified_gmt":"2025-10-23T13:21:37","slug":"startseite","status":"publish","type":"page","link":"https:\/\/www.regionalis.shop\/bb-colletion\/","title":{"rendered":"Startseite"},"content":{"rendered":"<section>\n        <div class=\"header-image\">\n            <img decoding=\"async\" src=\"https:\/\/www.regionalis.shop\/app\/uploads\/sites\/56\/5384_2022_01_01_21_28_11_156297314.jpg\" alt=\"\">\n        <\/div>\n    \n    <\/section>\n    <section>\n    <div class=\"header-title\">\n        <h1 class=\"h2\">Willkommen bei BB-Colletion<\/h1>\n    <\/div>\n            <h2 class=\"h3\">Handgemacht in Wien<\/h2>\n                <p>&#8211;NAT\u00dcRLICH HANDGEFERTIGT&#8211;<br \/>\nExklusive Lederwaren<\/p>\n<p>Feinstes Leder, sorgsam von Hand verarbeitet. Mit edlem Silber kunstvoll zu einzigartigen Schmuckst\u00fccken vereint.<\/p>\n<p>Die BB-Collection steht f\u00fcr Lederschmuck und Accessoires von h\u00f6chster Qualit\u00e4t. Beginnend bei der Auswahl der Lederst\u00fccke liegt jedem einzelnen Arbeitsschritt das sp\u00e4tere Design der Schmuckst\u00fccke zugrunde. Nur so kann sichergestellt werden, dass die fertigen Lederwaren durch ihre einzigartige Ebenm\u00e4ssigkeit \u00fcberzeugen.<\/p>\n<p>Kunstwerke aus echter Manufaktur, jeder Schritt von Hand gefertigt. Exklusivit\u00e4t, die ihresgleichen sucht.<\/p>\n<p>&#8211;Natur und Leidenschaft, stilvoll vereint.&#8211;<\/p>\n\n    \n    <h3>Produkte<\/h3>\n\n    <div class=\"woocommerce columns-3 \"><ul class=\"products columns-3\">\n<li class=\"product type-product post-1063 status-publish first instock product_cat-null product_cat-sonstiges has-post-thumbnail purchasable product-type-simple\">\n\t<a href=\"https:\/\/www.regionalis.shop\/bb-colletion\/shop\/springreitgerte-aus-kaenguruleder-750mm-4\/\" class=\"woocommerce-LoopProduct-link woocommerce-loop-product__link\"><div class=\"wc-block-grid__product-image\"><img loading=\"lazy\" decoding=\"async\" width=\"420\" height=\"420\" src=\"https:\/\/www.regionalis.shop\/app\/uploads\/sites\/56\/5384_2022_01_07_19_57_42_263674425.jpg\" class=\"attachment-large size-large\" alt=\"Springreitgerte aus K\u00e4nguruleder 750mm\" srcset=\"https:\/\/www.regionalis.shop\/app\/uploads\/sites\/56\/5384_2022_01_07_19_57_42_263674425.jpg 420w, https:\/\/www.regionalis.shop\/app\/uploads\/sites\/56\/5384_2022_01_07_19_57_42_263674425-300x300.jpg 300w, https:\/\/www.regionalis.shop\/app\/uploads\/sites\/56\/5384_2022_01_07_19_57_42_263674425-150x150.jpg 150w, https:\/\/www.regionalis.shop\/app\/uploads\/sites\/56\/5384_2022_01_07_19_57_42_263674425-100x100.jpg 100w\" sizes=\"auto, (max-width: 420px) 100vw, 420px\" \/><\/div><h2 class=\"woocommerce-loop-product__title\">Springreitgerte aus K\u00e4nguruleder 750mm<\/h2>\n\t<span class=\"price\"><span class=\"woocommerce-Price-amount amount\"><bdi>150,00&nbsp;<span class=\"woocommerce-Price-currencySymbol\">&euro;<\/span><\/bdi><\/span><\/span>\n<\/a><\/li>\n<li class=\"product type-product post-1059 status-publish instock product_cat-null product_cat-sonstiges has-post-thumbnail purchasable product-type-simple\">\n\t<a href=\"https:\/\/www.regionalis.shop\/bb-colletion\/shop\/springreitgerte-aus-kaenguruleder-750mm-3\/\" class=\"woocommerce-LoopProduct-link woocommerce-loop-product__link\"><div class=\"wc-block-grid__product-image\"><img loading=\"lazy\" decoding=\"async\" width=\"420\" height=\"420\" src=\"https:\/\/www.regionalis.shop\/app\/uploads\/sites\/56\/5384_2022_01_07_19_56_06_235151944.jpg\" class=\"attachment-large size-large\" alt=\"Springreitgerte aus K\u00e4nguruleder 750mm\" srcset=\"https:\/\/www.regionalis.shop\/app\/uploads\/sites\/56\/5384_2022_01_07_19_56_06_235151944.jpg 420w, https:\/\/www.regionalis.shop\/app\/uploads\/sites\/56\/5384_2022_01_07_19_56_06_235151944-300x300.jpg 300w, https:\/\/www.regionalis.shop\/app\/uploads\/sites\/56\/5384_2022_01_07_19_56_06_235151944-150x150.jpg 150w, https:\/\/www.regionalis.shop\/app\/uploads\/sites\/56\/5384_2022_01_07_19_56_06_235151944-100x100.jpg 100w\" sizes=\"auto, (max-width: 420px) 100vw, 420px\" \/><\/div><h2 class=\"woocommerce-loop-product__title\">Springreitgerte aus K\u00e4nguruleder 750mm<\/h2>\n\t<span class=\"price\"><span class=\"woocommerce-Price-amount amount\"><bdi>150,00&nbsp;<span class=\"woocommerce-Price-currencySymbol\">&euro;<\/span><\/bdi><\/span><\/span>\n<\/a><\/li>\n<li class=\"product type-product post-1055 status-publish last instock product_cat-null product_cat-sonstiges has-post-thumbnail purchasable product-type-simple\">\n\t<a href=\"https:\/\/www.regionalis.shop\/bb-colletion\/shop\/springreitgerte-aus-kaenguruleder-750mm-2\/\" class=\"woocommerce-LoopProduct-link woocommerce-loop-product__link\"><div class=\"wc-block-grid__product-image\"><img loading=\"lazy\" decoding=\"async\" width=\"420\" height=\"420\" src=\"https:\/\/www.regionalis.shop\/app\/uploads\/sites\/56\/5384_2022_01_07_19_54_18_198213288.jpg\" class=\"attachment-large size-large\" alt=\"Springreitgerte aus K\u00e4nguruleder 750mm\" srcset=\"https:\/\/www.regionalis.shop\/app\/uploads\/sites\/56\/5384_2022_01_07_19_54_18_198213288.jpg 420w, https:\/\/www.regionalis.shop\/app\/uploads\/sites\/56\/5384_2022_01_07_19_54_18_198213288-300x300.jpg 300w, https:\/\/www.regionalis.shop\/app\/uploads\/sites\/56\/5384_2022_01_07_19_54_18_198213288-150x150.jpg 150w, https:\/\/www.regionalis.shop\/app\/uploads\/sites\/56\/5384_2022_01_07_19_54_18_198213288-100x100.jpg 100w\" sizes=\"auto, (max-width: 420px) 100vw, 420px\" \/><\/div><h2 class=\"woocommerce-loop-product__title\">Springreitgerte aus K\u00e4nguruleder 750mm<\/h2>\n\t<span class=\"price\"><span class=\"woocommerce-Price-amount amount\"><bdi>150,00&nbsp;<span class=\"woocommerce-Price-currencySymbol\">&euro;<\/span><\/bdi><\/span><\/span>\n<\/a><\/li>\n<\/ul>\n<\/div>\n    <p>\n        <a href=\"https:\/\/www.regionalis.shop\/bb-colletion\/shop\/\" class=\"btn btn-primary btn-icon-right\">\n            Alle Produkte <i class=\"bi bi-arrow-right-short\"><\/i>\n        <\/a>\n    <\/p>\n<\/section>\n\n<div data-block-name=\"woocommerce\/store-notices\" class=\"wc-block-store-notices woocommerce alignwide alignwide wp-block-woocommerce-store-notices\"><div class=\"woocommerce-notices-wrapper\"><\/div><\/div>","protected":false},"excerpt":{"rendered":"","protected":false},"author":1,"featured_media":0,"parent":0,"menu_order":0,"comment_status":"closed","ping_status":"closed","template":"template-home.blade.php","meta":{"_acf_changed":false,"footnotes":""},"class_list":["post-862","page","type-page","status-publish","hentry"],"acf":[],"_links":{"self":[{"href":"https:\/\/www.regionalis.shop\/bb-colletion\/wp-json\/wp\/v2\/pages\/862","targetHints":{"allow":["GET"]}}],"collection":[{"href":"https:\/\/www.regionalis.shop\/bb-colletion\/wp-json\/wp\/v2\/pages"}],"about":[{"href":"https:\/\/www.regionalis.shop\/bb-colletion\/wp-json\/wp\/v2\/types\/page"}],"author":[{"embeddable":true,"href":"https:\/\/www.regionalis.shop\/bb-colletion\/wp-json\/wp\/v2\/users\/1"}],"replies":[{"embeddable":true,"href":"https:\/\/www.regionalis.shop\/bb-colletion\/wp-json\/wp\/v2\/comments?post=862"}],"version-history":[{"count":28,"href":"https:\/\/www.regionalis.shop\/bb-colletion\/wp-json\/wp\/v2\/pages\/862\/revisions"}],"predecessor-version":[{"id":1041,"href":"https:\/\/www.regionalis.shop\/bb-colletion\/wp-json\/wp\/v2\/pages\/862\/revisions\/1041"}],"wp:attachment":[{"href":"https:\/\/www.regionalis.shop\/bb-colletion\/wp-json\/wp\/v2\/media?parent=862"}],"curies":[{"name":"wp","href":"https:\/\/api.w.org\/{rel}","templated":true}]}}