{"id":1063,"date":"2025-04-18T05:29:50","date_gmt":"2025-04-18T03:29:50","guid":{"rendered":"https:\/\/www.regionalis.shop\/bb-colletion\/product\/springreitgerte-aus-kaenguruleder-750mm-4\/"},"modified":"2025-04-18T05:29:50","modified_gmt":"2025-04-18T03:29:50","slug":"springreitgerte-aus-kaenguruleder-750mm-4","status":"publish","type":"product","link":"https:\/\/www.regionalis.shop\/bb-colletion\/shop\/springreitgerte-aus-kaenguruleder-750mm-4\/","title":{"rendered":"Springreitgerte aus K\u00e4nguruleder 750mm"},"content":{"rendered":"<p>L\u00e4nge 750mm<br \/>\nObermaterial K\u00e4nguruleder Schwarz<br \/>\nKern ist Fiberglas<br \/>\nEinzelst\u00fcck<\/p>\n","protected":false},"excerpt":{"rendered":"<p>L\u00e4nge 750mm Obermaterial K\u00e4nguruleder Schwarz Kern ist Fiberglas Einzelst\u00fcck<\/p>\n","protected":false},"featured_media":1064,"template":"","meta":{"_acf_changed":false},"product_brand":[],"product_cat":[162,83],"product_tag":[],"class_list":{"0":"post-1063","1":"product","2":"type-product","3":"status-publish","4":"has-post-thumbnail","6":"product_cat-null","7":"product_cat-sonstiges","9":"first","10":"instock","11":"purchasable","12":"product-type-simple"},"acf":[],"_links":{"self":[{"href":"https:\/\/www.regionalis.shop\/bb-colletion\/wp-json\/wp\/v2\/product\/1063","targetHints":{"allow":["GET"]}}],"collection":[{"href":"https:\/\/www.regionalis.shop\/bb-colletion\/wp-json\/wp\/v2\/product"}],"about":[{"href":"https:\/\/www.regionalis.shop\/bb-colletion\/wp-json\/wp\/v2\/types\/product"}],"wp:featuredmedia":[{"embeddable":true,"href":"https:\/\/www.regionalis.shop\/bb-colletion\/wp-json\/wp\/v2\/media\/1064"}],"wp:attachment":[{"href":"https:\/\/www.regionalis.shop\/bb-colletion\/wp-json\/wp\/v2\/media?parent=1063"}],"wp:term":[{"taxonomy":"product_brand","embeddable":true,"href":"https:\/\/www.regionalis.shop\/bb-colletion\/wp-json\/wp\/v2\/product_brand?post=1063"},{"taxonomy":"product_cat","embeddable":true,"href":"https:\/\/www.regionalis.shop\/bb-colletion\/wp-json\/wp\/v2\/product_cat?post=1063"},{"taxonomy":"product_tag","embeddable":true,"href":"https:\/\/www.regionalis.shop\/bb-colletion\/wp-json\/wp\/v2\/product_tag?post=1063"}],"curies":[{"name":"wp","href":"https:\/\/api.w.org\/{rel}","templated":true}]}}