{"id":1051,"date":"2025-04-18T10:42:11","date_gmt":"2025-04-18T08:42:11","guid":{"rendered":"https:\/\/www.regionalis.shop\/beadylook\/product\/ohrringe-orange-2\/"},"modified":"2025-04-18T10:42:11","modified_gmt":"2025-04-18T08:42:11","slug":"ohrringe-orange-2","status":"publish","type":"product","link":"https:\/\/www.regionalis.shop\/beadylook\/shop\/ohrringe-orange-2\/","title":{"rendered":"Ohrringe &#8222;ORANGE&#8220;"},"content":{"rendered":"<p>Ohrringe ORANGE<br \/>\n&#8230; weibl. Vorname aus dem Englischen;<\/p>\n<p>Wie ein dunkler Flieder in der Bl\u00fcte, gepaart mit kr\u00e4ftigen orangen Tulpen, l\u00e4sst diese fr\u00fchlingshafte Farbkombination der hochwertigen Miyuki Delica Perlen die handangefertigten Ohrringe zu einem prachtvollen Accessoire aufleben.<\/p>\n<p>Nicht nur die ausgefallene 3D-Optik richtet durch seine Extravaganz alle Blicke auf dich, auch die runden Ohrstecker aus gestampften Edelstahl der Klasse 304 mit einer hochwertigen, goldfarbigen Vakuum Galvanisierung.<\/p>\n<p>Der ca 6 cm lange Ohrschmuck ist der perfekte modische Begleiter durch den Fr\u00fchling und den Sommer f\u00fcr ganz besondere Frauen.<\/p>\n<p>&#8222;Hand-With-Love-Made-Unikat&#8220;<\/p>\n<p> Made-with-Love-in-Tyrol<br \/>\n Materialeinkauf ausschlie\u00dflich innerhalb Europas <\/p>\n<p>&#8222;Freies Gewerbe&#8220; vorhanden, Abgabenfrei nach \u00a7333a GewO 1994!<\/p>\n","protected":false},"excerpt":{"rendered":"<p>Ohrringe ORANGE &#8230; weibl. Vorname aus dem Englischen; Wie ein dunkler Flieder in der Bl\u00fcte, gepaart mit kr\u00e4ftigen orangen Tulpen, l\u00e4sst diese fr\u00fchlingshafte Farbkombination der hochwertigen Miyuki Delica Perlen die handangefertigten Ohrringe zu einem prachtvollen Accessoire aufleben. Nicht nur die ausgefallene 3D-Optik richtet durch seine Extravaganz alle Blicke auf dich, auch die runden Ohrstecker aus &hellip; <a href=\"https:\/\/www.regionalis.shop\/beadylook\/shop\/ohrringe-orange-2\/\">Continued<\/a><\/p>\n","protected":false},"featured_media":1052,"template":"","meta":{"_acf_changed":false},"product_brand":[],"product_cat":[163,70],"product_tag":[],"class_list":{"0":"post-1051","1":"product","2":"type-product","3":"status-publish","4":"has-post-thumbnail","6":"product_cat-ohrringe","7":"product_cat-schmuck","9":"first","10":"instock","11":"purchasable","12":"product-type-simple"},"acf":[],"_links":{"self":[{"href":"https:\/\/www.regionalis.shop\/beadylook\/wp-json\/wp\/v2\/product\/1051","targetHints":{"allow":["GET"]}}],"collection":[{"href":"https:\/\/www.regionalis.shop\/beadylook\/wp-json\/wp\/v2\/product"}],"about":[{"href":"https:\/\/www.regionalis.shop\/beadylook\/wp-json\/wp\/v2\/types\/product"}],"wp:featuredmedia":[{"embeddable":true,"href":"https:\/\/www.regionalis.shop\/beadylook\/wp-json\/wp\/v2\/media\/1052"}],"wp:attachment":[{"href":"https:\/\/www.regionalis.shop\/beadylook\/wp-json\/wp\/v2\/media?parent=1051"}],"wp:term":[{"taxonomy":"product_brand","embeddable":true,"href":"https:\/\/www.regionalis.shop\/beadylook\/wp-json\/wp\/v2\/product_brand?post=1051"},{"taxonomy":"product_cat","embeddable":true,"href":"https:\/\/www.regionalis.shop\/beadylook\/wp-json\/wp\/v2\/product_cat?post=1051"},{"taxonomy":"product_tag","embeddable":true,"href":"https:\/\/www.regionalis.shop\/beadylook\/wp-json\/wp\/v2\/product_tag?post=1051"}],"curies":[{"name":"wp","href":"https:\/\/api.w.org\/{rel}","templated":true}]}}