{"id":1056,"date":"2025-04-18T10:37:57","date_gmt":"2025-04-18T08:37:57","guid":{"rendered":"https:\/\/www.regionalis.shop\/beadylook\/product\/ohrringe-orkida\/"},"modified":"2025-04-18T10:37:57","modified_gmt":"2025-04-18T08:37:57","slug":"ohrringe-orkida","status":"publish","type":"product","link":"https:\/\/www.regionalis.shop\/beadylook\/shop\/ohrringe-orkida\/","title":{"rendered":"Ohrringe &#8222;ORKIDA&#8220;"},"content":{"rendered":"<p>Ohrringe ORKIDA<br \/>\n&#8230; (kurd.) Orchidee;<\/p>\n<p>Die prachtvolle Bl\u00fctensch\u00f6nheit dieser Pflanze erstrahlt in wundersch\u00f6nen Farben und mit liebevollen Details, die f\u00fcr die Beschenkte Bewunderung traumhafter und stolzer Sch\u00f6nheit bedeuten.<\/p>\n<p>Beispielhaft hierf\u00fcr sind diese zarten Ohrringe, die mit gr\u00f6\u00dfter Sorgfalt und Genauigkeit in der Peyote-Technik handangefertigt wurden. Mit ihren ca. 6,5 cm L\u00e4nge mit Miyuki-Delica-Perlen in Rosa und strahlendem Weiss und den tropfenf\u00f6rmigen Ohrhaken aus hochglanz-poliertem Edelstahl der Klasse 304 mit einer hochwertigen, goldfarbigen Vakuum Galvanisierung, wird die Tr\u00e4gerin zur nonverbalen Botschafterin von Erhabenheit und Charisma.<\/p>\n<p>Ein Modeschmuckst\u00fcck mit Symbol f\u00fcr tiefe Leidenschaft.<\/p>\n<p>&#8222;Hand-With-Love-Made-Unikat&#8220;<\/p>\n<p> Made-with-Love-in-Tyrol<br \/>\n Materialeinkauf ausschlie\u00dflich innerhalb Europas <\/p>\n<p>&#8222;Freies Gewerbe&#8220; vorhanden, Abgabenfrei nach \u00a7333a GewO 1994!<\/p>\n","protected":false},"excerpt":{"rendered":"<p>Ohrringe ORKIDA &#8230; (kurd.) Orchidee; Die prachtvolle Bl\u00fctensch\u00f6nheit dieser Pflanze erstrahlt in wundersch\u00f6nen Farben und mit liebevollen Details, die f\u00fcr die Beschenkte Bewunderung traumhafter und stolzer Sch\u00f6nheit bedeuten. Beispielhaft hierf\u00fcr sind diese zarten Ohrringe, die mit gr\u00f6\u00dfter Sorgfalt und Genauigkeit in der Peyote-Technik handangefertigt wurden. Mit ihren ca. 6,5 cm L\u00e4nge mit Miyuki-Delica-Perlen in Rosa &hellip; <a href=\"https:\/\/www.regionalis.shop\/beadylook\/shop\/ohrringe-orkida\/\">Continued<\/a><\/p>\n","protected":false},"featured_media":1057,"template":"","meta":{"_acf_changed":false},"product_brand":[],"product_cat":[163,70],"product_tag":[],"class_list":{"0":"post-1056","1":"product","2":"type-product","3":"status-publish","4":"has-post-thumbnail","6":"product_cat-ohrringe","7":"product_cat-schmuck","9":"first","10":"instock","11":"purchasable","12":"product-type-simple"},"acf":[],"_links":{"self":[{"href":"https:\/\/www.regionalis.shop\/beadylook\/wp-json\/wp\/v2\/product\/1056","targetHints":{"allow":["GET"]}}],"collection":[{"href":"https:\/\/www.regionalis.shop\/beadylook\/wp-json\/wp\/v2\/product"}],"about":[{"href":"https:\/\/www.regionalis.shop\/beadylook\/wp-json\/wp\/v2\/types\/product"}],"wp:featuredmedia":[{"embeddable":true,"href":"https:\/\/www.regionalis.shop\/beadylook\/wp-json\/wp\/v2\/media\/1057"}],"wp:attachment":[{"href":"https:\/\/www.regionalis.shop\/beadylook\/wp-json\/wp\/v2\/media?parent=1056"}],"wp:term":[{"taxonomy":"product_brand","embeddable":true,"href":"https:\/\/www.regionalis.shop\/beadylook\/wp-json\/wp\/v2\/product_brand?post=1056"},{"taxonomy":"product_cat","embeddable":true,"href":"https:\/\/www.regionalis.shop\/beadylook\/wp-json\/wp\/v2\/product_cat?post=1056"},{"taxonomy":"product_tag","embeddable":true,"href":"https:\/\/www.regionalis.shop\/beadylook\/wp-json\/wp\/v2\/product_tag?post=1056"}],"curies":[{"name":"wp","href":"https:\/\/api.w.org\/{rel}","templated":true}]}}