{"id":1066,"date":"2025-04-18T10:18:52","date_gmt":"2025-04-18T08:18:52","guid":{"rendered":"https:\/\/www.regionalis.shop\/beadylook\/product\/ohrringe-orhe\/"},"modified":"2025-04-18T10:18:52","modified_gmt":"2025-04-18T08:18:52","slug":"ohrringe-orhe","status":"publish","type":"product","link":"https:\/\/www.regionalis.shop\/beadylook\/shop\/ohrringe-orhe\/","title":{"rendered":"Ohrringe &#8222;ORHE&#8220;"},"content":{"rendered":"<p>Ohrringe OHRE<br \/>\n.. (aram\u00e4isch) K\u00f6nigin;<\/p>\n<p>Diese \u00f6senf\u00f6rmigen Ohrringe angefertigt in sehr aufwendiger Handarbeit in der Peyote-Technik mit schwarzen und burgunderfarbenen qualitativ hochwertigen Miyuki-Delica-Perlen, lassen dich energievoll, selbstbewusst, entschlossen und kultiviert wirken. Das ca 5,5 cm lange Prachtst\u00fcck wird mit einfachen Ohrsteckern mit einer 4mm Kugel aus echtem 925 Silber und echt vergoldet getragen.<\/p>\n<p>Ein gut ausbalanciertes Design mit Rot &#038; Schwarz als dezentem Hauptdarsteller bietet dieses anschauliche Accessoire.<\/p>\n<p>&#8222;Hand-With-Love-Made-Unikat&#8220;<\/p>\n<p> Made-with-Love-in-Tyrol<br \/>\n Materialeinkauf ausschlie\u00dflich innerhalb Europas <\/p>\n<p>&#8222;Freies Gewerbe&#8220; vorhanden, Abgabenfrei nach \u00a7333a GewO 1994!<\/p>\n","protected":false},"excerpt":{"rendered":"<p>Ohrringe OHRE .. (aram\u00e4isch) K\u00f6nigin; Diese \u00f6senf\u00f6rmigen Ohrringe angefertigt in sehr aufwendiger Handarbeit in der Peyote-Technik mit schwarzen und burgunderfarbenen qualitativ hochwertigen Miyuki-Delica-Perlen, lassen dich energievoll, selbstbewusst, entschlossen und kultiviert wirken. Das ca 5,5 cm lange Prachtst\u00fcck wird mit einfachen Ohrsteckern mit einer 4mm Kugel aus echtem 925 Silber und echt vergoldet getragen. Ein gut &hellip; <a href=\"https:\/\/www.regionalis.shop\/beadylook\/shop\/ohrringe-orhe\/\">Continued<\/a><\/p>\n","protected":false},"featured_media":1067,"template":"","meta":{"_acf_changed":false},"product_brand":[],"product_cat":[163,70],"product_tag":[],"class_list":{"0":"post-1066","1":"product","2":"type-product","3":"status-publish","4":"has-post-thumbnail","6":"product_cat-ohrringe","7":"product_cat-schmuck","9":"first","10":"instock","11":"purchasable","12":"product-type-simple"},"acf":[],"_links":{"self":[{"href":"https:\/\/www.regionalis.shop\/beadylook\/wp-json\/wp\/v2\/product\/1066","targetHints":{"allow":["GET"]}}],"collection":[{"href":"https:\/\/www.regionalis.shop\/beadylook\/wp-json\/wp\/v2\/product"}],"about":[{"href":"https:\/\/www.regionalis.shop\/beadylook\/wp-json\/wp\/v2\/types\/product"}],"wp:featuredmedia":[{"embeddable":true,"href":"https:\/\/www.regionalis.shop\/beadylook\/wp-json\/wp\/v2\/media\/1067"}],"wp:attachment":[{"href":"https:\/\/www.regionalis.shop\/beadylook\/wp-json\/wp\/v2\/media?parent=1066"}],"wp:term":[{"taxonomy":"product_brand","embeddable":true,"href":"https:\/\/www.regionalis.shop\/beadylook\/wp-json\/wp\/v2\/product_brand?post=1066"},{"taxonomy":"product_cat","embeddable":true,"href":"https:\/\/www.regionalis.shop\/beadylook\/wp-json\/wp\/v2\/product_cat?post=1066"},{"taxonomy":"product_tag","embeddable":true,"href":"https:\/\/www.regionalis.shop\/beadylook\/wp-json\/wp\/v2\/product_tag?post=1066"}],"curies":[{"name":"wp","href":"https:\/\/api.w.org\/{rel}","templated":true}]}}