{"id":1071,"date":"2025-04-18T09:57:46","date_gmt":"2025-04-18T07:57:46","guid":{"rendered":"https:\/\/www.regionalis.shop\/beadylook\/product\/ohrringe-odilberta\/"},"modified":"2025-04-18T09:57:46","modified_gmt":"2025-04-18T07:57:46","slug":"ohrringe-odilberta","status":"publish","type":"product","link":"https:\/\/www.regionalis.shop\/beadylook\/shop\/ohrringe-odilberta\/","title":{"rendered":"Ohrringe &#8222;ODILBERTA&#8220;"},"content":{"rendered":"<p>Ohrringe ODILBERTA<br \/>\n&#8230; (Althochdeutsch) &#8222;die strahlende Besitzerin&#8220;;<\/p>\n<p>Schwarz steht f\u00fcr Eleganz, Seriosit\u00e4t, Wahrheit, Glaubw\u00fcrdigkeit und Verf\u00fchrung, w\u00e4hrend rosa eine feminine Farbe ist. Sie ist freundlich, romantisch, zart, charmant, s\u00fc\u00df und einf\u00fchlsam. <\/p>\n<p>Deshalb wird das Tragen dieser ca. 7,0 cm langen handgef\u00e4delten Ohrringe mit den zylinderf\u00f6rmigen Delica Perlen von Miyuki und den tropfenf\u00f6rmigen Ohrhaken aus hochglanz-poliertem Edelstahl der Klasse 304 mit einer hochwertigen, goldfarbigen Vakuum Galvanisierung, jede Frau gl\u00fccklich erstrahlen lassen.<\/p>\n<p>Die 3D-f\u00f6rmige \u00d6senform ist extravagant und besonders.<\/p>\n<p>&#8222;Hand-With-Love-Made-Unikat&#8220;<\/p>\n<p> Made-with-Love-in-Tyrol<br \/>\n Materialeinkauf ausschlie\u00dflich innerhalb Europas <\/p>\n<p>&#8222;Freies Gewerbe&#8220; vorhanden, Abgabenfrei nach \u00a7333a GewO 1994!<\/p>\n","protected":false},"excerpt":{"rendered":"<p>Ohrringe ODILBERTA &#8230; (Althochdeutsch) &#8222;die strahlende Besitzerin&#8220;; Schwarz steht f\u00fcr Eleganz, Seriosit\u00e4t, Wahrheit, Glaubw\u00fcrdigkeit und Verf\u00fchrung, w\u00e4hrend rosa eine feminine Farbe ist. Sie ist freundlich, romantisch, zart, charmant, s\u00fc\u00df und einf\u00fchlsam. Deshalb wird das Tragen dieser ca. 7,0 cm langen handgef\u00e4delten Ohrringe mit den zylinderf\u00f6rmigen Delica Perlen von Miyuki und den tropfenf\u00f6rmigen Ohrhaken aus hochglanz-poliertem &hellip; <a href=\"https:\/\/www.regionalis.shop\/beadylook\/shop\/ohrringe-odilberta\/\">Continued<\/a><\/p>\n","protected":false},"featured_media":1072,"template":"","meta":{"_acf_changed":false},"product_brand":[],"product_cat":[163,70],"product_tag":[],"class_list":{"0":"post-1071","1":"product","2":"type-product","3":"status-publish","4":"has-post-thumbnail","6":"product_cat-ohrringe","7":"product_cat-schmuck","9":"first","10":"instock","11":"purchasable","12":"product-type-simple"},"acf":[],"_links":{"self":[{"href":"https:\/\/www.regionalis.shop\/beadylook\/wp-json\/wp\/v2\/product\/1071","targetHints":{"allow":["GET"]}}],"collection":[{"href":"https:\/\/www.regionalis.shop\/beadylook\/wp-json\/wp\/v2\/product"}],"about":[{"href":"https:\/\/www.regionalis.shop\/beadylook\/wp-json\/wp\/v2\/types\/product"}],"wp:featuredmedia":[{"embeddable":true,"href":"https:\/\/www.regionalis.shop\/beadylook\/wp-json\/wp\/v2\/media\/1072"}],"wp:attachment":[{"href":"https:\/\/www.regionalis.shop\/beadylook\/wp-json\/wp\/v2\/media?parent=1071"}],"wp:term":[{"taxonomy":"product_brand","embeddable":true,"href":"https:\/\/www.regionalis.shop\/beadylook\/wp-json\/wp\/v2\/product_brand?post=1071"},{"taxonomy":"product_cat","embeddable":true,"href":"https:\/\/www.regionalis.shop\/beadylook\/wp-json\/wp\/v2\/product_cat?post=1071"},{"taxonomy":"product_tag","embeddable":true,"href":"https:\/\/www.regionalis.shop\/beadylook\/wp-json\/wp\/v2\/product_tag?post=1071"}],"curies":[{"name":"wp","href":"https:\/\/api.w.org\/{rel}","templated":true}]}}