{"id":1081,"date":"2025-04-18T09:49:47","date_gmt":"2025-04-18T07:49:47","guid":{"rendered":"https:\/\/www.regionalis.shop\/beadylook\/product\/ohrringe-oceana\/"},"modified":"2025-04-18T09:49:47","modified_gmt":"2025-04-18T07:49:47","slug":"ohrringe-oceana","status":"publish","type":"product","link":"https:\/\/www.regionalis.shop\/beadylook\/shop\/ohrringe-oceana\/","title":{"rendered":"Ohrringe &#8222;OCEANA&#8220;"},"content":{"rendered":"<p>Ohrringe OCEANA<br \/>\n&#8230; Gebrauch des franz\u00f6sischen Wortes f\u00fcr &#8218;Ozean&#8216; als Vorname;<\/p>\n<p>Frei wie auf einem offenen Weltmeer wird sich jede Frau beim Tragen dieser ca 6,5 cm langen Ohrringe mit den hochwertigen Miyuki-Delica-Perlen in Deep Aqua Blue Metallic Duracoat galvanisiert und Alabaster mit Silbereinzug f\u00fchlen. Die dreiecksf\u00f6rmigen Ohrstecker und zwei Ringen aus Edelstahl der Klasse 304 &#8211; allergenfrei und korrosionsbest\u00e4ndig &#8211; garantieren einen hohen Tragekomfort und lassen durch dieses handgef\u00e4delte, 3D-f\u00f6rmige Prachtst\u00fcck jedes Aussehen zum gesch\u00e4tzten Ansehen werden.<\/p>\n<p>Beeindrucke dich selbst und deine Umwelt.<\/p>\n<p>&#8222;Hand-With-Love-Made-Unikat&#8220;<\/p>\n<p> Made-with-Love-in-Tyrol<br \/>\n Materialeinkauf ausschlie\u00dflich innerhalb Europas <\/p>\n<p>&#8222;Freies Gewerbe&#8220; vorhanden, Abgabenfrei nach \u00a7333a GewO 1994!<\/p>\n","protected":false},"excerpt":{"rendered":"<p>Ohrringe OCEANA &#8230; Gebrauch des franz\u00f6sischen Wortes f\u00fcr &#8218;Ozean&#8216; als Vorname; Frei wie auf einem offenen Weltmeer wird sich jede Frau beim Tragen dieser ca 6,5 cm langen Ohrringe mit den hochwertigen Miyuki-Delica-Perlen in Deep Aqua Blue Metallic Duracoat galvanisiert und Alabaster mit Silbereinzug f\u00fchlen. Die dreiecksf\u00f6rmigen Ohrstecker und zwei Ringen aus Edelstahl der Klasse &hellip; <a href=\"https:\/\/www.regionalis.shop\/beadylook\/shop\/ohrringe-oceana\/\">Continued<\/a><\/p>\n","protected":false},"featured_media":1082,"template":"","meta":{"_acf_changed":false},"product_brand":[],"product_cat":[163,70],"product_tag":[],"class_list":{"0":"post-1081","1":"product","2":"type-product","3":"status-publish","4":"has-post-thumbnail","6":"product_cat-ohrringe","7":"product_cat-schmuck","9":"first","10":"instock","11":"purchasable","12":"product-type-simple"},"acf":[],"_links":{"self":[{"href":"https:\/\/www.regionalis.shop\/beadylook\/wp-json\/wp\/v2\/product\/1081","targetHints":{"allow":["GET"]}}],"collection":[{"href":"https:\/\/www.regionalis.shop\/beadylook\/wp-json\/wp\/v2\/product"}],"about":[{"href":"https:\/\/www.regionalis.shop\/beadylook\/wp-json\/wp\/v2\/types\/product"}],"wp:featuredmedia":[{"embeddable":true,"href":"https:\/\/www.regionalis.shop\/beadylook\/wp-json\/wp\/v2\/media\/1082"}],"wp:attachment":[{"href":"https:\/\/www.regionalis.shop\/beadylook\/wp-json\/wp\/v2\/media?parent=1081"}],"wp:term":[{"taxonomy":"product_brand","embeddable":true,"href":"https:\/\/www.regionalis.shop\/beadylook\/wp-json\/wp\/v2\/product_brand?post=1081"},{"taxonomy":"product_cat","embeddable":true,"href":"https:\/\/www.regionalis.shop\/beadylook\/wp-json\/wp\/v2\/product_cat?post=1081"},{"taxonomy":"product_tag","embeddable":true,"href":"https:\/\/www.regionalis.shop\/beadylook\/wp-json\/wp\/v2\/product_tag?post=1081"}],"curies":[{"name":"wp","href":"https:\/\/api.w.org\/{rel}","templated":true}]}}