{"id":1086,"date":"2025-04-18T09:35:49","date_gmt":"2025-04-18T07:35:49","guid":{"rendered":"https:\/\/www.regionalis.shop\/beadylook\/product\/schluesselanhaenger-ukraine\/"},"modified":"2025-04-18T09:35:49","modified_gmt":"2025-04-18T07:35:49","slug":"schluesselanhaenger-ukraine","status":"publish","type":"product","link":"https:\/\/www.regionalis.shop\/beadylook\/shop\/schluesselanhaenger-ukraine\/","title":{"rendered":"Schl\u00fcsselanh\u00e4nger &#8222;Ukraine&#8220;"},"content":{"rendered":"<p>Schl\u00fcsselanh\u00e4nger &#8222;UKRAINE&#8220; &#8230;<\/p>\n<p>&#8230;. ein Zeichen setzen &#8211; und das mehrmals t\u00e4glich.<\/p>\n<p>Diese wundersch\u00f6ne, aufwendige Handarbeit in der Peyote-Technik gef\u00e4delt und mit hochwertigen Materialien verarbeitet (Miyuki-Delica-Perlen in sch\u00f6nem reifen Zitronengelb mit Regenbogen-Glanzbeschichtung und Petrolblau mit verspielten Farbnuancen), wandelt diesen ca 10&#215;2 cm langen Schl\u00fcsselanh\u00e4nger in ein ausdrucksvolles Accessoire um.<\/p>\n<p>Ein symbolisches Mantra!<\/p>\n<p>&#8222;Hand-With-Love-Made-Unikat&#8220;<\/p>\n<p> Made-with-Love-in-Tyrol<br \/>\n Materialeinkauf ausschlie\u00dflich innerhalb Europas<br \/>\n&#8222;Freies Gewerbe&#8220; vorhanden, Abgabenfrei nach \u00a7333a GewO 1994!<\/p>\n","protected":false},"excerpt":{"rendered":"<p>Schl\u00fcsselanh\u00e4nger &#8222;UKRAINE&#8220; &#8230; &#8230;. ein Zeichen setzen &#8211; und das mehrmals t\u00e4glich. Diese wundersch\u00f6ne, aufwendige Handarbeit in der Peyote-Technik gef\u00e4delt und mit hochwertigen Materialien verarbeitet (Miyuki-Delica-Perlen in sch\u00f6nem reifen Zitronengelb mit Regenbogen-Glanzbeschichtung und Petrolblau mit verspielten Farbnuancen), wandelt diesen ca 10&#215;2 cm langen Schl\u00fcsselanh\u00e4nger in ein ausdrucksvolles Accessoire um. Ein symbolisches Mantra! &#8222;Hand-With-Love-Made-Unikat&#8220; Made-with-Love-in-Tyrol Materialeinkauf &hellip; <a href=\"https:\/\/www.regionalis.shop\/beadylook\/shop\/schluesselanhaenger-ukraine\/\">Continued<\/a><\/p>\n","protected":false},"featured_media":1087,"template":"","meta":{"_acf_changed":false},"product_brand":[],"product_cat":[37,68],"product_tag":[],"class_list":{"0":"post-1086","1":"product","2":"type-product","3":"status-publish","4":"has-post-thumbnail","6":"product_cat-accessoires","7":"product_cat-schluesselanhaenger","9":"first","10":"instock","11":"purchasable","12":"product-type-simple"},"acf":[],"_links":{"self":[{"href":"https:\/\/www.regionalis.shop\/beadylook\/wp-json\/wp\/v2\/product\/1086","targetHints":{"allow":["GET"]}}],"collection":[{"href":"https:\/\/www.regionalis.shop\/beadylook\/wp-json\/wp\/v2\/product"}],"about":[{"href":"https:\/\/www.regionalis.shop\/beadylook\/wp-json\/wp\/v2\/types\/product"}],"wp:featuredmedia":[{"embeddable":true,"href":"https:\/\/www.regionalis.shop\/beadylook\/wp-json\/wp\/v2\/media\/1087"}],"wp:attachment":[{"href":"https:\/\/www.regionalis.shop\/beadylook\/wp-json\/wp\/v2\/media?parent=1086"}],"wp:term":[{"taxonomy":"product_brand","embeddable":true,"href":"https:\/\/www.regionalis.shop\/beadylook\/wp-json\/wp\/v2\/product_brand?post=1086"},{"taxonomy":"product_cat","embeddable":true,"href":"https:\/\/www.regionalis.shop\/beadylook\/wp-json\/wp\/v2\/product_cat?post=1086"},{"taxonomy":"product_tag","embeddable":true,"href":"https:\/\/www.regionalis.shop\/beadylook\/wp-json\/wp\/v2\/product_tag?post=1086"}],"curies":[{"name":"wp","href":"https:\/\/api.w.org\/{rel}","templated":true}]}}