{"id":1091,"date":"2025-04-18T09:25:34","date_gmt":"2025-04-18T07:25:34","guid":{"rendered":"https:\/\/www.regionalis.shop\/beadylook\/product\/armband-cala\/"},"modified":"2025-04-18T09:25:34","modified_gmt":"2025-04-18T07:25:34","slug":"armband-cala","status":"publish","type":"product","link":"https:\/\/www.regionalis.shop\/beadylook\/shop\/armband-cala\/","title":{"rendered":"Armband CALA"},"content":{"rendered":"<p>&#8230; &#8222;die Burg, die Festung&#8220; (arab).<\/p>\n<p>&#8222;Cala&#8220;, ein ausgesprochen seltener Name und jede Frau, die so gerufen wird, darf sich als etwas ganz Besonderes f\u00fchlen &#8211; nicht zuletzt wie eine Burgherrin.<\/p>\n<p>Reichtum und Ansehen spiegelt auch dieses wundersch\u00f6ne, schimmernde Armband, das mit den facettierten Glasschliffperlen in dunkelblau metallic und wei\u00df und den silberfarbenen, matten Metallic-Rocailles zu Bl\u00fctenbl\u00e4ttern gef\u00e4delt wurde und mit einem hochwertigen, verspielten Knebelverschluss aus Edelstahl und zwei Spaltringen mit einer L\u00e4nge von ca 19,5 cm dein Handgelenk ziert.<\/p>\n<p>Ein echtes Glanzst\u00fcck f\u00fcr jede Garderobe.<\/p>\n<p>&#8222;Hand-With-Love-Made-Unikat&#8220;<\/p>\n<p> Made-with-Love-in-Tyrol<br \/>\n Materialeinkauf ausschlie\u00dflich innerhalb Europas <\/p>\n<p>&#8222;Freies Gewerbe&#8220; vorhanden, Abgabenfrei nach \u00a7333a GewO 1994!<\/p>\n","protected":false},"excerpt":{"rendered":"<p>&#8230; &#8222;die Burg, die Festung&#8220; (arab). &#8222;Cala&#8220;, ein ausgesprochen seltener Name und jede Frau, die so gerufen wird, darf sich als etwas ganz Besonderes f\u00fchlen &#8211; nicht zuletzt wie eine Burgherrin. Reichtum und Ansehen spiegelt auch dieses wundersch\u00f6ne, schimmernde Armband, das mit den facettierten Glasschliffperlen in dunkelblau metallic und wei\u00df und den silberfarbenen, matten Metallic-Rocailles &hellip; <a href=\"https:\/\/www.regionalis.shop\/beadylook\/shop\/armband-cala\/\">Continued<\/a><\/p>\n","protected":false},"featured_media":1092,"template":"","meta":{"_acf_changed":false},"product_brand":[],"product_cat":[110,70],"product_tag":[],"class_list":{"0":"post-1091","1":"product","2":"type-product","3":"status-publish","4":"has-post-thumbnail","6":"product_cat-armbaender","7":"product_cat-schmuck","9":"first","10":"instock","11":"purchasable","12":"product-type-simple"},"acf":[],"_links":{"self":[{"href":"https:\/\/www.regionalis.shop\/beadylook\/wp-json\/wp\/v2\/product\/1091","targetHints":{"allow":["GET"]}}],"collection":[{"href":"https:\/\/www.regionalis.shop\/beadylook\/wp-json\/wp\/v2\/product"}],"about":[{"href":"https:\/\/www.regionalis.shop\/beadylook\/wp-json\/wp\/v2\/types\/product"}],"wp:featuredmedia":[{"embeddable":true,"href":"https:\/\/www.regionalis.shop\/beadylook\/wp-json\/wp\/v2\/media\/1092"}],"wp:attachment":[{"href":"https:\/\/www.regionalis.shop\/beadylook\/wp-json\/wp\/v2\/media?parent=1091"}],"wp:term":[{"taxonomy":"product_brand","embeddable":true,"href":"https:\/\/www.regionalis.shop\/beadylook\/wp-json\/wp\/v2\/product_brand?post=1091"},{"taxonomy":"product_cat","embeddable":true,"href":"https:\/\/www.regionalis.shop\/beadylook\/wp-json\/wp\/v2\/product_cat?post=1091"},{"taxonomy":"product_tag","embeddable":true,"href":"https:\/\/www.regionalis.shop\/beadylook\/wp-json\/wp\/v2\/product_tag?post=1091"}],"curies":[{"name":"wp","href":"https:\/\/api.w.org\/{rel}","templated":true}]}}