{"id":1096,"date":"2025-04-18T09:14:26","date_gmt":"2025-04-18T07:14:26","guid":{"rendered":"https:\/\/www.regionalis.shop\/beadylook\/product\/ohrringe-pingkan\/"},"modified":"2025-04-18T09:14:26","modified_gmt":"2025-04-18T07:14:26","slug":"ohrringe-pingkan","status":"publish","type":"product","link":"https:\/\/www.regionalis.shop\/beadylook\/shop\/ohrringe-pingkan\/","title":{"rendered":"Ohrringe &#8222;PINGKAN&#8220;"},"content":{"rendered":"<p>Ohrringe PINGKAN<br \/>\n&#8230; &#8222;Prinzessin&#8220; auf indonesisch.<\/p>\n<p>Dieses Accessoire im Prinzessinnen-Stil \u00fcberzeugt vertr\u00e4umte Frauen und lassen sie charmant und reizend aussehen.<\/p>\n<p>Das tropfenf\u00f6rmige Hohlraumelement aus Edelstahl der Klasse 304 wurde mit hochwertigen Miyuki Delica Perlen in zartrosa umf\u00e4delt und mit einem h\u00fcbschen H\u00e4ngeelement gekr\u00f6nt, das mit einem funkelnden Swarovski Bicone, einer lachsfarbenen Glaswachsperle, einer Gro\u00dflochperle besetzt mit pr\u00e4zise geschliffenen Swarovski-Glaskristallsteinen und einer Polaris-Kegel-Perle in Padparadscha matt designet wurde.<\/p>\n<p>Das seltene Prachtst\u00fcck bietet Dank des praktischen Steckverschlusses aus Edelstahl der Klasse 304 eine hohe Tragsicherheit und Komfort.<\/p>\n<p>Perfekter, edler Schmuck zur Abendgarderobe f\u00fcr besondere Anl\u00e4sse.<\/p>\n<p>&#8222;Hand-With-Love-Made-Unikat&#8220;<\/p>\n<p> Made-with-Love-in-Tyrol<br \/>\n Materialeinkauf ausschlie\u00dflich innerhalb Europas <\/p>\n<p>&#8222;Freies Gewerbe&#8220; vorhanden, Abgabenfrei nach \u00a7333a GewO 1994!<\/p>\n","protected":false},"excerpt":{"rendered":"<p>Ohrringe PINGKAN &#8230; &#8222;Prinzessin&#8220; auf indonesisch. Dieses Accessoire im Prinzessinnen-Stil \u00fcberzeugt vertr\u00e4umte Frauen und lassen sie charmant und reizend aussehen. Das tropfenf\u00f6rmige Hohlraumelement aus Edelstahl der Klasse 304 wurde mit hochwertigen Miyuki Delica Perlen in zartrosa umf\u00e4delt und mit einem h\u00fcbschen H\u00e4ngeelement gekr\u00f6nt, das mit einem funkelnden Swarovski Bicone, einer lachsfarbenen Glaswachsperle, einer Gro\u00dflochperle besetzt &hellip; <a href=\"https:\/\/www.regionalis.shop\/beadylook\/shop\/ohrringe-pingkan\/\">Continued<\/a><\/p>\n","protected":false},"featured_media":1097,"template":"","meta":{"_acf_changed":false},"product_brand":[],"product_cat":[163,70],"product_tag":[],"class_list":{"0":"post-1096","1":"product","2":"type-product","3":"status-publish","4":"has-post-thumbnail","6":"product_cat-ohrringe","7":"product_cat-schmuck","9":"first","10":"instock","11":"purchasable","12":"product-type-simple"},"acf":[],"_links":{"self":[{"href":"https:\/\/www.regionalis.shop\/beadylook\/wp-json\/wp\/v2\/product\/1096","targetHints":{"allow":["GET"]}}],"collection":[{"href":"https:\/\/www.regionalis.shop\/beadylook\/wp-json\/wp\/v2\/product"}],"about":[{"href":"https:\/\/www.regionalis.shop\/beadylook\/wp-json\/wp\/v2\/types\/product"}],"wp:featuredmedia":[{"embeddable":true,"href":"https:\/\/www.regionalis.shop\/beadylook\/wp-json\/wp\/v2\/media\/1097"}],"wp:attachment":[{"href":"https:\/\/www.regionalis.shop\/beadylook\/wp-json\/wp\/v2\/media?parent=1096"}],"wp:term":[{"taxonomy":"product_brand","embeddable":true,"href":"https:\/\/www.regionalis.shop\/beadylook\/wp-json\/wp\/v2\/product_brand?post=1096"},{"taxonomy":"product_cat","embeddable":true,"href":"https:\/\/www.regionalis.shop\/beadylook\/wp-json\/wp\/v2\/product_cat?post=1096"},{"taxonomy":"product_tag","embeddable":true,"href":"https:\/\/www.regionalis.shop\/beadylook\/wp-json\/wp\/v2\/product_tag?post=1096"}],"curies":[{"name":"wp","href":"https:\/\/api.w.org\/{rel}","templated":true}]}}