{"id":1101,"date":"2025-04-18T09:06:17","date_gmt":"2025-04-18T07:06:17","guid":{"rendered":"https:\/\/www.regionalis.shop\/beadylook\/product\/armband-carina\/"},"modified":"2025-04-18T09:06:17","modified_gmt":"2025-04-18T07:06:17","slug":"armband-carina","status":"publish","type":"product","link":"https:\/\/www.regionalis.shop\/beadylook\/shop\/armband-carina\/","title":{"rendered":"Armband CARINA"},"content":{"rendered":"<p>&#8230; &#8222;h\u00fcbsch, lieb, teuer&#8220; (ital.),<\/p>\n<p>Miyuki-Glasperlen gelten aufgrund ihrer hohen Qualit\u00e4t als &#8222;Weltstandard&#8220;, Farbbrillanz und einheitliche Form. Dadurch bringt dieses handangefertigte Accessoire mit Miyuki Rocailles 11\/0 in Elfenbeinwei\u00df opak mit Luster und Blaugr\u00fcn (mit Silbereinzug, matt) gef\u00e4delt, jeder liebenswerten Frau die es tr\u00e4gt, ein noch netteres L\u00e4cheln auf die Lippen, als man von ihr gewohnt ist.<\/p>\n<p>Dieses ca 18,5 cm lange h\u00fcbsche Armband wird mit einer ovalen, hochwertigen Polaris Magnetschlie\u00dfe In Celyon Creme und zwei Edelstahl Spaltringen zusammen gehalten.<\/p>\n<p>Magnetverschl\u00fcsse sollten immer seitlich auseinander geschoben werden.<\/p>\n<p>&#8222;Hand-With-Love-Made-Unikat&#8220;<\/p>\n<p> Made-with-Love-in-Tyrol<br \/>\n Materialeinkauf ausschlie\u00dflich innerhalb Europas <\/p>\n<p>&#8222;Freies Gewerbe&#8220; vorhanden, Abgabenfrei nach \u00a7333a GewO 1994!<\/p>\n","protected":false},"excerpt":{"rendered":"<p>&#8230; &#8222;h\u00fcbsch, lieb, teuer&#8220; (ital.), Miyuki-Glasperlen gelten aufgrund ihrer hohen Qualit\u00e4t als &#8222;Weltstandard&#8220;, Farbbrillanz und einheitliche Form. Dadurch bringt dieses handangefertigte Accessoire mit Miyuki Rocailles 11\/0 in Elfenbeinwei\u00df opak mit Luster und Blaugr\u00fcn (mit Silbereinzug, matt) gef\u00e4delt, jeder liebenswerten Frau die es tr\u00e4gt, ein noch netteres L\u00e4cheln auf die Lippen, als man von ihr gewohnt &hellip; <a href=\"https:\/\/www.regionalis.shop\/beadylook\/shop\/armband-carina\/\">Continued<\/a><\/p>\n","protected":false},"featured_media":1102,"template":"","meta":{"_acf_changed":false},"product_brand":[],"product_cat":[110,70],"product_tag":[],"class_list":{"0":"post-1101","1":"product","2":"type-product","3":"status-publish","4":"has-post-thumbnail","6":"product_cat-armbaender","7":"product_cat-schmuck","9":"first","10":"instock","11":"purchasable","12":"product-type-simple"},"acf":[],"_links":{"self":[{"href":"https:\/\/www.regionalis.shop\/beadylook\/wp-json\/wp\/v2\/product\/1101","targetHints":{"allow":["GET"]}}],"collection":[{"href":"https:\/\/www.regionalis.shop\/beadylook\/wp-json\/wp\/v2\/product"}],"about":[{"href":"https:\/\/www.regionalis.shop\/beadylook\/wp-json\/wp\/v2\/types\/product"}],"wp:featuredmedia":[{"embeddable":true,"href":"https:\/\/www.regionalis.shop\/beadylook\/wp-json\/wp\/v2\/media\/1102"}],"wp:attachment":[{"href":"https:\/\/www.regionalis.shop\/beadylook\/wp-json\/wp\/v2\/media?parent=1101"}],"wp:term":[{"taxonomy":"product_brand","embeddable":true,"href":"https:\/\/www.regionalis.shop\/beadylook\/wp-json\/wp\/v2\/product_brand?post=1101"},{"taxonomy":"product_cat","embeddable":true,"href":"https:\/\/www.regionalis.shop\/beadylook\/wp-json\/wp\/v2\/product_cat?post=1101"},{"taxonomy":"product_tag","embeddable":true,"href":"https:\/\/www.regionalis.shop\/beadylook\/wp-json\/wp\/v2\/product_tag?post=1101"}],"curies":[{"name":"wp","href":"https:\/\/api.w.org\/{rel}","templated":true}]}}