{"id":1116,"date":"2025-04-18T08:08:01","date_gmt":"2025-04-18T06:08:01","guid":{"rendered":"https:\/\/www.regionalis.shop\/beadylook\/product\/ohrringe-parisa\/"},"modified":"2025-04-18T08:08:01","modified_gmt":"2025-04-18T06:08:01","slug":"ohrringe-parisa","status":"publish","type":"product","link":"https:\/\/www.regionalis.shop\/beadylook\/shop\/ohrringe-parisa\/","title":{"rendered":"Ohrringe PARISA"},"content":{"rendered":"<p>Ohrringe PARISA<\/p>\n<p>PARISA &#8230; &#8222;die Ehrw\u00fcrdige, die Sch\u00f6ne, die Herrliche &#8220; (aus dem Persischen).<\/p>\n<p>Mit diesen handangefertigten Ohrringen mit einer attraktiven leuchtenden Polarisperle in Rostorange mattiert, getragen von einem filigranen, bl\u00fctenf\u00f6rmigen Schmuckelement aus Messing in Rostbraun und gekr\u00f6nt mit einer runden brozenfarbigen, facettierten Glasperle ist dir deine uneingeschr\u00e4nkte Aufmerksamkeit garantiert. Die schlichten Ohrhaken aus Edelstahl der Klasse 304 mit einer hochwertigen, langlebigen, goldenen Vakuum Galvanisierung geben dem Accessoire einen edlen Abschluss. <\/p>\n<p>Ein Bild von Eleganz.<\/p>\n<p>Made-with-Love-in-Tyrol<br \/>\nMaterialeinkauf ausschlie\u00dflich innerhalb Europas<br \/>\n&#8222;Freies Gewerbe&#8220; vorhanden, Abgabenfrei nach \u00a7333a GewO 1994!<\/p>\n","protected":false},"excerpt":{"rendered":"<p>Ohrringe PARISA PARISA &#8230; &#8222;die Ehrw\u00fcrdige, die Sch\u00f6ne, die Herrliche &#8220; (aus dem Persischen). Mit diesen handangefertigten Ohrringen mit einer attraktiven leuchtenden Polarisperle in Rostorange mattiert, getragen von einem filigranen, bl\u00fctenf\u00f6rmigen Schmuckelement aus Messing in Rostbraun und gekr\u00f6nt mit einer runden brozenfarbigen, facettierten Glasperle ist dir deine uneingeschr\u00e4nkte Aufmerksamkeit garantiert. Die schlichten Ohrhaken aus Edelstahl &hellip; <a href=\"https:\/\/www.regionalis.shop\/beadylook\/shop\/ohrringe-parisa\/\">Continued<\/a><\/p>\n","protected":false},"featured_media":1117,"template":"","meta":{"_acf_changed":false},"product_brand":[],"product_cat":[163,70],"product_tag":[],"class_list":{"0":"post-1116","1":"product","2":"type-product","3":"status-publish","4":"has-post-thumbnail","6":"product_cat-ohrringe","7":"product_cat-schmuck","9":"first","10":"instock","11":"purchasable","12":"product-type-simple"},"acf":[],"_links":{"self":[{"href":"https:\/\/www.regionalis.shop\/beadylook\/wp-json\/wp\/v2\/product\/1116","targetHints":{"allow":["GET"]}}],"collection":[{"href":"https:\/\/www.regionalis.shop\/beadylook\/wp-json\/wp\/v2\/product"}],"about":[{"href":"https:\/\/www.regionalis.shop\/beadylook\/wp-json\/wp\/v2\/types\/product"}],"wp:featuredmedia":[{"embeddable":true,"href":"https:\/\/www.regionalis.shop\/beadylook\/wp-json\/wp\/v2\/media\/1117"}],"wp:attachment":[{"href":"https:\/\/www.regionalis.shop\/beadylook\/wp-json\/wp\/v2\/media?parent=1116"}],"wp:term":[{"taxonomy":"product_brand","embeddable":true,"href":"https:\/\/www.regionalis.shop\/beadylook\/wp-json\/wp\/v2\/product_brand?post=1116"},{"taxonomy":"product_cat","embeddable":true,"href":"https:\/\/www.regionalis.shop\/beadylook\/wp-json\/wp\/v2\/product_cat?post=1116"},{"taxonomy":"product_tag","embeddable":true,"href":"https:\/\/www.regionalis.shop\/beadylook\/wp-json\/wp\/v2\/product_tag?post=1116"}],"curies":[{"name":"wp","href":"https:\/\/api.w.org\/{rel}","templated":true}]}}