{"id":1131,"date":"2025-04-18T07:36:05","date_gmt":"2025-04-18T05:36:05","guid":{"rendered":"https:\/\/www.regionalis.shop\/beadylook\/product\/ohrringe-creolen-smaragda\/"},"modified":"2025-04-18T07:36:05","modified_gmt":"2025-04-18T05:36:05","slug":"ohrringe-creolen-smaragda","status":"publish","type":"product","link":"https:\/\/www.regionalis.shop\/beadylook\/shop\/ohrringe-creolen-smaragda\/","title":{"rendered":"Ohrringe Creolen &#8222;SMARAGDA&#8220;"},"content":{"rendered":"<p>Modisch &#8211; schick &#8211; einfach.<\/p>\n<p>Diese bezaubernden Creolen aus rhodiniertem 925er Sterling Silber haben einen Durchmesser von 20 mm und wurden mit viel Liebe im stilvollen &#8222;BeadyLook&#8220;-Design von Hand im Ziegelstich gef\u00e4delt mit Miyuki-Delica-Perlen 11\/0 (1,6 mm) in Metallicblau mit Lillastich matt und Smaragdgr\u00fcn Luster.<\/p>\n<p>Die gew\u00e4hlte Farbkombination l\u00e4sst die Ohrringe leuchten und bilden einen funkelnden Rahmen um dein Gesicht. Zu vielen Anl\u00e4ssen sind sie die richtige Wahl. Der Clip-Verschluss erleichtert das Styling am Ohrl\u00e4ppchen.<\/p>\n<p>Silberschmuck soll am besten luftdicht in einem Samttuch oder einer Schatulle aufbewahrt werden um ein schnelles Sulfieren (Anlaufen) zu vermeiden.<\/p>\n<p> Made-with-Love-in-Tyrol<br \/>\n Materialeinkauf ausschlie\u00dflich innerhalb Europas <\/p>\n<p>&#8222;Freies Gewerbe&#8220; vorhanden, Abgabenfrei nach \u00a7333a GewO 1994!<\/p>\n","protected":false},"excerpt":{"rendered":"<p>Modisch &#8211; schick &#8211; einfach. Diese bezaubernden Creolen aus rhodiniertem 925er Sterling Silber haben einen Durchmesser von 20 mm und wurden mit viel Liebe im stilvollen &#8222;BeadyLook&#8220;-Design von Hand im Ziegelstich gef\u00e4delt mit Miyuki-Delica-Perlen 11\/0 (1,6 mm) in Metallicblau mit Lillastich matt und Smaragdgr\u00fcn Luster. Die gew\u00e4hlte Farbkombination l\u00e4sst die Ohrringe leuchten und bilden einen &hellip; <a href=\"https:\/\/www.regionalis.shop\/beadylook\/shop\/ohrringe-creolen-smaragda\/\">Continued<\/a><\/p>\n","protected":false},"featured_media":1132,"template":"","meta":{"_acf_changed":false},"product_brand":[],"product_cat":[163,70],"product_tag":[],"class_list":{"0":"post-1131","1":"product","2":"type-product","3":"status-publish","4":"has-post-thumbnail","6":"product_cat-ohrringe","7":"product_cat-schmuck","9":"first","10":"instock","11":"purchasable","12":"product-type-simple"},"acf":[],"_links":{"self":[{"href":"https:\/\/www.regionalis.shop\/beadylook\/wp-json\/wp\/v2\/product\/1131","targetHints":{"allow":["GET"]}}],"collection":[{"href":"https:\/\/www.regionalis.shop\/beadylook\/wp-json\/wp\/v2\/product"}],"about":[{"href":"https:\/\/www.regionalis.shop\/beadylook\/wp-json\/wp\/v2\/types\/product"}],"wp:featuredmedia":[{"embeddable":true,"href":"https:\/\/www.regionalis.shop\/beadylook\/wp-json\/wp\/v2\/media\/1132"}],"wp:attachment":[{"href":"https:\/\/www.regionalis.shop\/beadylook\/wp-json\/wp\/v2\/media?parent=1131"}],"wp:term":[{"taxonomy":"product_brand","embeddable":true,"href":"https:\/\/www.regionalis.shop\/beadylook\/wp-json\/wp\/v2\/product_brand?post=1131"},{"taxonomy":"product_cat","embeddable":true,"href":"https:\/\/www.regionalis.shop\/beadylook\/wp-json\/wp\/v2\/product_cat?post=1131"},{"taxonomy":"product_tag","embeddable":true,"href":"https:\/\/www.regionalis.shop\/beadylook\/wp-json\/wp\/v2\/product_tag?post=1131"}],"curies":[{"name":"wp","href":"https:\/\/api.w.org\/{rel}","templated":true}]}}